{"id":830,"date":"2020-02-21T13:54:13","date_gmt":"2020-02-21T12:54:13","guid":{"rendered":"http:\/\/pureline2.dkonto.pl\/?post_type=product&#038;p=830"},"modified":"2023-10-26T15:33:28","modified_gmt":"2023-10-26T13:33:28","slug":"purebeau-multi-talent","status":"publish","type":"product","link":"https:\/\/pureline.com.pl\/index.php\/product\/purebeau-multi-talent\/","title":{"rendered":"Purebeau Multi Talent"},"content":{"rendered":"<p>Urz\u0105dzenie do makija\u017cu permanentnego Purebeau Multi Talent<\/p>\n<p>\u015awietny design, idealny na niedrogie zakupy, ale o wiele wi\u0119cej ni\u017c tylko tanie urz\u0105dzenie.<\/p>\n<p>Cyfrowo regulowane poziomy robocze: wolno \u2013 \u015brednio \u2013 szybko, zintegrowany uchwyt na r\u0119koje\u015b\u0107. Pi\u00f3ro FIBROBLAST mo\u017cna r\u00f3wnie\u017c obs\u0142ugiwa\u0107 na urz\u0105dzeniu.<\/p>\n<p>Wymiary szer. X g\u0142. X wys .: 140 x 160 x 70 mm<\/p>\n","protected":false},"excerpt":{"rendered":"<h3>Urz\u0105dzenie do makija\u017cu permanentnego Purebeau Multi Talent<\/h3>\n","protected":false},"featured_media":3707,"template":"","meta":{"_acf_changed":false},"product_brand":[],"product_cat":[155,163],"product_tag":[],"class_list":{"0":"post-830","1":"product","2":"type-product","3":"status-publish","4":"has-post-thumbnail","6":"product_cat-urzadzenia-do-makijazu-permanentnego","7":"product_cat-urzadzenia-purebeau","9":"first","10":"instock","11":"shipping-taxable","12":"purchasable","13":"product-type-simple"},"acf":[],"yoast_head":"<!-- This site is optimized with the Yoast SEO plugin v23.1 - https:\/\/yoast.com\/wordpress\/plugins\/seo\/ -->\n<title>Purebeau Multi Talent | PureLine<\/title>\n<meta name=\"description\" content=\"Purebeau Multi Talent | PureLine \u2764\ufe0f Najwy\u017csza jako\u015b\u0107 urz\u0105dze\u0144 do makija\u017cu permanentnego \u26a1 Szkolenia \u26a1 Wieloletnie do\u015bwiadczenie \u26a1 Zapraszamy do kontaktu!\" \/>\n<meta name=\"robots\" content=\"index, follow, max-snippet:-1, max-image-preview:large, max-video-preview:-1\" \/>\n<link rel=\"canonical\" href=\"https:\/\/pureline.com.pl\/index.php\/product\/purebeau-multi-talent\/\" \/>\n<meta property=\"og:locale\" content=\"pl_PL\" \/>\n<meta property=\"og:type\" content=\"article\" \/>\n<meta property=\"og:title\" content=\"Purebeau Multi Talent | PureLine\" \/>\n<meta property=\"og:description\" content=\"Purebeau Multi Talent | PureLine \u2764\ufe0f Najwy\u017csza jako\u015b\u0107 urz\u0105dze\u0144 do makija\u017cu permanentnego \u26a1 Szkolenia \u26a1 Wieloletnie do\u015bwiadczenie \u26a1 Zapraszamy do kontaktu!\" \/>\n<meta property=\"og:url\" content=\"https:\/\/pureline.com.pl\/index.php\/product\/purebeau-multi-talent\/\" \/>\n<meta property=\"og:site_name\" content=\"PureLine\" \/>\n<meta property=\"article:modified_time\" content=\"2023-10-26T13:33:28+00:00\" \/>\n<meta property=\"og:image\" content=\"https:\/\/pureline.com.pl\/wp-content\/uploads\/2021\/05\/Multi-Talent.jpg\" \/>\n\t<meta property=\"og:image:width\" content=\"900\" \/>\n\t<meta property=\"og:image:height\" content=\"900\" \/>\n\t<meta property=\"og:image:type\" content=\"image\/jpeg\" \/>\n<meta name=\"twitter:card\" content=\"summary_large_image\" \/>\n<meta name=\"twitter:label1\" content=\"Szacowany czas czytania\" \/>\n\t<meta name=\"twitter:data1\" content=\"1 minuta\" \/>\n<script type=\"application\/ld+json\" class=\"yoast-schema-graph\">{\"@context\":\"https:\/\/schema.org\",\"@graph\":[{\"@type\":\"WebPage\",\"@id\":\"https:\/\/pureline.com.pl\/index.php\/product\/purebeau-multi-talent\/\",\"url\":\"https:\/\/pureline.com.pl\/index.php\/product\/purebeau-multi-talent\/\",\"name\":\"Purebeau Multi Talent | PureLine\",\"isPartOf\":{\"@id\":\"https:\/\/pureline.com.pl\/#website\"},\"primaryImageOfPage\":{\"@id\":\"https:\/\/pureline.com.pl\/index.php\/product\/purebeau-multi-talent\/#primaryimage\"},\"image\":{\"@id\":\"https:\/\/pureline.com.pl\/index.php\/product\/purebeau-multi-talent\/#primaryimage\"},\"thumbnailUrl\":\"https:\/\/pureline.com.pl\/wp-content\/uploads\/2021\/05\/Multi-Talent.jpg\",\"datePublished\":\"2020-02-21T12:54:13+00:00\",\"dateModified\":\"2023-10-26T13:33:28+00:00\",\"description\":\"Purebeau Multi Talent | PureLine \u2764\ufe0f Najwy\u017csza jako\u015b\u0107 urz\u0105dze\u0144 do makija\u017cu permanentnego \u26a1 Szkolenia \u26a1 Wieloletnie do\u015bwiadczenie \u26a1 Zapraszamy do kontaktu!\",\"breadcrumb\":{\"@id\":\"https:\/\/pureline.com.pl\/index.php\/product\/purebeau-multi-talent\/#breadcrumb\"},\"inLanguage\":\"pl-PL\",\"potentialAction\":[{\"@type\":\"ReadAction\",\"target\":[\"https:\/\/pureline.com.pl\/index.php\/product\/purebeau-multi-talent\/\"]}]},{\"@type\":\"ImageObject\",\"inLanguage\":\"pl-PL\",\"@id\":\"https:\/\/pureline.com.pl\/index.php\/product\/purebeau-multi-talent\/#primaryimage\",\"url\":\"https:\/\/pureline.com.pl\/wp-content\/uploads\/2021\/05\/Multi-Talent.jpg\",\"contentUrl\":\"https:\/\/pureline.com.pl\/wp-content\/uploads\/2021\/05\/Multi-Talent.jpg\",\"width\":900,\"height\":900},{\"@type\":\"BreadcrumbList\",\"@id\":\"https:\/\/pureline.com.pl\/index.php\/product\/purebeau-multi-talent\/#breadcrumb\",\"itemListElement\":[{\"@type\":\"ListItem\",\"position\":1,\"name\":\"Strona g\u0142\u00f3wna\",\"item\":\"https:\/\/pureline.com.pl\/\"},{\"@type\":\"ListItem\",\"position\":2,\"name\":\"Sklep\",\"item\":\"https:\/\/pureline.com.pl\/index.php\/sklep\/\"},{\"@type\":\"ListItem\",\"position\":3,\"name\":\"Purebeau Multi Talent\"}]},{\"@type\":\"WebSite\",\"@id\":\"https:\/\/pureline.com.pl\/#website\",\"url\":\"https:\/\/pureline.com.pl\/\",\"name\":\"PureLine\",\"description\":\"\",\"potentialAction\":[{\"@type\":\"SearchAction\",\"target\":{\"@type\":\"EntryPoint\",\"urlTemplate\":\"https:\/\/pureline.com.pl\/?s={search_term_string}\"},\"query-input\":\"required name=search_term_string\"}],\"inLanguage\":\"pl-PL\"}]}<\/script>\n<!-- \/ Yoast SEO plugin. -->","yoast_head_json":{"title":"Purebeau Multi Talent | PureLine","description":"Purebeau Multi Talent | PureLine \u2764\ufe0f Najwy\u017csza jako\u015b\u0107 urz\u0105dze\u0144 do makija\u017cu permanentnego \u26a1 Szkolenia \u26a1 Wieloletnie do\u015bwiadczenie \u26a1 Zapraszamy do kontaktu!","robots":{"index":"index","follow":"follow","max-snippet":"max-snippet:-1","max-image-preview":"max-image-preview:large","max-video-preview":"max-video-preview:-1"},"canonical":"https:\/\/pureline.com.pl\/index.php\/product\/purebeau-multi-talent\/","og_locale":"pl_PL","og_type":"article","og_title":"Purebeau Multi Talent | PureLine","og_description":"Purebeau Multi Talent | PureLine \u2764\ufe0f Najwy\u017csza jako\u015b\u0107 urz\u0105dze\u0144 do makija\u017cu permanentnego \u26a1 Szkolenia \u26a1 Wieloletnie do\u015bwiadczenie \u26a1 Zapraszamy do kontaktu!","og_url":"https:\/\/pureline.com.pl\/index.php\/product\/purebeau-multi-talent\/","og_site_name":"PureLine","article_modified_time":"2023-10-26T13:33:28+00:00","og_image":[{"width":900,"height":900,"url":"https:\/\/pureline.com.pl\/wp-content\/uploads\/2021\/05\/Multi-Talent.jpg","type":"image\/jpeg"}],"twitter_card":"summary_large_image","twitter_misc":{"Szacowany czas czytania":"1 minuta"},"schema":{"@context":"https:\/\/schema.org","@graph":[{"@type":"WebPage","@id":"https:\/\/pureline.com.pl\/index.php\/product\/purebeau-multi-talent\/","url":"https:\/\/pureline.com.pl\/index.php\/product\/purebeau-multi-talent\/","name":"Purebeau Multi Talent | PureLine","isPartOf":{"@id":"https:\/\/pureline.com.pl\/#website"},"primaryImageOfPage":{"@id":"https:\/\/pureline.com.pl\/index.php\/product\/purebeau-multi-talent\/#primaryimage"},"image":{"@id":"https:\/\/pureline.com.pl\/index.php\/product\/purebeau-multi-talent\/#primaryimage"},"thumbnailUrl":"https:\/\/pureline.com.pl\/wp-content\/uploads\/2021\/05\/Multi-Talent.jpg","datePublished":"2020-02-21T12:54:13+00:00","dateModified":"2023-10-26T13:33:28+00:00","description":"Purebeau Multi Talent | PureLine \u2764\ufe0f Najwy\u017csza jako\u015b\u0107 urz\u0105dze\u0144 do makija\u017cu permanentnego \u26a1 Szkolenia \u26a1 Wieloletnie do\u015bwiadczenie \u26a1 Zapraszamy do kontaktu!","breadcrumb":{"@id":"https:\/\/pureline.com.pl\/index.php\/product\/purebeau-multi-talent\/#breadcrumb"},"inLanguage":"pl-PL","potentialAction":[{"@type":"ReadAction","target":["https:\/\/pureline.com.pl\/index.php\/product\/purebeau-multi-talent\/"]}]},{"@type":"ImageObject","inLanguage":"pl-PL","@id":"https:\/\/pureline.com.pl\/index.php\/product\/purebeau-multi-talent\/#primaryimage","url":"https:\/\/pureline.com.pl\/wp-content\/uploads\/2021\/05\/Multi-Talent.jpg","contentUrl":"https:\/\/pureline.com.pl\/wp-content\/uploads\/2021\/05\/Multi-Talent.jpg","width":900,"height":900},{"@type":"BreadcrumbList","@id":"https:\/\/pureline.com.pl\/index.php\/product\/purebeau-multi-talent\/#breadcrumb","itemListElement":[{"@type":"ListItem","position":1,"name":"Strona g\u0142\u00f3wna","item":"https:\/\/pureline.com.pl\/"},{"@type":"ListItem","position":2,"name":"Sklep","item":"https:\/\/pureline.com.pl\/index.php\/sklep\/"},{"@type":"ListItem","position":3,"name":"Purebeau Multi Talent"}]},{"@type":"WebSite","@id":"https:\/\/pureline.com.pl\/#website","url":"https:\/\/pureline.com.pl\/","name":"PureLine","description":"","potentialAction":[{"@type":"SearchAction","target":{"@type":"EntryPoint","urlTemplate":"https:\/\/pureline.com.pl\/?s={search_term_string}"},"query-input":"required name=search_term_string"}],"inLanguage":"pl-PL"}]}},"_links":{"self":[{"href":"https:\/\/pureline.com.pl\/index.php\/wp-json\/wp\/v2\/product\/830","targetHints":{"allow":["GET"]}}],"collection":[{"href":"https:\/\/pureline.com.pl\/index.php\/wp-json\/wp\/v2\/product"}],"about":[{"href":"https:\/\/pureline.com.pl\/index.php\/wp-json\/wp\/v2\/types\/product"}],"version-history":[{"count":4,"href":"https:\/\/pureline.com.pl\/index.php\/wp-json\/wp\/v2\/product\/830\/revisions"}],"predecessor-version":[{"id":6825,"href":"https:\/\/pureline.com.pl\/index.php\/wp-json\/wp\/v2\/product\/830\/revisions\/6825"}],"wp:featuredmedia":[{"embeddable":true,"href":"https:\/\/pureline.com.pl\/index.php\/wp-json\/wp\/v2\/media\/3707"}],"wp:attachment":[{"href":"https:\/\/pureline.com.pl\/index.php\/wp-json\/wp\/v2\/media?parent=830"}],"wp:term":[{"taxonomy":"product_brand","embeddable":true,"href":"https:\/\/pureline.com.pl\/index.php\/wp-json\/wp\/v2\/product_brand?post=830"},{"taxonomy":"product_cat","embeddable":true,"href":"https:\/\/pureline.com.pl\/index.php\/wp-json\/wp\/v2\/product_cat?post=830"},{"taxonomy":"product_tag","embeddable":true,"href":"https:\/\/pureline.com.pl\/index.php\/wp-json\/wp\/v2\/product_tag?post=830"}],"curies":[{"name":"wp","href":"https:\/\/api.w.org\/{rel}","templated":true}]}}