{"id":7232,"date":"2025-11-21T12:00:04","date_gmt":"2025-11-21T11:00:04","guid":{"rendered":"https:\/\/pureline.com.pl\/?post_type=product&#038;p=7232"},"modified":"2025-11-21T12:12:18","modified_gmt":"2025-11-21T11:12:18","slug":"urzadzenie-do-makijazu-permanentnego-black-diamond","status":"publish","type":"product","link":"https:\/\/pureline.com.pl\/index.php\/product\/urzadzenie-do-makijazu-permanentnego-black-diamond\/","title":{"rendered":"Urz\u0105dzenie do makija\u017cu permanentnego Black Diamond"},"content":{"rendered":"<p>Bezprzewodowe Urz\u0105dzenie do makija\u017cu permanentnego<\/p>\n<p class=\"p1\"><b>PUREBEAU BLACK DIAMOND \u2013 kompaktowe urz\u0105dzenie do makija\u017cu permanentnego<\/b><b><\/b><\/p>\n<p class=\"p3\">PUREBEAU BLACK DIAMOND to idealny wyb\u00f3r dla os\u00f3b zaczynaj\u0105cych prac\u0119 z makija\u017cem permanentnym oraz dla profesjonalist\u00f3w szukaj\u0105cych lekkiego, niezawodnego urz\u0105dzenia. Jedna, zasilana bateryjnie r\u0119koje\u015b\u0107 z wbudowan\u0105 technologi\u0105 sterowania zapewnia pe\u0142n\u0105 swobod\u0119 \u2013 bez kabli i bez panelu sterowania.<\/p>\n<p class=\"p3\">Urz\u0105dzenie zachwyca \u0142atwo\u015bci\u0105 obs\u0142ugi, doskona\u0142\u0105 kontrol\u0105 linii i precyzyjnymi rezultatami. W po\u0142\u0105czeniu z pigmentami PUREBEAU HiCon pozwala uzyska\u0107 pi\u0119kne, trwa\u0142e efekty w ka\u017cdych warunkach.<\/p>\n<p class=\"p3\"><span class=\"s1\"><b>Precyzyjne modu\u0142y PUREBEAU<\/b><\/span> dost\u0119pne s\u0105 w wielu wariantach \u2013 od igie\u0142 Nano i Fine, po modu\u0142y 12 i 36 do mikronak\u0142uwania, idealne do nieinwazyjnych zabieg\u00f3w odm\u0142adzaj\u0105cych.<\/p>\n<p class=\"p1\"><b>Prosty. Inteligentny. PUREBEAU.<\/b><b><\/b><\/p>\n<p class=\"p3\">BLACK DIAMOND \u2013 wygoda pracy i profesjonalna jako\u015b\u0107 w kompaktowej formie.<\/p>\n<p>Bez kabla , dwa akumulatory \u0142adowane przez \u0142\u0105cze USB<\/p>\n<p>Regulacja poziomu pracy od 1 do 10<\/p>\n<p>Zakres od 60 do 150 Hz<\/p>\n<p>Dwa systemy pracy bezprzewodowej : kardridge oraz tattoo system<\/p>\n","protected":false},"excerpt":{"rendered":"<p>Bezprzewodowe Urz\u0105dzenie do makija\u017cu permanentnego <b>PUREBEAU BLACK DIAMOND <\/b><\/p>\n","protected":false},"featured_media":7233,"template":"","meta":{"_acf_changed":false},"product_brand":[],"product_cat":[155,163,162],"product_tag":[],"class_list":{"0":"post-7232","1":"product","2":"type-product","3":"status-publish","4":"has-post-thumbnail","6":"product_cat-urzadzenia-do-makijazu-permanentnego","7":"product_cat-urzadzenia-purebeau","8":"product_cat-urzadzenia-pureline","10":"first","11":"instock","12":"shipping-taxable","13":"purchasable","14":"product-type-simple"},"acf":[],"yoast_head":"<!-- This site is optimized with the Yoast SEO plugin v23.1 - https:\/\/yoast.com\/wordpress\/plugins\/seo\/ -->\n<title>Urz\u0105dzenie do makija\u017cu permanentnego Black Diamond | PureLine<\/title>\n<meta name=\"description\" content=\"Urz\u0105dzenie do makija\u017cu permanentnego Black Diamond | PureLine \u2764\ufe0f Najwy\u017csza jako\u015b\u0107 urz\u0105dze\u0144 do makija\u017cu permanentnego \u26a1 Szkolenia \u26a1 Wieloletnie do\u015bwiadczenie \u26a1 Zapraszamy do kontaktu!\" \/>\n<meta name=\"robots\" content=\"index, follow, max-snippet:-1, max-image-preview:large, max-video-preview:-1\" \/>\n<link rel=\"canonical\" href=\"https:\/\/pureline.com.pl\/index.php\/product\/urzadzenie-do-makijazu-permanentnego-black-diamond\/\" \/>\n<meta property=\"og:locale\" content=\"pl_PL\" \/>\n<meta property=\"og:type\" content=\"article\" \/>\n<meta property=\"og:title\" content=\"Urz\u0105dzenie do makija\u017cu permanentnego Black Diamond | PureLine\" \/>\n<meta property=\"og:description\" content=\"Urz\u0105dzenie do makija\u017cu permanentnego Black Diamond | PureLine \u2764\ufe0f Najwy\u017csza jako\u015b\u0107 urz\u0105dze\u0144 do makija\u017cu permanentnego \u26a1 Szkolenia \u26a1 Wieloletnie do\u015bwiadczenie \u26a1 Zapraszamy do kontaktu!\" \/>\n<meta property=\"og:url\" content=\"https:\/\/pureline.com.pl\/index.php\/product\/urzadzenie-do-makijazu-permanentnego-black-diamond\/\" \/>\n<meta property=\"og:site_name\" content=\"PureLine\" \/>\n<meta property=\"article:modified_time\" content=\"2025-11-21T11:12:18+00:00\" \/>\n<meta property=\"og:image\" content=\"https:\/\/pureline.com.pl\/wp-content\/uploads\/2025\/11\/black-diamond-in-stiftablage.jpg\" \/>\n\t<meta property=\"og:image:width\" content=\"1074\" \/>\n\t<meta property=\"og:image:height\" content=\"1228\" \/>\n\t<meta property=\"og:image:type\" content=\"image\/jpeg\" \/>\n<meta name=\"twitter:card\" content=\"summary_large_image\" \/>\n<meta name=\"twitter:label1\" content=\"Szacowany czas czytania\" \/>\n\t<meta name=\"twitter:data1\" content=\"2 minuty\" \/>\n<script type=\"application\/ld+json\" class=\"yoast-schema-graph\">{\"@context\":\"https:\/\/schema.org\",\"@graph\":[{\"@type\":\"WebPage\",\"@id\":\"https:\/\/pureline.com.pl\/index.php\/product\/urzadzenie-do-makijazu-permanentnego-black-diamond\/\",\"url\":\"https:\/\/pureline.com.pl\/index.php\/product\/urzadzenie-do-makijazu-permanentnego-black-diamond\/\",\"name\":\"Urz\u0105dzenie do makija\u017cu permanentnego Black Diamond | PureLine\",\"isPartOf\":{\"@id\":\"https:\/\/pureline.com.pl\/#website\"},\"primaryImageOfPage\":{\"@id\":\"https:\/\/pureline.com.pl\/index.php\/product\/urzadzenie-do-makijazu-permanentnego-black-diamond\/#primaryimage\"},\"image\":{\"@id\":\"https:\/\/pureline.com.pl\/index.php\/product\/urzadzenie-do-makijazu-permanentnego-black-diamond\/#primaryimage\"},\"thumbnailUrl\":\"https:\/\/pureline.com.pl\/wp-content\/uploads\/2025\/11\/black-diamond-in-stiftablage.jpg\",\"datePublished\":\"2025-11-21T11:00:04+00:00\",\"dateModified\":\"2025-11-21T11:12:18+00:00\",\"description\":\"Urz\u0105dzenie do makija\u017cu permanentnego Black Diamond | PureLine \u2764\ufe0f Najwy\u017csza jako\u015b\u0107 urz\u0105dze\u0144 do makija\u017cu permanentnego \u26a1 Szkolenia \u26a1 Wieloletnie do\u015bwiadczenie \u26a1 Zapraszamy do kontaktu!\",\"breadcrumb\":{\"@id\":\"https:\/\/pureline.com.pl\/index.php\/product\/urzadzenie-do-makijazu-permanentnego-black-diamond\/#breadcrumb\"},\"inLanguage\":\"pl-PL\",\"potentialAction\":[{\"@type\":\"ReadAction\",\"target\":[\"https:\/\/pureline.com.pl\/index.php\/product\/urzadzenie-do-makijazu-permanentnego-black-diamond\/\"]}]},{\"@type\":\"ImageObject\",\"inLanguage\":\"pl-PL\",\"@id\":\"https:\/\/pureline.com.pl\/index.php\/product\/urzadzenie-do-makijazu-permanentnego-black-diamond\/#primaryimage\",\"url\":\"https:\/\/pureline.com.pl\/wp-content\/uploads\/2025\/11\/black-diamond-in-stiftablage.jpg\",\"contentUrl\":\"https:\/\/pureline.com.pl\/wp-content\/uploads\/2025\/11\/black-diamond-in-stiftablage.jpg\",\"width\":1074,\"height\":1228},{\"@type\":\"BreadcrumbList\",\"@id\":\"https:\/\/pureline.com.pl\/index.php\/product\/urzadzenie-do-makijazu-permanentnego-black-diamond\/#breadcrumb\",\"itemListElement\":[{\"@type\":\"ListItem\",\"position\":1,\"name\":\"Strona g\u0142\u00f3wna\",\"item\":\"https:\/\/pureline.com.pl\/\"},{\"@type\":\"ListItem\",\"position\":2,\"name\":\"Sklep\",\"item\":\"https:\/\/pureline.com.pl\/index.php\/sklep\/\"},{\"@type\":\"ListItem\",\"position\":3,\"name\":\"Urz\u0105dzenie do makija\u017cu permanentnego Black Diamond\"}]},{\"@type\":\"WebSite\",\"@id\":\"https:\/\/pureline.com.pl\/#website\",\"url\":\"https:\/\/pureline.com.pl\/\",\"name\":\"PureLine\",\"description\":\"\",\"potentialAction\":[{\"@type\":\"SearchAction\",\"target\":{\"@type\":\"EntryPoint\",\"urlTemplate\":\"https:\/\/pureline.com.pl\/?s={search_term_string}\"},\"query-input\":\"required name=search_term_string\"}],\"inLanguage\":\"pl-PL\"}]}<\/script>\n<!-- \/ Yoast SEO plugin. -->","yoast_head_json":{"title":"Urz\u0105dzenie do makija\u017cu permanentnego Black Diamond | PureLine","description":"Urz\u0105dzenie do makija\u017cu permanentnego Black Diamond | PureLine \u2764\ufe0f Najwy\u017csza jako\u015b\u0107 urz\u0105dze\u0144 do makija\u017cu permanentnego \u26a1 Szkolenia \u26a1 Wieloletnie do\u015bwiadczenie \u26a1 Zapraszamy do kontaktu!","robots":{"index":"index","follow":"follow","max-snippet":"max-snippet:-1","max-image-preview":"max-image-preview:large","max-video-preview":"max-video-preview:-1"},"canonical":"https:\/\/pureline.com.pl\/index.php\/product\/urzadzenie-do-makijazu-permanentnego-black-diamond\/","og_locale":"pl_PL","og_type":"article","og_title":"Urz\u0105dzenie do makija\u017cu permanentnego Black Diamond | PureLine","og_description":"Urz\u0105dzenie do makija\u017cu permanentnego Black Diamond | PureLine \u2764\ufe0f Najwy\u017csza jako\u015b\u0107 urz\u0105dze\u0144 do makija\u017cu permanentnego \u26a1 Szkolenia \u26a1 Wieloletnie do\u015bwiadczenie \u26a1 Zapraszamy do kontaktu!","og_url":"https:\/\/pureline.com.pl\/index.php\/product\/urzadzenie-do-makijazu-permanentnego-black-diamond\/","og_site_name":"PureLine","article_modified_time":"2025-11-21T11:12:18+00:00","og_image":[{"width":1074,"height":1228,"url":"https:\/\/pureline.com.pl\/wp-content\/uploads\/2025\/11\/black-diamond-in-stiftablage.jpg","type":"image\/jpeg"}],"twitter_card":"summary_large_image","twitter_misc":{"Szacowany czas czytania":"2 minuty"},"schema":{"@context":"https:\/\/schema.org","@graph":[{"@type":"WebPage","@id":"https:\/\/pureline.com.pl\/index.php\/product\/urzadzenie-do-makijazu-permanentnego-black-diamond\/","url":"https:\/\/pureline.com.pl\/index.php\/product\/urzadzenie-do-makijazu-permanentnego-black-diamond\/","name":"Urz\u0105dzenie do makija\u017cu permanentnego Black Diamond | PureLine","isPartOf":{"@id":"https:\/\/pureline.com.pl\/#website"},"primaryImageOfPage":{"@id":"https:\/\/pureline.com.pl\/index.php\/product\/urzadzenie-do-makijazu-permanentnego-black-diamond\/#primaryimage"},"image":{"@id":"https:\/\/pureline.com.pl\/index.php\/product\/urzadzenie-do-makijazu-permanentnego-black-diamond\/#primaryimage"},"thumbnailUrl":"https:\/\/pureline.com.pl\/wp-content\/uploads\/2025\/11\/black-diamond-in-stiftablage.jpg","datePublished":"2025-11-21T11:00:04+00:00","dateModified":"2025-11-21T11:12:18+00:00","description":"Urz\u0105dzenie do makija\u017cu permanentnego Black Diamond | PureLine \u2764\ufe0f Najwy\u017csza jako\u015b\u0107 urz\u0105dze\u0144 do makija\u017cu permanentnego \u26a1 Szkolenia \u26a1 Wieloletnie do\u015bwiadczenie \u26a1 Zapraszamy do kontaktu!","breadcrumb":{"@id":"https:\/\/pureline.com.pl\/index.php\/product\/urzadzenie-do-makijazu-permanentnego-black-diamond\/#breadcrumb"},"inLanguage":"pl-PL","potentialAction":[{"@type":"ReadAction","target":["https:\/\/pureline.com.pl\/index.php\/product\/urzadzenie-do-makijazu-permanentnego-black-diamond\/"]}]},{"@type":"ImageObject","inLanguage":"pl-PL","@id":"https:\/\/pureline.com.pl\/index.php\/product\/urzadzenie-do-makijazu-permanentnego-black-diamond\/#primaryimage","url":"https:\/\/pureline.com.pl\/wp-content\/uploads\/2025\/11\/black-diamond-in-stiftablage.jpg","contentUrl":"https:\/\/pureline.com.pl\/wp-content\/uploads\/2025\/11\/black-diamond-in-stiftablage.jpg","width":1074,"height":1228},{"@type":"BreadcrumbList","@id":"https:\/\/pureline.com.pl\/index.php\/product\/urzadzenie-do-makijazu-permanentnego-black-diamond\/#breadcrumb","itemListElement":[{"@type":"ListItem","position":1,"name":"Strona g\u0142\u00f3wna","item":"https:\/\/pureline.com.pl\/"},{"@type":"ListItem","position":2,"name":"Sklep","item":"https:\/\/pureline.com.pl\/index.php\/sklep\/"},{"@type":"ListItem","position":3,"name":"Urz\u0105dzenie do makija\u017cu permanentnego Black Diamond"}]},{"@type":"WebSite","@id":"https:\/\/pureline.com.pl\/#website","url":"https:\/\/pureline.com.pl\/","name":"PureLine","description":"","potentialAction":[{"@type":"SearchAction","target":{"@type":"EntryPoint","urlTemplate":"https:\/\/pureline.com.pl\/?s={search_term_string}"},"query-input":"required name=search_term_string"}],"inLanguage":"pl-PL"}]}},"_links":{"self":[{"href":"https:\/\/pureline.com.pl\/index.php\/wp-json\/wp\/v2\/product\/7232","targetHints":{"allow":["GET"]}}],"collection":[{"href":"https:\/\/pureline.com.pl\/index.php\/wp-json\/wp\/v2\/product"}],"about":[{"href":"https:\/\/pureline.com.pl\/index.php\/wp-json\/wp\/v2\/types\/product"}],"version-history":[{"count":3,"href":"https:\/\/pureline.com.pl\/index.php\/wp-json\/wp\/v2\/product\/7232\/revisions"}],"predecessor-version":[{"id":7238,"href":"https:\/\/pureline.com.pl\/index.php\/wp-json\/wp\/v2\/product\/7232\/revisions\/7238"}],"wp:featuredmedia":[{"embeddable":true,"href":"https:\/\/pureline.com.pl\/index.php\/wp-json\/wp\/v2\/media\/7233"}],"wp:attachment":[{"href":"https:\/\/pureline.com.pl\/index.php\/wp-json\/wp\/v2\/media?parent=7232"}],"wp:term":[{"taxonomy":"product_brand","embeddable":true,"href":"https:\/\/pureline.com.pl\/index.php\/wp-json\/wp\/v2\/product_brand?post=7232"},{"taxonomy":"product_cat","embeddable":true,"href":"https:\/\/pureline.com.pl\/index.php\/wp-json\/wp\/v2\/product_cat?post=7232"},{"taxonomy":"product_tag","embeddable":true,"href":"https:\/\/pureline.com.pl\/index.php\/wp-json\/wp\/v2\/product_tag?post=7232"}],"curies":[{"name":"wp","href":"https:\/\/api.w.org\/{rel}","templated":true}]}}