{"id":723,"date":"2019-06-25T10:56:24","date_gmt":"2019-06-25T08:56:24","guid":{"rendered":"http:\/\/pureline2.dkonto.pl\/?post_type=product&#038;p=723"},"modified":"2021-11-19T13:08:51","modified_gmt":"2021-11-19T12:08:51","slug":"kredka-do-makijazu-permanentnego-biala","status":"publish","type":"product","link":"https:\/\/pureline.com.pl\/index.php\/product\/kredka-do-makijazu-permanentnego-biala\/","title":{"rendered":"Kredka do makija\u017cu permanentnego bia\u0142a"},"content":{"rendered":"<h1 style=\"font-size: 21.25px;\">Kredka do makija\u017cu permanentnego bia\u0142a<\/h1>\n<p>Kredka do makija\u017cu permanentnego bia\u0142a<\/p>\n","protected":false},"excerpt":{"rendered":"<p>Kredka do makija\u017cu permanentnego bia\u0142a<\/p>\n","protected":false},"featured_media":3658,"template":"","meta":{"_acf_changed":false},"product_brand":[],"product_cat":[159],"product_tag":[],"class_list":{"0":"post-723","1":"product","2":"type-product","3":"status-publish","4":"has-post-thumbnail","6":"product_cat-akcesoria","8":"first","9":"instock","10":"shipping-taxable","11":"purchasable","12":"product-type-simple"},"acf":[],"yoast_head":"<!-- This site is optimized with the Yoast SEO plugin v23.1 - https:\/\/yoast.com\/wordpress\/plugins\/seo\/ -->\n<title>Kredka do makija\u017cu permanentnego bia\u0142a | PureLine<\/title>\n<meta name=\"description\" content=\"Kredka do makija\u017cu permanentnego bia\u0142a | PureLine \u2764\ufe0f Najwy\u017csza jako\u015b\u0107 urz\u0105dze\u0144 do makija\u017cu permanentnego \u26a1 Szkolenia \u26a1 Wieloletnie do\u015bwiadczenie \u26a1 Zapraszamy do kontaktu!\" \/>\n<meta name=\"robots\" content=\"index, follow, max-snippet:-1, max-image-preview:large, max-video-preview:-1\" \/>\n<link rel=\"canonical\" href=\"https:\/\/pureline.com.pl\/index.php\/product\/kredka-do-makijazu-permanentnego-biala\/\" \/>\n<meta property=\"og:locale\" content=\"pl_PL\" \/>\n<meta property=\"og:type\" content=\"article\" \/>\n<meta property=\"og:title\" content=\"Kredka do makija\u017cu permanentnego bia\u0142a | PureLine\" \/>\n<meta property=\"og:description\" content=\"Kredka do makija\u017cu permanentnego bia\u0142a | PureLine \u2764\ufe0f Najwy\u017csza jako\u015b\u0107 urz\u0105dze\u0144 do makija\u017cu permanentnego \u26a1 Szkolenia \u26a1 Wieloletnie do\u015bwiadczenie \u26a1 Zapraszamy do kontaktu!\" \/>\n<meta property=\"og:url\" content=\"https:\/\/pureline.com.pl\/index.php\/product\/kredka-do-makijazu-permanentnego-biala\/\" \/>\n<meta property=\"og:site_name\" content=\"PureLine\" \/>\n<meta property=\"article:modified_time\" content=\"2021-11-19T12:08:51+00:00\" \/>\n<meta property=\"og:image\" content=\"https:\/\/pureline.com.pl\/wp-content\/uploads\/2021\/05\/IMG-3757-scaled.jpg\" \/>\n\t<meta property=\"og:image:width\" content=\"2560\" \/>\n\t<meta property=\"og:image:height\" content=\"1920\" \/>\n\t<meta property=\"og:image:type\" content=\"image\/jpeg\" \/>\n<meta name=\"twitter:card\" content=\"summary_large_image\" \/>\n<script type=\"application\/ld+json\" class=\"yoast-schema-graph\">{\"@context\":\"https:\/\/schema.org\",\"@graph\":[{\"@type\":\"WebPage\",\"@id\":\"https:\/\/pureline.com.pl\/index.php\/product\/kredka-do-makijazu-permanentnego-biala\/\",\"url\":\"https:\/\/pureline.com.pl\/index.php\/product\/kredka-do-makijazu-permanentnego-biala\/\",\"name\":\"Kredka do makija\u017cu permanentnego bia\u0142a | PureLine\",\"isPartOf\":{\"@id\":\"https:\/\/pureline.com.pl\/#website\"},\"primaryImageOfPage\":{\"@id\":\"https:\/\/pureline.com.pl\/index.php\/product\/kredka-do-makijazu-permanentnego-biala\/#primaryimage\"},\"image\":{\"@id\":\"https:\/\/pureline.com.pl\/index.php\/product\/kredka-do-makijazu-permanentnego-biala\/#primaryimage\"},\"thumbnailUrl\":\"https:\/\/pureline.com.pl\/wp-content\/uploads\/2021\/05\/IMG-3757-scaled.jpg\",\"datePublished\":\"2019-06-25T08:56:24+00:00\",\"dateModified\":\"2021-11-19T12:08:51+00:00\",\"description\":\"Kredka do makija\u017cu permanentnego bia\u0142a | PureLine \u2764\ufe0f Najwy\u017csza jako\u015b\u0107 urz\u0105dze\u0144 do makija\u017cu permanentnego \u26a1 Szkolenia \u26a1 Wieloletnie do\u015bwiadczenie \u26a1 Zapraszamy do kontaktu!\",\"breadcrumb\":{\"@id\":\"https:\/\/pureline.com.pl\/index.php\/product\/kredka-do-makijazu-permanentnego-biala\/#breadcrumb\"},\"inLanguage\":\"pl-PL\",\"potentialAction\":[{\"@type\":\"ReadAction\",\"target\":[\"https:\/\/pureline.com.pl\/index.php\/product\/kredka-do-makijazu-permanentnego-biala\/\"]}]},{\"@type\":\"ImageObject\",\"inLanguage\":\"pl-PL\",\"@id\":\"https:\/\/pureline.com.pl\/index.php\/product\/kredka-do-makijazu-permanentnego-biala\/#primaryimage\",\"url\":\"https:\/\/pureline.com.pl\/wp-content\/uploads\/2021\/05\/IMG-3757-scaled.jpg\",\"contentUrl\":\"https:\/\/pureline.com.pl\/wp-content\/uploads\/2021\/05\/IMG-3757-scaled.jpg\",\"width\":2560,\"height\":1920},{\"@type\":\"BreadcrumbList\",\"@id\":\"https:\/\/pureline.com.pl\/index.php\/product\/kredka-do-makijazu-permanentnego-biala\/#breadcrumb\",\"itemListElement\":[{\"@type\":\"ListItem\",\"position\":1,\"name\":\"Strona g\u0142\u00f3wna\",\"item\":\"https:\/\/pureline.com.pl\/\"},{\"@type\":\"ListItem\",\"position\":2,\"name\":\"Sklep\",\"item\":\"https:\/\/pureline.com.pl\/index.php\/sklep\/\"},{\"@type\":\"ListItem\",\"position\":3,\"name\":\"Kredka do makija\u017cu permanentnego bia\u0142a\"}]},{\"@type\":\"WebSite\",\"@id\":\"https:\/\/pureline.com.pl\/#website\",\"url\":\"https:\/\/pureline.com.pl\/\",\"name\":\"PureLine\",\"description\":\"\",\"potentialAction\":[{\"@type\":\"SearchAction\",\"target\":{\"@type\":\"EntryPoint\",\"urlTemplate\":\"https:\/\/pureline.com.pl\/?s={search_term_string}\"},\"query-input\":\"required name=search_term_string\"}],\"inLanguage\":\"pl-PL\"}]}<\/script>\n<!-- \/ Yoast SEO plugin. -->","yoast_head_json":{"title":"Kredka do makija\u017cu permanentnego bia\u0142a | PureLine","description":"Kredka do makija\u017cu permanentnego bia\u0142a | PureLine \u2764\ufe0f Najwy\u017csza jako\u015b\u0107 urz\u0105dze\u0144 do makija\u017cu permanentnego \u26a1 Szkolenia \u26a1 Wieloletnie do\u015bwiadczenie \u26a1 Zapraszamy do kontaktu!","robots":{"index":"index","follow":"follow","max-snippet":"max-snippet:-1","max-image-preview":"max-image-preview:large","max-video-preview":"max-video-preview:-1"},"canonical":"https:\/\/pureline.com.pl\/index.php\/product\/kredka-do-makijazu-permanentnego-biala\/","og_locale":"pl_PL","og_type":"article","og_title":"Kredka do makija\u017cu permanentnego bia\u0142a | PureLine","og_description":"Kredka do makija\u017cu permanentnego bia\u0142a | PureLine \u2764\ufe0f Najwy\u017csza jako\u015b\u0107 urz\u0105dze\u0144 do makija\u017cu permanentnego \u26a1 Szkolenia \u26a1 Wieloletnie do\u015bwiadczenie \u26a1 Zapraszamy do kontaktu!","og_url":"https:\/\/pureline.com.pl\/index.php\/product\/kredka-do-makijazu-permanentnego-biala\/","og_site_name":"PureLine","article_modified_time":"2021-11-19T12:08:51+00:00","og_image":[{"width":2560,"height":1920,"url":"https:\/\/pureline.com.pl\/wp-content\/uploads\/2021\/05\/IMG-3757-scaled.jpg","type":"image\/jpeg"}],"twitter_card":"summary_large_image","schema":{"@context":"https:\/\/schema.org","@graph":[{"@type":"WebPage","@id":"https:\/\/pureline.com.pl\/index.php\/product\/kredka-do-makijazu-permanentnego-biala\/","url":"https:\/\/pureline.com.pl\/index.php\/product\/kredka-do-makijazu-permanentnego-biala\/","name":"Kredka do makija\u017cu permanentnego bia\u0142a | PureLine","isPartOf":{"@id":"https:\/\/pureline.com.pl\/#website"},"primaryImageOfPage":{"@id":"https:\/\/pureline.com.pl\/index.php\/product\/kredka-do-makijazu-permanentnego-biala\/#primaryimage"},"image":{"@id":"https:\/\/pureline.com.pl\/index.php\/product\/kredka-do-makijazu-permanentnego-biala\/#primaryimage"},"thumbnailUrl":"https:\/\/pureline.com.pl\/wp-content\/uploads\/2021\/05\/IMG-3757-scaled.jpg","datePublished":"2019-06-25T08:56:24+00:00","dateModified":"2021-11-19T12:08:51+00:00","description":"Kredka do makija\u017cu permanentnego bia\u0142a | PureLine \u2764\ufe0f Najwy\u017csza jako\u015b\u0107 urz\u0105dze\u0144 do makija\u017cu permanentnego \u26a1 Szkolenia \u26a1 Wieloletnie do\u015bwiadczenie \u26a1 Zapraszamy do kontaktu!","breadcrumb":{"@id":"https:\/\/pureline.com.pl\/index.php\/product\/kredka-do-makijazu-permanentnego-biala\/#breadcrumb"},"inLanguage":"pl-PL","potentialAction":[{"@type":"ReadAction","target":["https:\/\/pureline.com.pl\/index.php\/product\/kredka-do-makijazu-permanentnego-biala\/"]}]},{"@type":"ImageObject","inLanguage":"pl-PL","@id":"https:\/\/pureline.com.pl\/index.php\/product\/kredka-do-makijazu-permanentnego-biala\/#primaryimage","url":"https:\/\/pureline.com.pl\/wp-content\/uploads\/2021\/05\/IMG-3757-scaled.jpg","contentUrl":"https:\/\/pureline.com.pl\/wp-content\/uploads\/2021\/05\/IMG-3757-scaled.jpg","width":2560,"height":1920},{"@type":"BreadcrumbList","@id":"https:\/\/pureline.com.pl\/index.php\/product\/kredka-do-makijazu-permanentnego-biala\/#breadcrumb","itemListElement":[{"@type":"ListItem","position":1,"name":"Strona g\u0142\u00f3wna","item":"https:\/\/pureline.com.pl\/"},{"@type":"ListItem","position":2,"name":"Sklep","item":"https:\/\/pureline.com.pl\/index.php\/sklep\/"},{"@type":"ListItem","position":3,"name":"Kredka do makija\u017cu permanentnego bia\u0142a"}]},{"@type":"WebSite","@id":"https:\/\/pureline.com.pl\/#website","url":"https:\/\/pureline.com.pl\/","name":"PureLine","description":"","potentialAction":[{"@type":"SearchAction","target":{"@type":"EntryPoint","urlTemplate":"https:\/\/pureline.com.pl\/?s={search_term_string}"},"query-input":"required name=search_term_string"}],"inLanguage":"pl-PL"}]}},"_links":{"self":[{"href":"https:\/\/pureline.com.pl\/index.php\/wp-json\/wp\/v2\/product\/723","targetHints":{"allow":["GET"]}}],"collection":[{"href":"https:\/\/pureline.com.pl\/index.php\/wp-json\/wp\/v2\/product"}],"about":[{"href":"https:\/\/pureline.com.pl\/index.php\/wp-json\/wp\/v2\/types\/product"}],"version-history":[{"count":3,"href":"https:\/\/pureline.com.pl\/index.php\/wp-json\/wp\/v2\/product\/723\/revisions"}],"predecessor-version":[{"id":4774,"href":"https:\/\/pureline.com.pl\/index.php\/wp-json\/wp\/v2\/product\/723\/revisions\/4774"}],"wp:featuredmedia":[{"embeddable":true,"href":"https:\/\/pureline.com.pl\/index.php\/wp-json\/wp\/v2\/media\/3658"}],"wp:attachment":[{"href":"https:\/\/pureline.com.pl\/index.php\/wp-json\/wp\/v2\/media?parent=723"}],"wp:term":[{"taxonomy":"product_brand","embeddable":true,"href":"https:\/\/pureline.com.pl\/index.php\/wp-json\/wp\/v2\/product_brand?post=723"},{"taxonomy":"product_cat","embeddable":true,"href":"https:\/\/pureline.com.pl\/index.php\/wp-json\/wp\/v2\/product_cat?post=723"},{"taxonomy":"product_tag","embeddable":true,"href":"https:\/\/pureline.com.pl\/index.php\/wp-json\/wp\/v2\/product_tag?post=723"}],"curies":[{"name":"wp","href":"https:\/\/api.w.org\/{rel}","templated":true}]}}