{"id":6874,"date":"2023-11-10T11:01:11","date_gmt":"2023-11-10T10:01:11","guid":{"rendered":"https:\/\/pureline.com.pl\/?post_type=product&#038;p=6874"},"modified":"2023-11-10T16:16:11","modified_gmt":"2023-11-10T15:16:11","slug":"oczyszczanie-wodorowe-h2-3-w-1","status":"publish","type":"product","link":"https:\/\/pureline.com.pl\/index.php\/product\/oczyszczanie-wodorowe-h2-3-w-1\/","title":{"rendered":"Oczyszczanie wodorowe  H2 3 w 1"},"content":{"rendered":"<p>Oczyszczanie wodorowe H2 3 w 1<\/p>\n<p>H2 3 w1 to innowacyjne urz\u0105dzenie stanowi unikalne po\u0142\u0105czenie oczyszczania wodorowego i hydro peelingu z funkcj\u0105 infuzji, umo\u017cliwiaj\u0105c wt\u0142aczanie sk\u0142adnik\u00f3w aktywnych przy u\u017cyciu opatentowanej g\u0142owicy MCS z pr\u0105dami do liftingu twarzy<\/p>\n<p>&nbsp;<\/p>\n<p>Urz\u0105dzenie\u00a0 H2, oparte na wysokiej jako\u015bci generatorze wodoru, gwarantuje natychmiastowe efekty zabiegowe. Dzi\u0119ki niewielkiej masie wodoru, substancja ta mo\u017ce przenika\u0107 do g\u0142\u0119boko po\u0142o\u017conych warstw sk\u00f3ry, oddzia\u0142uj\u0105c na poziomie kom\u00f3rkowym. Warto podkre\u015bli\u0107, \u017ce wod\u00f3r, opr\u00f3cz swojego dzia\u0142ania oczyszczaj\u0105cego, pe\u0142ni funkcj\u0119 silnego antyoksydantu, skuteczniejszego nawet ni\u017c witamina C czy koenzym Q10. W ten spos\u00f3b \u0142\u0105czy si\u0119 z reaktywnymi i szkodliwymi wolnymi rodnikami tlenowymi w g\u0142\u0119bokich warstwach sk\u00f3ry, a nast\u0119pnie jest usuwany z organizmu w postaci wody, zatrzymuj\u0105c proces starzenia.<\/p>\n<p>&nbsp;<\/p>\n<p>Aktywny wod\u00f3r jest dostarczany do sk\u00f3ry za pomoc\u0105 strumienia wody, kt\u00f3ry jednocze\u015bnie usuwa martwe kom\u00f3rki nask\u00f3rka, pozostawiaj\u0105c sk\u00f3r\u0119 dog\u0142\u0119bnie oczyszczon\u0105 i wyg\u0142adzon\u0105. Dodatkowo, eksfoliacja nask\u00f3rka przy u\u017cyciu specjalistycznych preparat\u00f3w pozwala osi\u0105gn\u0105\u0107 jednolit\u0105, g\u0142adk\u0105 powierzchni\u0119 sk\u00f3ry. Zabieg oczyszczania wodorowego\u00a0 H2 ko\u0144czy si\u0119 infuzj\u0105 jonow\u0105, wprowadzaj\u0105c\u0105 sk\u0142adniki aktywne w g\u0142\u0105b sk\u00f3ry, oraz masa\u017cem g\u0142owic\u0105 MCS, wykorzystuj\u0105c\u0105 stymulacj\u0119 mikropr\u0105dami. Po\u0142\u0105czenie tych trzech technik w trakcie jednego zabiegu zapewnia efekt oczyszczonej, pi\u0119knej i zdrowej sk\u00f3ry.<\/p>\n<p>&nbsp;<\/p>\n<p>Oczyszczanie wodorowe\u00a0 H2 stanowi alternatyw\u0119 dla ka\u017cdego typu sk\u00f3ry, nie tylko t\u0142ustej i problematycznej. Ka\u017cdy rodzaj cery wymaga precyzyjnego, specjalistycznego oczyszczenia, nawil\u017cenia i pobudzenia.<\/p>\n<p>&nbsp;<\/p>\n<p>G\u0142\u00f3wne wskazania do przeprowadzenia zabiegu obejmuj\u0105:<\/p>\n<p>&nbsp;<\/p>\n<p>Sk\u00f3ra o szarym, zm\u0119czonym wygl\u0105dzie, pozbawiona blasku.<\/p>\n<p>Sk\u00f3ra palacza, wymagaj\u0105ca specjalnej piel\u0119gnacji.<\/p>\n<p>Odwodniona sk\u00f3ra, kt\u00f3ra potrzebuje intensywnego nawil\u017cenia.<\/p>\n<p>Sk\u00f3ra zanieczyszczona, wymagaj\u0105ca g\u0142\u0119bokiego oczyszczenia.<\/p>\n<p>Ka\u017cdy rodzaj sk\u00f3ry, nawet ta wra\u017cliwa i naczynkowa.<\/p>\n<p>&nbsp;<\/p>\n<p>Kombajn kosmetyczny do oczyszczania wodnego jest \u0142atwy w obs\u0142udze i posiada r\u00f3\u017cne poziomy intensywno\u015bci, kt\u00f3re mo\u017cna dostosowa\u0107 do indywidualnych preferencji i potrzeb sk\u00f3ry.<\/p>\n<p>Dane techniczne:<\/p>\n<p>&nbsp;<\/p>\n<p>Napi\u0119cie: 50Hz~240V\/50Hz<\/p>\n<p>Moc zasysania: 80KPa<\/p>\n<p>G\u0142owica MCS: do 4V<\/p>\n<p>Moc: 60 W<\/p>\n<p>Waga: 8 kg<\/p>\n<p>Wymiary urz\u0105dzenia: 44\/35\/33 cm<\/p>\n<p>&nbsp;<\/p>\n","protected":false},"excerpt":{"rendered":"<h3>Oczyszczanie wodorowe H2 3 w 1<\/h3>\n","protected":false},"featured_media":6875,"template":"","meta":{"_acf_changed":false},"product_brand":[],"product_cat":[186],"product_tag":[],"class_list":{"0":"post-6874","1":"product","2":"type-product","3":"status-publish","4":"has-post-thumbnail","6":"product_cat-urzadzenia-kosmetyczne","8":"first","9":"instock","10":"shipping-taxable","11":"purchasable","12":"product-type-simple"},"acf":[],"yoast_head":"<!-- This site is optimized with the Yoast SEO plugin v23.1 - https:\/\/yoast.com\/wordpress\/plugins\/seo\/ -->\n<title>Oczyszczanie wodorowe H2 3 w 1 | PureLine<\/title>\n<meta name=\"description\" content=\"Oczyszczanie wodorowe H2 3 w 1 | PureLine \u2764\ufe0f Najwy\u017csza jako\u015b\u0107 urz\u0105dze\u0144 do makija\u017cu permanentnego \u26a1 Szkolenia \u26a1 Wieloletnie do\u015bwiadczenie \u26a1 Zapraszamy do kontaktu!\" \/>\n<meta name=\"robots\" content=\"index, follow, max-snippet:-1, max-image-preview:large, max-video-preview:-1\" \/>\n<link rel=\"canonical\" href=\"https:\/\/pureline.com.pl\/index.php\/product\/oczyszczanie-wodorowe-h2-3-w-1\/\" \/>\n<meta property=\"og:locale\" content=\"pl_PL\" \/>\n<meta property=\"og:type\" content=\"article\" \/>\n<meta property=\"og:title\" content=\"Oczyszczanie wodorowe H2 3 w 1 | PureLine\" \/>\n<meta property=\"og:description\" content=\"Oczyszczanie wodorowe H2 3 w 1 | PureLine \u2764\ufe0f Najwy\u017csza jako\u015b\u0107 urz\u0105dze\u0144 do makija\u017cu permanentnego \u26a1 Szkolenia \u26a1 Wieloletnie do\u015bwiadczenie \u26a1 Zapraszamy do kontaktu!\" \/>\n<meta property=\"og:url\" content=\"https:\/\/pureline.com.pl\/index.php\/product\/oczyszczanie-wodorowe-h2-3-w-1\/\" \/>\n<meta property=\"og:site_name\" content=\"PureLine\" \/>\n<meta property=\"article:modified_time\" content=\"2023-11-10T15:16:11+00:00\" \/>\n<meta property=\"og:image\" content=\"https:\/\/pureline.com.pl\/wp-content\/uploads\/2023\/11\/zdjecie-wlasciwe_.png\" \/>\n\t<meta property=\"og:image:width\" content=\"800\" \/>\n\t<meta property=\"og:image:height\" content=\"800\" \/>\n\t<meta property=\"og:image:type\" content=\"image\/png\" \/>\n<meta name=\"twitter:card\" content=\"summary_large_image\" \/>\n<meta name=\"twitter:label1\" content=\"Szacowany czas czytania\" \/>\n\t<meta name=\"twitter:data1\" content=\"2 minuty\" \/>\n<script type=\"application\/ld+json\" class=\"yoast-schema-graph\">{\"@context\":\"https:\/\/schema.org\",\"@graph\":[{\"@type\":\"WebPage\",\"@id\":\"https:\/\/pureline.com.pl\/index.php\/product\/oczyszczanie-wodorowe-h2-3-w-1\/\",\"url\":\"https:\/\/pureline.com.pl\/index.php\/product\/oczyszczanie-wodorowe-h2-3-w-1\/\",\"name\":\"Oczyszczanie wodorowe H2 3 w 1 | PureLine\",\"isPartOf\":{\"@id\":\"https:\/\/pureline.com.pl\/#website\"},\"primaryImageOfPage\":{\"@id\":\"https:\/\/pureline.com.pl\/index.php\/product\/oczyszczanie-wodorowe-h2-3-w-1\/#primaryimage\"},\"image\":{\"@id\":\"https:\/\/pureline.com.pl\/index.php\/product\/oczyszczanie-wodorowe-h2-3-w-1\/#primaryimage\"},\"thumbnailUrl\":\"https:\/\/pureline.com.pl\/wp-content\/uploads\/2023\/11\/zdjecie-wlasciwe_.png\",\"datePublished\":\"2023-11-10T10:01:11+00:00\",\"dateModified\":\"2023-11-10T15:16:11+00:00\",\"description\":\"Oczyszczanie wodorowe H2 3 w 1 | PureLine \u2764\ufe0f Najwy\u017csza jako\u015b\u0107 urz\u0105dze\u0144 do makija\u017cu permanentnego \u26a1 Szkolenia \u26a1 Wieloletnie do\u015bwiadczenie \u26a1 Zapraszamy do kontaktu!\",\"breadcrumb\":{\"@id\":\"https:\/\/pureline.com.pl\/index.php\/product\/oczyszczanie-wodorowe-h2-3-w-1\/#breadcrumb\"},\"inLanguage\":\"pl-PL\",\"potentialAction\":[{\"@type\":\"ReadAction\",\"target\":[\"https:\/\/pureline.com.pl\/index.php\/product\/oczyszczanie-wodorowe-h2-3-w-1\/\"]}]},{\"@type\":\"ImageObject\",\"inLanguage\":\"pl-PL\",\"@id\":\"https:\/\/pureline.com.pl\/index.php\/product\/oczyszczanie-wodorowe-h2-3-w-1\/#primaryimage\",\"url\":\"https:\/\/pureline.com.pl\/wp-content\/uploads\/2023\/11\/zdjecie-wlasciwe_.png\",\"contentUrl\":\"https:\/\/pureline.com.pl\/wp-content\/uploads\/2023\/11\/zdjecie-wlasciwe_.png\",\"width\":800,\"height\":800},{\"@type\":\"BreadcrumbList\",\"@id\":\"https:\/\/pureline.com.pl\/index.php\/product\/oczyszczanie-wodorowe-h2-3-w-1\/#breadcrumb\",\"itemListElement\":[{\"@type\":\"ListItem\",\"position\":1,\"name\":\"Strona g\u0142\u00f3wna\",\"item\":\"https:\/\/pureline.com.pl\/\"},{\"@type\":\"ListItem\",\"position\":2,\"name\":\"Sklep\",\"item\":\"https:\/\/pureline.com.pl\/index.php\/sklep\/\"},{\"@type\":\"ListItem\",\"position\":3,\"name\":\"Oczyszczanie wodorowe H2 3 w 1\"}]},{\"@type\":\"WebSite\",\"@id\":\"https:\/\/pureline.com.pl\/#website\",\"url\":\"https:\/\/pureline.com.pl\/\",\"name\":\"PureLine\",\"description\":\"\",\"potentialAction\":[{\"@type\":\"SearchAction\",\"target\":{\"@type\":\"EntryPoint\",\"urlTemplate\":\"https:\/\/pureline.com.pl\/?s={search_term_string}\"},\"query-input\":\"required name=search_term_string\"}],\"inLanguage\":\"pl-PL\"}]}<\/script>\n<!-- \/ Yoast SEO plugin. -->","yoast_head_json":{"title":"Oczyszczanie wodorowe H2 3 w 1 | PureLine","description":"Oczyszczanie wodorowe H2 3 w 1 | PureLine \u2764\ufe0f Najwy\u017csza jako\u015b\u0107 urz\u0105dze\u0144 do makija\u017cu permanentnego \u26a1 Szkolenia \u26a1 Wieloletnie do\u015bwiadczenie \u26a1 Zapraszamy do kontaktu!","robots":{"index":"index","follow":"follow","max-snippet":"max-snippet:-1","max-image-preview":"max-image-preview:large","max-video-preview":"max-video-preview:-1"},"canonical":"https:\/\/pureline.com.pl\/index.php\/product\/oczyszczanie-wodorowe-h2-3-w-1\/","og_locale":"pl_PL","og_type":"article","og_title":"Oczyszczanie wodorowe H2 3 w 1 | PureLine","og_description":"Oczyszczanie wodorowe H2 3 w 1 | PureLine \u2764\ufe0f Najwy\u017csza jako\u015b\u0107 urz\u0105dze\u0144 do makija\u017cu permanentnego \u26a1 Szkolenia \u26a1 Wieloletnie do\u015bwiadczenie \u26a1 Zapraszamy do kontaktu!","og_url":"https:\/\/pureline.com.pl\/index.php\/product\/oczyszczanie-wodorowe-h2-3-w-1\/","og_site_name":"PureLine","article_modified_time":"2023-11-10T15:16:11+00:00","og_image":[{"width":800,"height":800,"url":"https:\/\/pureline.com.pl\/wp-content\/uploads\/2023\/11\/zdjecie-wlasciwe_.png","type":"image\/png"}],"twitter_card":"summary_large_image","twitter_misc":{"Szacowany czas czytania":"2 minuty"},"schema":{"@context":"https:\/\/schema.org","@graph":[{"@type":"WebPage","@id":"https:\/\/pureline.com.pl\/index.php\/product\/oczyszczanie-wodorowe-h2-3-w-1\/","url":"https:\/\/pureline.com.pl\/index.php\/product\/oczyszczanie-wodorowe-h2-3-w-1\/","name":"Oczyszczanie wodorowe H2 3 w 1 | PureLine","isPartOf":{"@id":"https:\/\/pureline.com.pl\/#website"},"primaryImageOfPage":{"@id":"https:\/\/pureline.com.pl\/index.php\/product\/oczyszczanie-wodorowe-h2-3-w-1\/#primaryimage"},"image":{"@id":"https:\/\/pureline.com.pl\/index.php\/product\/oczyszczanie-wodorowe-h2-3-w-1\/#primaryimage"},"thumbnailUrl":"https:\/\/pureline.com.pl\/wp-content\/uploads\/2023\/11\/zdjecie-wlasciwe_.png","datePublished":"2023-11-10T10:01:11+00:00","dateModified":"2023-11-10T15:16:11+00:00","description":"Oczyszczanie wodorowe H2 3 w 1 | PureLine \u2764\ufe0f Najwy\u017csza jako\u015b\u0107 urz\u0105dze\u0144 do makija\u017cu permanentnego \u26a1 Szkolenia \u26a1 Wieloletnie do\u015bwiadczenie \u26a1 Zapraszamy do kontaktu!","breadcrumb":{"@id":"https:\/\/pureline.com.pl\/index.php\/product\/oczyszczanie-wodorowe-h2-3-w-1\/#breadcrumb"},"inLanguage":"pl-PL","potentialAction":[{"@type":"ReadAction","target":["https:\/\/pureline.com.pl\/index.php\/product\/oczyszczanie-wodorowe-h2-3-w-1\/"]}]},{"@type":"ImageObject","inLanguage":"pl-PL","@id":"https:\/\/pureline.com.pl\/index.php\/product\/oczyszczanie-wodorowe-h2-3-w-1\/#primaryimage","url":"https:\/\/pureline.com.pl\/wp-content\/uploads\/2023\/11\/zdjecie-wlasciwe_.png","contentUrl":"https:\/\/pureline.com.pl\/wp-content\/uploads\/2023\/11\/zdjecie-wlasciwe_.png","width":800,"height":800},{"@type":"BreadcrumbList","@id":"https:\/\/pureline.com.pl\/index.php\/product\/oczyszczanie-wodorowe-h2-3-w-1\/#breadcrumb","itemListElement":[{"@type":"ListItem","position":1,"name":"Strona g\u0142\u00f3wna","item":"https:\/\/pureline.com.pl\/"},{"@type":"ListItem","position":2,"name":"Sklep","item":"https:\/\/pureline.com.pl\/index.php\/sklep\/"},{"@type":"ListItem","position":3,"name":"Oczyszczanie wodorowe H2 3 w 1"}]},{"@type":"WebSite","@id":"https:\/\/pureline.com.pl\/#website","url":"https:\/\/pureline.com.pl\/","name":"PureLine","description":"","potentialAction":[{"@type":"SearchAction","target":{"@type":"EntryPoint","urlTemplate":"https:\/\/pureline.com.pl\/?s={search_term_string}"},"query-input":"required name=search_term_string"}],"inLanguage":"pl-PL"}]}},"_links":{"self":[{"href":"https:\/\/pureline.com.pl\/index.php\/wp-json\/wp\/v2\/product\/6874","targetHints":{"allow":["GET"]}}],"collection":[{"href":"https:\/\/pureline.com.pl\/index.php\/wp-json\/wp\/v2\/product"}],"about":[{"href":"https:\/\/pureline.com.pl\/index.php\/wp-json\/wp\/v2\/types\/product"}],"version-history":[{"count":3,"href":"https:\/\/pureline.com.pl\/index.php\/wp-json\/wp\/v2\/product\/6874\/revisions"}],"predecessor-version":[{"id":6892,"href":"https:\/\/pureline.com.pl\/index.php\/wp-json\/wp\/v2\/product\/6874\/revisions\/6892"}],"wp:featuredmedia":[{"embeddable":true,"href":"https:\/\/pureline.com.pl\/index.php\/wp-json\/wp\/v2\/media\/6875"}],"wp:attachment":[{"href":"https:\/\/pureline.com.pl\/index.php\/wp-json\/wp\/v2\/media?parent=6874"}],"wp:term":[{"taxonomy":"product_brand","embeddable":true,"href":"https:\/\/pureline.com.pl\/index.php\/wp-json\/wp\/v2\/product_brand?post=6874"},{"taxonomy":"product_cat","embeddable":true,"href":"https:\/\/pureline.com.pl\/index.php\/wp-json\/wp\/v2\/product_cat?post=6874"},{"taxonomy":"product_tag","embeddable":true,"href":"https:\/\/pureline.com.pl\/index.php\/wp-json\/wp\/v2\/product_tag?post=6874"}],"curies":[{"name":"wp","href":"https:\/\/api.w.org\/{rel}","templated":true}]}}