{"id":6123,"date":"2023-03-15T11:13:22","date_gmt":"2023-03-15T10:13:22","guid":{"rendered":"https:\/\/pureline.com.pl\/?post_type=product&#038;p=6123"},"modified":"2023-10-27T11:51:55","modified_gmt":"2023-10-27T09:51:55","slug":"urzadzenie-do-makijazu-permanetnego-pureline-hand-r","status":"publish","type":"product","link":"https:\/\/pureline.com.pl\/index.php\/product\/urzadzenie-do-makijazu-permanetnego-pureline-hand-r\/","title":{"rendered":"Urzadzenie do makija\u017cu permanetnego Pureline Hand"},"content":{"rendered":"<p>Urzadzenie do makija\u017cu permanetnego Pureline Hand<\/p>\n<p>Opis:<\/p>\n<p>Urz\u0105dzenie do makija\u017cu permanentnego i mezoterapii mikro ig\u0142owej Pureline Hand\u00a0 to raczka o wygodnym op\u0142ywowym kszta\u0142cie<\/p>\n<p>Kompaktowe urz\u0105dzenie jest zbudowane z wysokiej jako\u015bci materia\u0142\u00f3w u\u0142atwiaj\u0105cych higieniczn\u0105 i wygodna prac\u0119<\/p>\n<p>Pureline Hand\u00a0 charakteryzuje si\u0119 stabilna i regularna praca<\/p>\n<p>&nbsp;<\/p>\n<p>10 stopniowa regulacja pr\u0119dko\u015bci u\u0142atwia dostosowanie parametr\u00f3w urz\u0105dzenia do sk\u00f3ry<\/p>\n<p>\u0141atwa regulacja d\u0142ugo\u015bci ig\u0142y poprzez obracanie pier\u015bcienia regulacyjnego<\/p>\n<p>Przycisk do sterowania funkcjami w\u0142\u0105cz\/wy\u0142\u0105cz oraz poziomu pr\u0119dko\u015bci umieszczony bezpo\u015brednio na r\u0105czce u\u0142atwiaj\u0105c prac\u0119<\/p>\n<p>Wizualizacja aktualnej pr\u0119dko\u015bci na wy\u015bwietlaczu LED<\/p>\n<p>Tryb pauzy dla wygody u\u017cytkownika<img fetchpriority=\"high\" decoding=\"async\" class=\" wp-image-6130 alignright\" src=\"https:\/\/pureline.com.pl\/wp-content\/uploads\/2023\/03\/PMU-i-MTS--300x148.png\" alt=\"\" width=\"483\" height=\"238\" srcset=\"https:\/\/pureline.com.pl\/wp-content\/uploads\/2023\/03\/PMU-i-MTS--300x148.png 300w, https:\/\/pureline.com.pl\/wp-content\/uploads\/2023\/03\/PMU-i-MTS--400x197.png 400w, https:\/\/pureline.com.pl\/wp-content\/uploads\/2023\/03\/PMU-i-MTS-.png 731w\" sizes=\"(max-width: 483px) 100vw, 483px\" \/><\/p>\n<p>Silnik zatrzymuje si\u0119 automatycznie po umieszczeniu r\u0119koje\u015bci na stojaku<\/p>\n<p>Jednorazowe wk\u0142ady ig\u0142owe sterylizowane tlenkiem etylenu<\/p>\n<p>Higienicznie Cardrige zapobiegaj cofaniu si\u0119 lub wprowadzaniu zanieczyszcze\u0144 podczas pracy.<\/p>\n<p>Wysuw ig\u0142y :<\/p>\n<p>MTS :0.00 \u2013 2.00 ( max )<\/p>\n<p>PMU\/SMP : 1.5 \u2013 4.00 ( max )<\/p>\n<p>W sk\u0142ad urz\u0105dzenia wchodzi :<\/p>\n<p>&#8211; r\u0119koje\u015b\u0107<\/p>\n<p>&#8211; kabel zasilaj\u0105cy<\/p>\n<p>&nbsp;<\/p>\n<p>&nbsp;<\/p>\n","protected":false},"excerpt":{"rendered":"<h3>Urzadzenie do makija\u017cu permanetnego Pureline Hand<\/h3>\n","protected":false},"featured_media":6124,"template":"","meta":{"_acf_changed":false},"product_brand":[],"product_cat":[155,162],"product_tag":[],"class_list":{"0":"post-6123","1":"product","2":"type-product","3":"status-publish","4":"has-post-thumbnail","6":"product_cat-urzadzenia-do-makijazu-permanentnego","7":"product_cat-urzadzenia-pureline","9":"first","10":"instock","11":"shipping-taxable","12":"purchasable","13":"product-type-simple"},"acf":[],"yoast_head":"<!-- This site is optimized with the Yoast SEO plugin v23.1 - https:\/\/yoast.com\/wordpress\/plugins\/seo\/ -->\n<title>Urzadzenie do makija\u017cu permanetnego Pureline Hand | PureLine<\/title>\n<meta name=\"description\" content=\"Urzadzenie do makija\u017cu permanetnego Pureline Hand | PureLine \u2764\ufe0f Najwy\u017csza jako\u015b\u0107 urz\u0105dze\u0144 do makija\u017cu permanentnego \u26a1 Szkolenia \u26a1 Wieloletnie do\u015bwiadczenie \u26a1 Zapraszamy do kontaktu!\" \/>\n<meta name=\"robots\" content=\"index, follow, max-snippet:-1, max-image-preview:large, max-video-preview:-1\" \/>\n<link rel=\"canonical\" href=\"https:\/\/pureline.com.pl\/index.php\/product\/urzadzenie-do-makijazu-permanetnego-pureline-hand-r\/\" \/>\n<meta property=\"og:locale\" content=\"pl_PL\" \/>\n<meta property=\"og:type\" content=\"article\" \/>\n<meta property=\"og:title\" content=\"Urzadzenie do makija\u017cu permanetnego Pureline Hand | PureLine\" \/>\n<meta property=\"og:description\" content=\"Urzadzenie do makija\u017cu permanetnego Pureline Hand | PureLine \u2764\ufe0f Najwy\u017csza jako\u015b\u0107 urz\u0105dze\u0144 do makija\u017cu permanentnego \u26a1 Szkolenia \u26a1 Wieloletnie do\u015bwiadczenie \u26a1 Zapraszamy do kontaktu!\" \/>\n<meta property=\"og:url\" content=\"https:\/\/pureline.com.pl\/index.php\/product\/urzadzenie-do-makijazu-permanetnego-pureline-hand-r\/\" \/>\n<meta property=\"og:site_name\" content=\"PureLine\" \/>\n<meta property=\"article:modified_time\" content=\"2023-10-27T09:51:55+00:00\" \/>\n<meta property=\"og:image\" content=\"https:\/\/pureline.com.pl\/wp-content\/uploads\/2023\/03\/Digital-Hand-R-1-962x1024.png\" \/>\n\t<meta property=\"og:image:width\" content=\"962\" \/>\n\t<meta property=\"og:image:height\" content=\"1024\" \/>\n\t<meta property=\"og:image:type\" content=\"image\/png\" \/>\n<meta name=\"twitter:card\" content=\"summary_large_image\" \/>\n<meta name=\"twitter:label1\" content=\"Szacowany czas czytania\" \/>\n\t<meta name=\"twitter:data1\" content=\"1 minuta\" \/>\n<script type=\"application\/ld+json\" class=\"yoast-schema-graph\">{\"@context\":\"https:\/\/schema.org\",\"@graph\":[{\"@type\":\"WebPage\",\"@id\":\"https:\/\/pureline.com.pl\/index.php\/product\/urzadzenie-do-makijazu-permanetnego-pureline-hand-r\/\",\"url\":\"https:\/\/pureline.com.pl\/index.php\/product\/urzadzenie-do-makijazu-permanetnego-pureline-hand-r\/\",\"name\":\"Urzadzenie do makija\u017cu permanetnego Pureline Hand | PureLine\",\"isPartOf\":{\"@id\":\"https:\/\/pureline.com.pl\/#website\"},\"primaryImageOfPage\":{\"@id\":\"https:\/\/pureline.com.pl\/index.php\/product\/urzadzenie-do-makijazu-permanetnego-pureline-hand-r\/#primaryimage\"},\"image\":{\"@id\":\"https:\/\/pureline.com.pl\/index.php\/product\/urzadzenie-do-makijazu-permanetnego-pureline-hand-r\/#primaryimage\"},\"thumbnailUrl\":\"https:\/\/pureline.com.pl\/wp-content\/uploads\/2023\/03\/Digital-Hand-R-1.png\",\"datePublished\":\"2023-03-15T10:13:22+00:00\",\"dateModified\":\"2023-10-27T09:51:55+00:00\",\"description\":\"Urzadzenie do makija\u017cu permanetnego Pureline Hand | PureLine \u2764\ufe0f Najwy\u017csza jako\u015b\u0107 urz\u0105dze\u0144 do makija\u017cu permanentnego \u26a1 Szkolenia \u26a1 Wieloletnie do\u015bwiadczenie \u26a1 Zapraszamy do kontaktu!\",\"breadcrumb\":{\"@id\":\"https:\/\/pureline.com.pl\/index.php\/product\/urzadzenie-do-makijazu-permanetnego-pureline-hand-r\/#breadcrumb\"},\"inLanguage\":\"pl-PL\",\"potentialAction\":[{\"@type\":\"ReadAction\",\"target\":[\"https:\/\/pureline.com.pl\/index.php\/product\/urzadzenie-do-makijazu-permanetnego-pureline-hand-r\/\"]}]},{\"@type\":\"ImageObject\",\"inLanguage\":\"pl-PL\",\"@id\":\"https:\/\/pureline.com.pl\/index.php\/product\/urzadzenie-do-makijazu-permanetnego-pureline-hand-r\/#primaryimage\",\"url\":\"https:\/\/pureline.com.pl\/wp-content\/uploads\/2023\/03\/Digital-Hand-R-1.png\",\"contentUrl\":\"https:\/\/pureline.com.pl\/wp-content\/uploads\/2023\/03\/Digital-Hand-R-1.png\",\"width\":4058,\"height\":4320},{\"@type\":\"BreadcrumbList\",\"@id\":\"https:\/\/pureline.com.pl\/index.php\/product\/urzadzenie-do-makijazu-permanetnego-pureline-hand-r\/#breadcrumb\",\"itemListElement\":[{\"@type\":\"ListItem\",\"position\":1,\"name\":\"Strona g\u0142\u00f3wna\",\"item\":\"https:\/\/pureline.com.pl\/\"},{\"@type\":\"ListItem\",\"position\":2,\"name\":\"Sklep\",\"item\":\"https:\/\/pureline.com.pl\/index.php\/sklep\/\"},{\"@type\":\"ListItem\",\"position\":3,\"name\":\"Urzadzenie do makija\u017cu permanetnego Pureline Hand\"}]},{\"@type\":\"WebSite\",\"@id\":\"https:\/\/pureline.com.pl\/#website\",\"url\":\"https:\/\/pureline.com.pl\/\",\"name\":\"PureLine\",\"description\":\"\",\"potentialAction\":[{\"@type\":\"SearchAction\",\"target\":{\"@type\":\"EntryPoint\",\"urlTemplate\":\"https:\/\/pureline.com.pl\/?s={search_term_string}\"},\"query-input\":\"required name=search_term_string\"}],\"inLanguage\":\"pl-PL\"}]}<\/script>\n<!-- \/ Yoast SEO plugin. -->","yoast_head_json":{"title":"Urzadzenie do makija\u017cu permanetnego Pureline Hand | PureLine","description":"Urzadzenie do makija\u017cu permanetnego Pureline Hand | PureLine \u2764\ufe0f Najwy\u017csza jako\u015b\u0107 urz\u0105dze\u0144 do makija\u017cu permanentnego \u26a1 Szkolenia \u26a1 Wieloletnie do\u015bwiadczenie \u26a1 Zapraszamy do kontaktu!","robots":{"index":"index","follow":"follow","max-snippet":"max-snippet:-1","max-image-preview":"max-image-preview:large","max-video-preview":"max-video-preview:-1"},"canonical":"https:\/\/pureline.com.pl\/index.php\/product\/urzadzenie-do-makijazu-permanetnego-pureline-hand-r\/","og_locale":"pl_PL","og_type":"article","og_title":"Urzadzenie do makija\u017cu permanetnego Pureline Hand | PureLine","og_description":"Urzadzenie do makija\u017cu permanetnego Pureline Hand | PureLine \u2764\ufe0f Najwy\u017csza jako\u015b\u0107 urz\u0105dze\u0144 do makija\u017cu permanentnego \u26a1 Szkolenia \u26a1 Wieloletnie do\u015bwiadczenie \u26a1 Zapraszamy do kontaktu!","og_url":"https:\/\/pureline.com.pl\/index.php\/product\/urzadzenie-do-makijazu-permanetnego-pureline-hand-r\/","og_site_name":"PureLine","article_modified_time":"2023-10-27T09:51:55+00:00","og_image":[{"width":962,"height":1024,"url":"https:\/\/pureline.com.pl\/wp-content\/uploads\/2023\/03\/Digital-Hand-R-1-962x1024.png","type":"image\/png"}],"twitter_card":"summary_large_image","twitter_misc":{"Szacowany czas czytania":"1 minuta"},"schema":{"@context":"https:\/\/schema.org","@graph":[{"@type":"WebPage","@id":"https:\/\/pureline.com.pl\/index.php\/product\/urzadzenie-do-makijazu-permanetnego-pureline-hand-r\/","url":"https:\/\/pureline.com.pl\/index.php\/product\/urzadzenie-do-makijazu-permanetnego-pureline-hand-r\/","name":"Urzadzenie do makija\u017cu permanetnego Pureline Hand | PureLine","isPartOf":{"@id":"https:\/\/pureline.com.pl\/#website"},"primaryImageOfPage":{"@id":"https:\/\/pureline.com.pl\/index.php\/product\/urzadzenie-do-makijazu-permanetnego-pureline-hand-r\/#primaryimage"},"image":{"@id":"https:\/\/pureline.com.pl\/index.php\/product\/urzadzenie-do-makijazu-permanetnego-pureline-hand-r\/#primaryimage"},"thumbnailUrl":"https:\/\/pureline.com.pl\/wp-content\/uploads\/2023\/03\/Digital-Hand-R-1.png","datePublished":"2023-03-15T10:13:22+00:00","dateModified":"2023-10-27T09:51:55+00:00","description":"Urzadzenie do makija\u017cu permanetnego Pureline Hand | PureLine \u2764\ufe0f Najwy\u017csza jako\u015b\u0107 urz\u0105dze\u0144 do makija\u017cu permanentnego \u26a1 Szkolenia \u26a1 Wieloletnie do\u015bwiadczenie \u26a1 Zapraszamy do kontaktu!","breadcrumb":{"@id":"https:\/\/pureline.com.pl\/index.php\/product\/urzadzenie-do-makijazu-permanetnego-pureline-hand-r\/#breadcrumb"},"inLanguage":"pl-PL","potentialAction":[{"@type":"ReadAction","target":["https:\/\/pureline.com.pl\/index.php\/product\/urzadzenie-do-makijazu-permanetnego-pureline-hand-r\/"]}]},{"@type":"ImageObject","inLanguage":"pl-PL","@id":"https:\/\/pureline.com.pl\/index.php\/product\/urzadzenie-do-makijazu-permanetnego-pureline-hand-r\/#primaryimage","url":"https:\/\/pureline.com.pl\/wp-content\/uploads\/2023\/03\/Digital-Hand-R-1.png","contentUrl":"https:\/\/pureline.com.pl\/wp-content\/uploads\/2023\/03\/Digital-Hand-R-1.png","width":4058,"height":4320},{"@type":"BreadcrumbList","@id":"https:\/\/pureline.com.pl\/index.php\/product\/urzadzenie-do-makijazu-permanetnego-pureline-hand-r\/#breadcrumb","itemListElement":[{"@type":"ListItem","position":1,"name":"Strona g\u0142\u00f3wna","item":"https:\/\/pureline.com.pl\/"},{"@type":"ListItem","position":2,"name":"Sklep","item":"https:\/\/pureline.com.pl\/index.php\/sklep\/"},{"@type":"ListItem","position":3,"name":"Urzadzenie do makija\u017cu permanetnego Pureline Hand"}]},{"@type":"WebSite","@id":"https:\/\/pureline.com.pl\/#website","url":"https:\/\/pureline.com.pl\/","name":"PureLine","description":"","potentialAction":[{"@type":"SearchAction","target":{"@type":"EntryPoint","urlTemplate":"https:\/\/pureline.com.pl\/?s={search_term_string}"},"query-input":"required name=search_term_string"}],"inLanguage":"pl-PL"}]}},"_links":{"self":[{"href":"https:\/\/pureline.com.pl\/index.php\/wp-json\/wp\/v2\/product\/6123","targetHints":{"allow":["GET"]}}],"collection":[{"href":"https:\/\/pureline.com.pl\/index.php\/wp-json\/wp\/v2\/product"}],"about":[{"href":"https:\/\/pureline.com.pl\/index.php\/wp-json\/wp\/v2\/types\/product"}],"version-history":[{"count":7,"href":"https:\/\/pureline.com.pl\/index.php\/wp-json\/wp\/v2\/product\/6123\/revisions"}],"predecessor-version":[{"id":6860,"href":"https:\/\/pureline.com.pl\/index.php\/wp-json\/wp\/v2\/product\/6123\/revisions\/6860"}],"wp:featuredmedia":[{"embeddable":true,"href":"https:\/\/pureline.com.pl\/index.php\/wp-json\/wp\/v2\/media\/6124"}],"wp:attachment":[{"href":"https:\/\/pureline.com.pl\/index.php\/wp-json\/wp\/v2\/media?parent=6123"}],"wp:term":[{"taxonomy":"product_brand","embeddable":true,"href":"https:\/\/pureline.com.pl\/index.php\/wp-json\/wp\/v2\/product_brand?post=6123"},{"taxonomy":"product_cat","embeddable":true,"href":"https:\/\/pureline.com.pl\/index.php\/wp-json\/wp\/v2\/product_cat?post=6123"},{"taxonomy":"product_tag","embeddable":true,"href":"https:\/\/pureline.com.pl\/index.php\/wp-json\/wp\/v2\/product_tag?post=6123"}],"curies":[{"name":"wp","href":"https:\/\/api.w.org\/{rel}","templated":true}]}}