{"id":588,"date":"2018-04-18T11:55:33","date_gmt":"2018-04-18T09:55:33","guid":{"rendered":"http:\/\/pureline2.dkonto.pl\/?post_type=product&#038;p=588"},"modified":"2023-10-26T15:28:34","modified_gmt":"2023-10-26T13:28:34","slug":"pureline-de-lux","status":"publish","type":"product","link":"https:\/\/pureline.com.pl\/index.php\/product\/pureline-de-lux\/","title":{"rendered":"Urz\u0105dzenie do makija\u017cu permanentnego DeLux"},"content":{"rendered":"<p>Najnowsze urz\u0105dzenie firmy PureLine De Lux<\/p>\n<p>Niepowtarzalny design oprawiony zosta\u0142 w aluminiow\u0105 obudow\u0119 zapewniaj\u0105c\u0105 \u0142atwo\u015b\u0107, bezpiecze\u0144stwo i higien\u0119 obs\u0142ugi.<\/p>\n<p>Po\u0142\u0105czenie technologii, jako\u015bci wykonania,\u00a0 precyzja i design spe\u0142nia najwy\u017csze wymagania sprawiaj\u0105c, \u017ce praca z PureLine De Lux\u00a0 to absolutna przyjemno\u015b\u0107.<a href=\"https:\/\/pureline.com.pl\/pure\/wp-content\/uploads\/2020\/09\/DeLuxBlack_2.png\"><img fetchpriority=\"high\" decoding=\"async\" class=\"size-medium wp-image-912 alignright\" src=\"https:\/\/pureline.com.pl\/pure\/wp-content\/uploads\/2020\/09\/DeLuxBlack_2-300x265.png\" alt=\"\" width=\"300\" height=\"265\" \/><\/a><\/p>\n<p><strong>PureLine De Lux\u00a0 info:<\/strong><\/p>\n<p>Cyfrowo sterowana pr\u0119dko\u015b\u0107 mo\u017ce zosta\u0107 perfekcyjnie dostosowana i wybrana do danego obszaru mikropigmentacji z zakresu od 50 do 180 Hz uderze\u0144 ig\u0142y na sekund\u0119 w 14 r\u00f3\u017cnych zakresach<\/p>\n<p>Wysoka precyzja nap\u0119du zapewnia dok\u0142adno\u015b\u0107 podczas zabiegu mikropigmentacji (p\u0142ynna, niezmienna cz\u0119stotliwo\u015b\u0107 i moc pracy pomimo zr\u00f3\u017cnicowanej struktury powierzchni).<\/p>\n<p>Istnieje mo\u017cliwo\u015b\u0107 pracy na trzech r\u00f3znych r\u0105czkach :<\/p>\n<ul>\n<li>do mikropigmentacji<\/li>\n<li>do mezoterapii mikroig\u0142owej<\/li>\n<li>do fibroblast ( plazma ) lifting powieki g\u00f3rnej i dolnej<\/li>\n<\/ul>\n<p><strong>Rodzaje igie\u0142<\/strong><\/p>\n<p>&#8211;\u00a0 typu T<\/p>\n<p>Stosowane przez nas hypoalergiczne ig\u0142y\u00a0 s\u0105 cienkie, g\u0142adkie i elastyczne przez co podra\u017cnienie sk\u00f3ry jest minimalne a pigment zostaje \u0142atwo i p\u0142ynnie wprowadzany.<\/p>\n<p>Rozmiary igie\u0142: ig\u0142y okr\u0105g\u0142e o numerach 1,2,3,3-outline,5,7,9<\/p>\n<p>ig\u0142y p\u0142askie o numerach 3,5,7,13<\/p>\n<p><strong>Bezpiecze\u0144stwo i higiena<\/strong><\/p>\n<p>Aparat i r\u0105czka wymagaj\u0105 tylko dezynfekcji zewn\u0119trznej. Wszystkie materia\u0142y u\u017cywane podczas zabiegu ? ig\u0142y, dysze s\u0105 sterylne medycznie i jednorazowe.<\/p>\n<p>W wyposa\u017ceniu urz\u0105dzenia s\u0105 dwa wej\u015bcia na r\u0105czk\u0119<\/p>\n<p>Aparat posiada modu\u0142 zabezpieczaj\u0105cy przedostawanie si\u0119 barwnika i p\u0142yn\u00f3w z obszaru pigmentowanego do ko\u0144c\u00f3wki pracuj\u0105cej.<\/p>\n<p>Do wyboru kolor czarny lub grafitowy<\/p>\n","protected":false},"excerpt":{"rendered":"<h3>Urz\u0105dzenie do makija\u017cu permanentnego DeLux<\/h3>\n","protected":false},"featured_media":3641,"template":"","meta":{"_acf_changed":false},"product_brand":[],"product_cat":[155,162],"product_tag":[],"class_list":{"0":"post-588","1":"product","2":"type-product","3":"status-publish","4":"has-post-thumbnail","6":"product_cat-urzadzenia-do-makijazu-permanentnego","7":"product_cat-urzadzenia-pureline","9":"first","10":"instock","11":"shipping-taxable","12":"purchasable","13":"product-type-simple"},"acf":[],"yoast_head":"<!-- This site is optimized with the Yoast SEO plugin v23.1 - https:\/\/yoast.com\/wordpress\/plugins\/seo\/ -->\n<title>Urz\u0105dzenie do makija\u017cu permanentnego DeLux | PureLine<\/title>\n<meta name=\"description\" content=\"Urz\u0105dzenie do makija\u017cu permanentnego DeLux | PureLine \u2764\ufe0f Najwy\u017csza jako\u015b\u0107 urz\u0105dze\u0144 do makija\u017cu permanentnego \u26a1 Szkolenia \u26a1 Wieloletnie do\u015bwiadczenie \u26a1 Zapraszamy do kontaktu!\" \/>\n<meta name=\"robots\" content=\"index, follow, max-snippet:-1, max-image-preview:large, max-video-preview:-1\" \/>\n<link rel=\"canonical\" href=\"https:\/\/pureline.com.pl\/index.php\/product\/pureline-de-lux\/\" \/>\n<meta property=\"og:locale\" content=\"pl_PL\" \/>\n<meta property=\"og:type\" content=\"article\" \/>\n<meta property=\"og:title\" content=\"Urz\u0105dzenie do makija\u017cu permanentnego DeLux | PureLine\" \/>\n<meta property=\"og:description\" content=\"Urz\u0105dzenie do makija\u017cu permanentnego DeLux | PureLine \u2764\ufe0f Najwy\u017csza jako\u015b\u0107 urz\u0105dze\u0144 do makija\u017cu permanentnego \u26a1 Szkolenia \u26a1 Wieloletnie do\u015bwiadczenie \u26a1 Zapraszamy do kontaktu!\" \/>\n<meta property=\"og:url\" content=\"https:\/\/pureline.com.pl\/index.php\/product\/pureline-de-lux\/\" \/>\n<meta property=\"og:site_name\" content=\"PureLine\" \/>\n<meta property=\"article:modified_time\" content=\"2023-10-26T13:28:34+00:00\" \/>\n<meta property=\"og:image\" content=\"https:\/\/pureline.com.pl\/wp-content\/uploads\/2021\/05\/DeLuxBlack_2.png\" \/>\n\t<meta property=\"og:image:width\" content=\"1024\" \/>\n\t<meta property=\"og:image:height\" content=\"903\" \/>\n\t<meta property=\"og:image:type\" content=\"image\/png\" \/>\n<meta name=\"twitter:card\" content=\"summary_large_image\" \/>\n<meta name=\"twitter:label1\" content=\"Szacowany czas czytania\" \/>\n\t<meta name=\"twitter:data1\" content=\"2 minuty\" \/>\n<script type=\"application\/ld+json\" class=\"yoast-schema-graph\">{\"@context\":\"https:\/\/schema.org\",\"@graph\":[{\"@type\":\"WebPage\",\"@id\":\"https:\/\/pureline.com.pl\/index.php\/product\/pureline-de-lux\/\",\"url\":\"https:\/\/pureline.com.pl\/index.php\/product\/pureline-de-lux\/\",\"name\":\"Urz\u0105dzenie do makija\u017cu permanentnego DeLux | PureLine\",\"isPartOf\":{\"@id\":\"https:\/\/pureline.com.pl\/#website\"},\"primaryImageOfPage\":{\"@id\":\"https:\/\/pureline.com.pl\/index.php\/product\/pureline-de-lux\/#primaryimage\"},\"image\":{\"@id\":\"https:\/\/pureline.com.pl\/index.php\/product\/pureline-de-lux\/#primaryimage\"},\"thumbnailUrl\":\"https:\/\/pureline.com.pl\/wp-content\/uploads\/2021\/05\/DeLuxBlack_2.png\",\"datePublished\":\"2018-04-18T09:55:33+00:00\",\"dateModified\":\"2023-10-26T13:28:34+00:00\",\"description\":\"Urz\u0105dzenie do makija\u017cu permanentnego DeLux | PureLine \u2764\ufe0f Najwy\u017csza jako\u015b\u0107 urz\u0105dze\u0144 do makija\u017cu permanentnego \u26a1 Szkolenia \u26a1 Wieloletnie do\u015bwiadczenie \u26a1 Zapraszamy do kontaktu!\",\"breadcrumb\":{\"@id\":\"https:\/\/pureline.com.pl\/index.php\/product\/pureline-de-lux\/#breadcrumb\"},\"inLanguage\":\"pl-PL\",\"potentialAction\":[{\"@type\":\"ReadAction\",\"target\":[\"https:\/\/pureline.com.pl\/index.php\/product\/pureline-de-lux\/\"]}]},{\"@type\":\"ImageObject\",\"inLanguage\":\"pl-PL\",\"@id\":\"https:\/\/pureline.com.pl\/index.php\/product\/pureline-de-lux\/#primaryimage\",\"url\":\"https:\/\/pureline.com.pl\/wp-content\/uploads\/2021\/05\/DeLuxBlack_2.png\",\"contentUrl\":\"https:\/\/pureline.com.pl\/wp-content\/uploads\/2021\/05\/DeLuxBlack_2.png\",\"width\":3260,\"height\":2876},{\"@type\":\"BreadcrumbList\",\"@id\":\"https:\/\/pureline.com.pl\/index.php\/product\/pureline-de-lux\/#breadcrumb\",\"itemListElement\":[{\"@type\":\"ListItem\",\"position\":1,\"name\":\"Strona g\u0142\u00f3wna\",\"item\":\"https:\/\/pureline.com.pl\/\"},{\"@type\":\"ListItem\",\"position\":2,\"name\":\"Sklep\",\"item\":\"https:\/\/pureline.com.pl\/index.php\/sklep\/\"},{\"@type\":\"ListItem\",\"position\":3,\"name\":\"Urz\u0105dzenie do makija\u017cu permanentnego DeLux\"}]},{\"@type\":\"WebSite\",\"@id\":\"https:\/\/pureline.com.pl\/#website\",\"url\":\"https:\/\/pureline.com.pl\/\",\"name\":\"PureLine\",\"description\":\"\",\"potentialAction\":[{\"@type\":\"SearchAction\",\"target\":{\"@type\":\"EntryPoint\",\"urlTemplate\":\"https:\/\/pureline.com.pl\/?s={search_term_string}\"},\"query-input\":\"required name=search_term_string\"}],\"inLanguage\":\"pl-PL\"}]}<\/script>\n<!-- \/ Yoast SEO plugin. -->","yoast_head_json":{"title":"Urz\u0105dzenie do makija\u017cu permanentnego DeLux | PureLine","description":"Urz\u0105dzenie do makija\u017cu permanentnego DeLux | PureLine \u2764\ufe0f Najwy\u017csza jako\u015b\u0107 urz\u0105dze\u0144 do makija\u017cu permanentnego \u26a1 Szkolenia \u26a1 Wieloletnie do\u015bwiadczenie \u26a1 Zapraszamy do kontaktu!","robots":{"index":"index","follow":"follow","max-snippet":"max-snippet:-1","max-image-preview":"max-image-preview:large","max-video-preview":"max-video-preview:-1"},"canonical":"https:\/\/pureline.com.pl\/index.php\/product\/pureline-de-lux\/","og_locale":"pl_PL","og_type":"article","og_title":"Urz\u0105dzenie do makija\u017cu permanentnego DeLux | PureLine","og_description":"Urz\u0105dzenie do makija\u017cu permanentnego DeLux | PureLine \u2764\ufe0f Najwy\u017csza jako\u015b\u0107 urz\u0105dze\u0144 do makija\u017cu permanentnego \u26a1 Szkolenia \u26a1 Wieloletnie do\u015bwiadczenie \u26a1 Zapraszamy do kontaktu!","og_url":"https:\/\/pureline.com.pl\/index.php\/product\/pureline-de-lux\/","og_site_name":"PureLine","article_modified_time":"2023-10-26T13:28:34+00:00","og_image":[{"url":"https:\/\/pureline.com.pl\/wp-content\/uploads\/2021\/05\/DeLuxBlack_2.png","width":1024,"height":903,"type":"image\/png"}],"twitter_card":"summary_large_image","twitter_misc":{"Szacowany czas czytania":"2 minuty"},"schema":{"@context":"https:\/\/schema.org","@graph":[{"@type":"WebPage","@id":"https:\/\/pureline.com.pl\/index.php\/product\/pureline-de-lux\/","url":"https:\/\/pureline.com.pl\/index.php\/product\/pureline-de-lux\/","name":"Urz\u0105dzenie do makija\u017cu permanentnego DeLux | PureLine","isPartOf":{"@id":"https:\/\/pureline.com.pl\/#website"},"primaryImageOfPage":{"@id":"https:\/\/pureline.com.pl\/index.php\/product\/pureline-de-lux\/#primaryimage"},"image":{"@id":"https:\/\/pureline.com.pl\/index.php\/product\/pureline-de-lux\/#primaryimage"},"thumbnailUrl":"https:\/\/pureline.com.pl\/wp-content\/uploads\/2021\/05\/DeLuxBlack_2.png","datePublished":"2018-04-18T09:55:33+00:00","dateModified":"2023-10-26T13:28:34+00:00","description":"Urz\u0105dzenie do makija\u017cu permanentnego DeLux | PureLine \u2764\ufe0f Najwy\u017csza jako\u015b\u0107 urz\u0105dze\u0144 do makija\u017cu permanentnego \u26a1 Szkolenia \u26a1 Wieloletnie do\u015bwiadczenie \u26a1 Zapraszamy do kontaktu!","breadcrumb":{"@id":"https:\/\/pureline.com.pl\/index.php\/product\/pureline-de-lux\/#breadcrumb"},"inLanguage":"pl-PL","potentialAction":[{"@type":"ReadAction","target":["https:\/\/pureline.com.pl\/index.php\/product\/pureline-de-lux\/"]}]},{"@type":"ImageObject","inLanguage":"pl-PL","@id":"https:\/\/pureline.com.pl\/index.php\/product\/pureline-de-lux\/#primaryimage","url":"https:\/\/pureline.com.pl\/wp-content\/uploads\/2021\/05\/DeLuxBlack_2.png","contentUrl":"https:\/\/pureline.com.pl\/wp-content\/uploads\/2021\/05\/DeLuxBlack_2.png","width":3260,"height":2876},{"@type":"BreadcrumbList","@id":"https:\/\/pureline.com.pl\/index.php\/product\/pureline-de-lux\/#breadcrumb","itemListElement":[{"@type":"ListItem","position":1,"name":"Strona g\u0142\u00f3wna","item":"https:\/\/pureline.com.pl\/"},{"@type":"ListItem","position":2,"name":"Sklep","item":"https:\/\/pureline.com.pl\/index.php\/sklep\/"},{"@type":"ListItem","position":3,"name":"Urz\u0105dzenie do makija\u017cu permanentnego DeLux"}]},{"@type":"WebSite","@id":"https:\/\/pureline.com.pl\/#website","url":"https:\/\/pureline.com.pl\/","name":"PureLine","description":"","potentialAction":[{"@type":"SearchAction","target":{"@type":"EntryPoint","urlTemplate":"https:\/\/pureline.com.pl\/?s={search_term_string}"},"query-input":"required name=search_term_string"}],"inLanguage":"pl-PL"}]}},"_links":{"self":[{"href":"https:\/\/pureline.com.pl\/index.php\/wp-json\/wp\/v2\/product\/588","targetHints":{"allow":["GET"]}}],"collection":[{"href":"https:\/\/pureline.com.pl\/index.php\/wp-json\/wp\/v2\/product"}],"about":[{"href":"https:\/\/pureline.com.pl\/index.php\/wp-json\/wp\/v2\/types\/product"}],"version-history":[{"count":8,"href":"https:\/\/pureline.com.pl\/index.php\/wp-json\/wp\/v2\/product\/588\/revisions"}],"predecessor-version":[{"id":6822,"href":"https:\/\/pureline.com.pl\/index.php\/wp-json\/wp\/v2\/product\/588\/revisions\/6822"}],"wp:featuredmedia":[{"embeddable":true,"href":"https:\/\/pureline.com.pl\/index.php\/wp-json\/wp\/v2\/media\/3641"}],"wp:attachment":[{"href":"https:\/\/pureline.com.pl\/index.php\/wp-json\/wp\/v2\/media?parent=588"}],"wp:term":[{"taxonomy":"product_brand","embeddable":true,"href":"https:\/\/pureline.com.pl\/index.php\/wp-json\/wp\/v2\/product_brand?post=588"},{"taxonomy":"product_cat","embeddable":true,"href":"https:\/\/pureline.com.pl\/index.php\/wp-json\/wp\/v2\/product_cat?post=588"},{"taxonomy":"product_tag","embeddable":true,"href":"https:\/\/pureline.com.pl\/index.php\/wp-json\/wp\/v2\/product_tag?post=588"}],"curies":[{"name":"wp","href":"https:\/\/api.w.org\/{rel}","templated":true}]}}