{"id":569,"date":"2018-01-15T16:31:01","date_gmt":"2018-01-15T15:31:01","guid":{"rendered":"http:\/\/pureline2.dkonto.pl\/?post_type=product&#038;p=569"},"modified":"2023-10-26T15:32:21","modified_gmt":"2023-10-26T13:32:21","slug":"pureline-basic","status":"publish","type":"product","link":"https:\/\/pureline.com.pl\/index.php\/product\/pureline-basic\/","title":{"rendered":"Urz\u0105dzenie do makija\u017cu permanentnego Basic"},"content":{"rendered":"<p>Inspiracja wysok\u0105 jako\u015bci\u0105, najnowsz\u0105 technologi\u0105 i materia\u0142ami doprowadzi\u0142a do powstania PureLine Basic<\/p>\n<p>Niepowtarzalny design oprawiony zosta\u0142 w aluminiow\u0105 obudow\u0119 zapewniaj\u0105c\u0105 \u0142atwo\u015b\u0107, bezpiecze\u0144stwo i higien\u0119 obs\u0142ugi.<\/p>\n<p>Po\u0142\u0105czenie technologii, jako\u015bci wykonania, niemieckiej precyzji i design\u2019u spe\u0142nia najwy\u017csze wymagania sprawiaj\u0105c, \u017ce praca z PureLine Basic to absolutna przyjemno\u015b\u0107.<\/p>\n<p>PureLine Basic info:<\/p>\n<p>Cyfrowo sterowana pr\u0119dko\u015b\u0107 mo\u017ce zosta\u0107 perfekcyjnie dostosowana i wybrana do danego obszaru mikropigmentacji w trzech zakresach pr\u0119dko\u015bci od 50 do 130 Hz<\/p>\n<p>Wysoka precyzja nap\u0119du zapewnia dok\u0142adno\u015b\u0107 podczas zabiegu mikropigmentacji (p\u0142ynna, niezmienna cz\u0119stotliwo\u015b\u0107 i moc pracy pomimo zr\u00f3\u017cnicowanej struktury powierzchni).<\/p>\n<p>Rodzaje igie\u0142 :<\/p>\n<p>&#8211; typu T<\/p>\n<p>&#8211; Kartrid\u017c<\/p>\n<p>Stosowane przez nas hypoalergiczne ig\u0142y\u00a0 s\u0105 cienkie, g\u0142adkie i elastyczne przez co podra\u017cnienie sk\u00f3ry jest minimalne a pigment zostaje \u0142atwo i p\u0142ynnie wprowadzany.<\/p>\n<p>Rozmiary igie\u0142: ig\u0142y okr\u0105g\u0142e o numerach 1,2,3,3-outline,5,7,9<\/p>\n<p>ig\u0142y p\u0142askie o numerach 3,5,7,13<\/p>\n<p>Istnieje mo\u017cliwo\u015b\u0107 dokupienia modu\u0142u na ig\u0142\u0119 Kartrid\u017cow\u0105<\/p>\n<p>Bezpiecze\u0144stwo i higiena<\/p>\n<p>Urz\u0105dzenia produkcji niemieckiej spe\u0142niaj\u0105 normy CE, zosta\u0142y tak\u017ce sprawdzone przez w\u0142a\u015bciwe Ministerstwo Zdrowia w Berlinie i dopuszczone do u\u017cycia w dziedzinach kosmetyki.<\/p>\n<p>Aparat i r\u0105czka wymagaj\u0105 tylko dezynfekcji zewn\u0119trznej. Wszystkie materia\u0142y u\u017cywane podczas zabiegu \u2013 ig\u0142y, dysze, pojemniki na pigmenty s\u0105 sterylne medycznie i jednorazowe.<\/p>\n<p>Aparat posiada modu\u0142 zabezpieczaj\u0105cy przedostawanie si\u0119 barwnika i p\u0142yn\u00f3w z obszaru pigmentowanego do ko\u0144c\u00f3wki pracuj\u0105cej.<\/p>\n<p>Dane techniczne :<\/p>\n<p>Typ : 230.044<\/p>\n<p>Zasilacz sieciowy : HNP 12-120<\/p>\n<p>Napi\u0119cie zasilania : 12V DC<\/p>\n<p>Wymiary : 116\/ 95 \/ 25 mm<\/p>\n<p>Pr\u0119dko\u015b\u0107\u00a0 sterowana w 3 zakresach<\/p>\n<p>Tryb pracy ci\u0105g\u0142ej<\/p>\n<p>Warunki pracy : od 10 stopni C do 35 stopni C<\/p>\n<p>Wilgotno\u015b\u0107 wzgl\u0119dna 30% do 75%<\/p>\n<p>Dyrektywy : 2004\/108\/WE oraz 2006\/95\/WE<\/p>\n<p>&nbsp;<\/p>\n","protected":false},"excerpt":{"rendered":"<h3>Urz\u0105dzenie do makija\u017cu permanentnego Basic<\/h3>\n","protected":false},"featured_media":3634,"template":"","meta":{"_acf_changed":false},"product_brand":[],"product_cat":[155,162],"product_tag":[],"class_list":{"0":"post-569","1":"product","2":"type-product","3":"status-publish","4":"has-post-thumbnail","6":"product_cat-urzadzenia-do-makijazu-permanentnego","7":"product_cat-urzadzenia-pureline","9":"first","10":"outofstock","11":"shipping-taxable","12":"purchasable","13":"product-type-simple"},"acf":[],"yoast_head":"<!-- This site is optimized with the Yoast SEO plugin v23.1 - https:\/\/yoast.com\/wordpress\/plugins\/seo\/ -->\n<title>Urz\u0105dzenie do makija\u017cu permanentnego Basic | PureLine<\/title>\n<meta name=\"description\" content=\"Urz\u0105dzenie do makija\u017cu permanentnego Basic | PureLine \u2764\ufe0f Najwy\u017csza jako\u015b\u0107 urz\u0105dze\u0144 do makija\u017cu permanentnego \u26a1 Szkolenia \u26a1 Wieloletnie do\u015bwiadczenie \u26a1 Zapraszamy do kontaktu!\" \/>\n<meta name=\"robots\" content=\"index, follow, max-snippet:-1, max-image-preview:large, max-video-preview:-1\" \/>\n<link rel=\"canonical\" href=\"https:\/\/pureline.com.pl\/index.php\/product\/pureline-basic\/\" \/>\n<meta property=\"og:locale\" content=\"pl_PL\" \/>\n<meta property=\"og:type\" content=\"article\" \/>\n<meta property=\"og:title\" content=\"Urz\u0105dzenie do makija\u017cu permanentnego Basic | PureLine\" \/>\n<meta property=\"og:description\" content=\"Urz\u0105dzenie do makija\u017cu permanentnego Basic | PureLine \u2764\ufe0f Najwy\u017csza jako\u015b\u0107 urz\u0105dze\u0144 do makija\u017cu permanentnego \u26a1 Szkolenia \u26a1 Wieloletnie do\u015bwiadczenie \u26a1 Zapraszamy do kontaktu!\" \/>\n<meta property=\"og:url\" content=\"https:\/\/pureline.com.pl\/index.php\/product\/pureline-basic\/\" \/>\n<meta property=\"og:site_name\" content=\"PureLine\" \/>\n<meta property=\"article:modified_time\" content=\"2023-10-26T13:32:21+00:00\" \/>\n<meta property=\"og:image\" content=\"https:\/\/pureline.com.pl\/wp-content\/uploads\/2021\/05\/basic-urzadzenia-copy.png\" \/>\n\t<meta property=\"og:image:width\" content=\"2693\" \/>\n\t<meta property=\"og:image:height\" content=\"2340\" \/>\n\t<meta property=\"og:image:type\" content=\"image\/png\" \/>\n<meta name=\"twitter:card\" content=\"summary_large_image\" \/>\n<meta name=\"twitter:label1\" content=\"Szacowany czas czytania\" \/>\n\t<meta name=\"twitter:data1\" content=\"2 minuty\" \/>\n<script type=\"application\/ld+json\" class=\"yoast-schema-graph\">{\"@context\":\"https:\/\/schema.org\",\"@graph\":[{\"@type\":\"WebPage\",\"@id\":\"https:\/\/pureline.com.pl\/index.php\/product\/pureline-basic\/\",\"url\":\"https:\/\/pureline.com.pl\/index.php\/product\/pureline-basic\/\",\"name\":\"Urz\u0105dzenie do makija\u017cu permanentnego Basic | PureLine\",\"isPartOf\":{\"@id\":\"https:\/\/pureline.com.pl\/#website\"},\"primaryImageOfPage\":{\"@id\":\"https:\/\/pureline.com.pl\/index.php\/product\/pureline-basic\/#primaryimage\"},\"image\":{\"@id\":\"https:\/\/pureline.com.pl\/index.php\/product\/pureline-basic\/#primaryimage\"},\"thumbnailUrl\":\"https:\/\/pureline.com.pl\/wp-content\/uploads\/2021\/05\/basic-urzadzenia-copy.png\",\"datePublished\":\"2018-01-15T15:31:01+00:00\",\"dateModified\":\"2023-10-26T13:32:21+00:00\",\"description\":\"Urz\u0105dzenie do makija\u017cu permanentnego Basic | PureLine \u2764\ufe0f Najwy\u017csza jako\u015b\u0107 urz\u0105dze\u0144 do makija\u017cu permanentnego \u26a1 Szkolenia \u26a1 Wieloletnie do\u015bwiadczenie \u26a1 Zapraszamy do kontaktu!\",\"breadcrumb\":{\"@id\":\"https:\/\/pureline.com.pl\/index.php\/product\/pureline-basic\/#breadcrumb\"},\"inLanguage\":\"pl-PL\",\"potentialAction\":[{\"@type\":\"ReadAction\",\"target\":[\"https:\/\/pureline.com.pl\/index.php\/product\/pureline-basic\/\"]}]},{\"@type\":\"ImageObject\",\"inLanguage\":\"pl-PL\",\"@id\":\"https:\/\/pureline.com.pl\/index.php\/product\/pureline-basic\/#primaryimage\",\"url\":\"https:\/\/pureline.com.pl\/wp-content\/uploads\/2021\/05\/basic-urzadzenia-copy.png\",\"contentUrl\":\"https:\/\/pureline.com.pl\/wp-content\/uploads\/2021\/05\/basic-urzadzenia-copy.png\",\"width\":2693,\"height\":2340},{\"@type\":\"BreadcrumbList\",\"@id\":\"https:\/\/pureline.com.pl\/index.php\/product\/pureline-basic\/#breadcrumb\",\"itemListElement\":[{\"@type\":\"ListItem\",\"position\":1,\"name\":\"Strona g\u0142\u00f3wna\",\"item\":\"https:\/\/pureline.com.pl\/\"},{\"@type\":\"ListItem\",\"position\":2,\"name\":\"Sklep\",\"item\":\"https:\/\/pureline.com.pl\/index.php\/sklep\/\"},{\"@type\":\"ListItem\",\"position\":3,\"name\":\"Urz\u0105dzenie do makija\u017cu permanentnego Basic\"}]},{\"@type\":\"WebSite\",\"@id\":\"https:\/\/pureline.com.pl\/#website\",\"url\":\"https:\/\/pureline.com.pl\/\",\"name\":\"PureLine\",\"description\":\"\",\"potentialAction\":[{\"@type\":\"SearchAction\",\"target\":{\"@type\":\"EntryPoint\",\"urlTemplate\":\"https:\/\/pureline.com.pl\/?s={search_term_string}\"},\"query-input\":\"required name=search_term_string\"}],\"inLanguage\":\"pl-PL\"}]}<\/script>\n<!-- \/ Yoast SEO plugin. -->","yoast_head_json":{"title":"Urz\u0105dzenie do makija\u017cu permanentnego Basic | PureLine","description":"Urz\u0105dzenie do makija\u017cu permanentnego Basic | PureLine \u2764\ufe0f Najwy\u017csza jako\u015b\u0107 urz\u0105dze\u0144 do makija\u017cu permanentnego \u26a1 Szkolenia \u26a1 Wieloletnie do\u015bwiadczenie \u26a1 Zapraszamy do kontaktu!","robots":{"index":"index","follow":"follow","max-snippet":"max-snippet:-1","max-image-preview":"max-image-preview:large","max-video-preview":"max-video-preview:-1"},"canonical":"https:\/\/pureline.com.pl\/index.php\/product\/pureline-basic\/","og_locale":"pl_PL","og_type":"article","og_title":"Urz\u0105dzenie do makija\u017cu permanentnego Basic | PureLine","og_description":"Urz\u0105dzenie do makija\u017cu permanentnego Basic | PureLine \u2764\ufe0f Najwy\u017csza jako\u015b\u0107 urz\u0105dze\u0144 do makija\u017cu permanentnego \u26a1 Szkolenia \u26a1 Wieloletnie do\u015bwiadczenie \u26a1 Zapraszamy do kontaktu!","og_url":"https:\/\/pureline.com.pl\/index.php\/product\/pureline-basic\/","og_site_name":"PureLine","article_modified_time":"2023-10-26T13:32:21+00:00","og_image":[{"width":2693,"height":2340,"url":"https:\/\/pureline.com.pl\/wp-content\/uploads\/2021\/05\/basic-urzadzenia-copy.png","type":"image\/png"}],"twitter_card":"summary_large_image","twitter_misc":{"Szacowany czas czytania":"2 minuty"},"schema":{"@context":"https:\/\/schema.org","@graph":[{"@type":"WebPage","@id":"https:\/\/pureline.com.pl\/index.php\/product\/pureline-basic\/","url":"https:\/\/pureline.com.pl\/index.php\/product\/pureline-basic\/","name":"Urz\u0105dzenie do makija\u017cu permanentnego Basic | PureLine","isPartOf":{"@id":"https:\/\/pureline.com.pl\/#website"},"primaryImageOfPage":{"@id":"https:\/\/pureline.com.pl\/index.php\/product\/pureline-basic\/#primaryimage"},"image":{"@id":"https:\/\/pureline.com.pl\/index.php\/product\/pureline-basic\/#primaryimage"},"thumbnailUrl":"https:\/\/pureline.com.pl\/wp-content\/uploads\/2021\/05\/basic-urzadzenia-copy.png","datePublished":"2018-01-15T15:31:01+00:00","dateModified":"2023-10-26T13:32:21+00:00","description":"Urz\u0105dzenie do makija\u017cu permanentnego Basic | PureLine \u2764\ufe0f Najwy\u017csza jako\u015b\u0107 urz\u0105dze\u0144 do makija\u017cu permanentnego \u26a1 Szkolenia \u26a1 Wieloletnie do\u015bwiadczenie \u26a1 Zapraszamy do kontaktu!","breadcrumb":{"@id":"https:\/\/pureline.com.pl\/index.php\/product\/pureline-basic\/#breadcrumb"},"inLanguage":"pl-PL","potentialAction":[{"@type":"ReadAction","target":["https:\/\/pureline.com.pl\/index.php\/product\/pureline-basic\/"]}]},{"@type":"ImageObject","inLanguage":"pl-PL","@id":"https:\/\/pureline.com.pl\/index.php\/product\/pureline-basic\/#primaryimage","url":"https:\/\/pureline.com.pl\/wp-content\/uploads\/2021\/05\/basic-urzadzenia-copy.png","contentUrl":"https:\/\/pureline.com.pl\/wp-content\/uploads\/2021\/05\/basic-urzadzenia-copy.png","width":2693,"height":2340},{"@type":"BreadcrumbList","@id":"https:\/\/pureline.com.pl\/index.php\/product\/pureline-basic\/#breadcrumb","itemListElement":[{"@type":"ListItem","position":1,"name":"Strona g\u0142\u00f3wna","item":"https:\/\/pureline.com.pl\/"},{"@type":"ListItem","position":2,"name":"Sklep","item":"https:\/\/pureline.com.pl\/index.php\/sklep\/"},{"@type":"ListItem","position":3,"name":"Urz\u0105dzenie do makija\u017cu permanentnego Basic"}]},{"@type":"WebSite","@id":"https:\/\/pureline.com.pl\/#website","url":"https:\/\/pureline.com.pl\/","name":"PureLine","description":"","potentialAction":[{"@type":"SearchAction","target":{"@type":"EntryPoint","urlTemplate":"https:\/\/pureline.com.pl\/?s={search_term_string}"},"query-input":"required name=search_term_string"}],"inLanguage":"pl-PL"}]}},"_links":{"self":[{"href":"https:\/\/pureline.com.pl\/index.php\/wp-json\/wp\/v2\/product\/569","targetHints":{"allow":["GET"]}}],"collection":[{"href":"https:\/\/pureline.com.pl\/index.php\/wp-json\/wp\/v2\/product"}],"about":[{"href":"https:\/\/pureline.com.pl\/index.php\/wp-json\/wp\/v2\/types\/product"}],"version-history":[{"count":15,"href":"https:\/\/pureline.com.pl\/index.php\/wp-json\/wp\/v2\/product\/569\/revisions"}],"predecessor-version":[{"id":6817,"href":"https:\/\/pureline.com.pl\/index.php\/wp-json\/wp\/v2\/product\/569\/revisions\/6817"}],"wp:featuredmedia":[{"embeddable":true,"href":"https:\/\/pureline.com.pl\/index.php\/wp-json\/wp\/v2\/media\/3634"}],"wp:attachment":[{"href":"https:\/\/pureline.com.pl\/index.php\/wp-json\/wp\/v2\/media?parent=569"}],"wp:term":[{"taxonomy":"product_brand","embeddable":true,"href":"https:\/\/pureline.com.pl\/index.php\/wp-json\/wp\/v2\/product_brand?post=569"},{"taxonomy":"product_cat","embeddable":true,"href":"https:\/\/pureline.com.pl\/index.php\/wp-json\/wp\/v2\/product_cat?post=569"},{"taxonomy":"product_tag","embeddable":true,"href":"https:\/\/pureline.com.pl\/index.php\/wp-json\/wp\/v2\/product_tag?post=569"}],"curies":[{"name":"wp","href":"https:\/\/api.w.org\/{rel}","templated":true}]}}