{"id":4887,"date":"2021-11-25T10:17:48","date_gmt":"2021-11-25T09:17:48","guid":{"rendered":"https:\/\/pureline.com.pl\/?post_type=product&#038;p=4887"},"modified":"2026-03-04T12:39:24","modified_gmt":"2026-03-04T11:39:24","slug":"irish-stew","status":"publish","type":"product","link":"https:\/\/pureline.com.pl\/index.php\/product\/irish-stew\/","title":{"rendered":"Irish Stew"},"content":{"rendered":"<p>Be\u017c grafitowy, nie rudziej\u0105cy, bezpieczny<\/p>\n","protected":false},"excerpt":{"rendered":"<p>Be\u017c grafitowy, nie rudziej\u0105cy, bezpieczny<\/p>\n","protected":false},"featured_media":4888,"template":"","meta":{"_acf_changed":false},"product_brand":[],"product_cat":[174],"product_tag":[],"class_list":{"0":"post-4887","1":"product","2":"type-product","3":"status-publish","4":"has-post-thumbnail","6":"product_cat-brwi","8":"first","9":"instock","10":"shipping-taxable","11":"purchasable","12":"product-type-simple"},"acf":[],"yoast_head":"<!-- This site is optimized with the Yoast SEO plugin v23.1 - https:\/\/yoast.com\/wordpress\/plugins\/seo\/ -->\n<title>Irish Stew | PureLine<\/title>\n<meta name=\"description\" content=\"Irish Stew | PureLine \u2764\ufe0f Najwy\u017csza jako\u015b\u0107 urz\u0105dze\u0144 do makija\u017cu permanentnego \u26a1 Szkolenia \u26a1 Wieloletnie do\u015bwiadczenie \u26a1 Zapraszamy do kontaktu!\" \/>\n<meta name=\"robots\" content=\"index, follow, max-snippet:-1, max-image-preview:large, max-video-preview:-1\" \/>\n<link rel=\"canonical\" href=\"https:\/\/pureline.com.pl\/index.php\/product\/irish-stew\/\" \/>\n<meta property=\"og:locale\" content=\"pl_PL\" \/>\n<meta property=\"og:type\" content=\"article\" \/>\n<meta property=\"og:title\" content=\"Irish Stew | PureLine\" \/>\n<meta property=\"og:description\" content=\"Irish Stew | PureLine \u2764\ufe0f Najwy\u017csza jako\u015b\u0107 urz\u0105dze\u0144 do makija\u017cu permanentnego \u26a1 Szkolenia \u26a1 Wieloletnie do\u015bwiadczenie \u26a1 Zapraszamy do kontaktu!\" \/>\n<meta property=\"og:url\" content=\"https:\/\/pureline.com.pl\/index.php\/product\/irish-stew\/\" \/>\n<meta property=\"og:site_name\" content=\"PureLine\" \/>\n<meta property=\"article:modified_time\" content=\"2026-03-04T11:39:24+00:00\" \/>\n<meta property=\"og:image\" content=\"https:\/\/pureline.com.pl\/wp-content\/uploads\/2021\/11\/purebeau_irishstrew-320x40-1.png\" \/>\n\t<meta property=\"og:image:width\" content=\"320\" \/>\n\t<meta property=\"og:image:height\" content=\"40\" \/>\n\t<meta property=\"og:image:type\" content=\"image\/png\" \/>\n<meta name=\"twitter:card\" content=\"summary_large_image\" \/>\n<script type=\"application\/ld+json\" class=\"yoast-schema-graph\">{\"@context\":\"https:\/\/schema.org\",\"@graph\":[{\"@type\":\"WebPage\",\"@id\":\"https:\/\/pureline.com.pl\/index.php\/product\/irish-stew\/\",\"url\":\"https:\/\/pureline.com.pl\/index.php\/product\/irish-stew\/\",\"name\":\"Irish Stew | PureLine\",\"isPartOf\":{\"@id\":\"https:\/\/pureline.com.pl\/#website\"},\"primaryImageOfPage\":{\"@id\":\"https:\/\/pureline.com.pl\/index.php\/product\/irish-stew\/#primaryimage\"},\"image\":{\"@id\":\"https:\/\/pureline.com.pl\/index.php\/product\/irish-stew\/#primaryimage\"},\"thumbnailUrl\":\"https:\/\/pureline.com.pl\/wp-content\/uploads\/2021\/11\/purebeau_irishstrew-320x40-1.png\",\"datePublished\":\"2021-11-25T09:17:48+00:00\",\"dateModified\":\"2026-03-04T11:39:24+00:00\",\"description\":\"Irish Stew | PureLine \u2764\ufe0f Najwy\u017csza jako\u015b\u0107 urz\u0105dze\u0144 do makija\u017cu permanentnego \u26a1 Szkolenia \u26a1 Wieloletnie do\u015bwiadczenie \u26a1 Zapraszamy do kontaktu!\",\"breadcrumb\":{\"@id\":\"https:\/\/pureline.com.pl\/index.php\/product\/irish-stew\/#breadcrumb\"},\"inLanguage\":\"pl-PL\",\"potentialAction\":[{\"@type\":\"ReadAction\",\"target\":[\"https:\/\/pureline.com.pl\/index.php\/product\/irish-stew\/\"]}]},{\"@type\":\"ImageObject\",\"inLanguage\":\"pl-PL\",\"@id\":\"https:\/\/pureline.com.pl\/index.php\/product\/irish-stew\/#primaryimage\",\"url\":\"https:\/\/pureline.com.pl\/wp-content\/uploads\/2021\/11\/purebeau_irishstrew-320x40-1.png\",\"contentUrl\":\"https:\/\/pureline.com.pl\/wp-content\/uploads\/2021\/11\/purebeau_irishstrew-320x40-1.png\",\"width\":320,\"height\":40},{\"@type\":\"BreadcrumbList\",\"@id\":\"https:\/\/pureline.com.pl\/index.php\/product\/irish-stew\/#breadcrumb\",\"itemListElement\":[{\"@type\":\"ListItem\",\"position\":1,\"name\":\"Strona g\u0142\u00f3wna\",\"item\":\"https:\/\/pureline.com.pl\/\"},{\"@type\":\"ListItem\",\"position\":2,\"name\":\"Sklep\",\"item\":\"https:\/\/pureline.com.pl\/index.php\/sklep\/\"},{\"@type\":\"ListItem\",\"position\":3,\"name\":\"Irish Stew\"}]},{\"@type\":\"WebSite\",\"@id\":\"https:\/\/pureline.com.pl\/#website\",\"url\":\"https:\/\/pureline.com.pl\/\",\"name\":\"PureLine\",\"description\":\"\",\"potentialAction\":[{\"@type\":\"SearchAction\",\"target\":{\"@type\":\"EntryPoint\",\"urlTemplate\":\"https:\/\/pureline.com.pl\/?s={search_term_string}\"},\"query-input\":\"required name=search_term_string\"}],\"inLanguage\":\"pl-PL\"}]}<\/script>\n<!-- \/ Yoast SEO plugin. -->","yoast_head_json":{"title":"Irish Stew | PureLine","description":"Irish Stew | PureLine \u2764\ufe0f Najwy\u017csza jako\u015b\u0107 urz\u0105dze\u0144 do makija\u017cu permanentnego \u26a1 Szkolenia \u26a1 Wieloletnie do\u015bwiadczenie \u26a1 Zapraszamy do kontaktu!","robots":{"index":"index","follow":"follow","max-snippet":"max-snippet:-1","max-image-preview":"max-image-preview:large","max-video-preview":"max-video-preview:-1"},"canonical":"https:\/\/pureline.com.pl\/index.php\/product\/irish-stew\/","og_locale":"pl_PL","og_type":"article","og_title":"Irish Stew | PureLine","og_description":"Irish Stew | PureLine \u2764\ufe0f Najwy\u017csza jako\u015b\u0107 urz\u0105dze\u0144 do makija\u017cu permanentnego \u26a1 Szkolenia \u26a1 Wieloletnie do\u015bwiadczenie \u26a1 Zapraszamy do kontaktu!","og_url":"https:\/\/pureline.com.pl\/index.php\/product\/irish-stew\/","og_site_name":"PureLine","article_modified_time":"2026-03-04T11:39:24+00:00","og_image":[{"width":320,"height":40,"url":"https:\/\/pureline.com.pl\/wp-content\/uploads\/2021\/11\/purebeau_irishstrew-320x40-1.png","type":"image\/png"}],"twitter_card":"summary_large_image","schema":{"@context":"https:\/\/schema.org","@graph":[{"@type":"WebPage","@id":"https:\/\/pureline.com.pl\/index.php\/product\/irish-stew\/","url":"https:\/\/pureline.com.pl\/index.php\/product\/irish-stew\/","name":"Irish Stew | PureLine","isPartOf":{"@id":"https:\/\/pureline.com.pl\/#website"},"primaryImageOfPage":{"@id":"https:\/\/pureline.com.pl\/index.php\/product\/irish-stew\/#primaryimage"},"image":{"@id":"https:\/\/pureline.com.pl\/index.php\/product\/irish-stew\/#primaryimage"},"thumbnailUrl":"https:\/\/pureline.com.pl\/wp-content\/uploads\/2021\/11\/purebeau_irishstrew-320x40-1.png","datePublished":"2021-11-25T09:17:48+00:00","dateModified":"2026-03-04T11:39:24+00:00","description":"Irish Stew | PureLine \u2764\ufe0f Najwy\u017csza jako\u015b\u0107 urz\u0105dze\u0144 do makija\u017cu permanentnego \u26a1 Szkolenia \u26a1 Wieloletnie do\u015bwiadczenie \u26a1 Zapraszamy do kontaktu!","breadcrumb":{"@id":"https:\/\/pureline.com.pl\/index.php\/product\/irish-stew\/#breadcrumb"},"inLanguage":"pl-PL","potentialAction":[{"@type":"ReadAction","target":["https:\/\/pureline.com.pl\/index.php\/product\/irish-stew\/"]}]},{"@type":"ImageObject","inLanguage":"pl-PL","@id":"https:\/\/pureline.com.pl\/index.php\/product\/irish-stew\/#primaryimage","url":"https:\/\/pureline.com.pl\/wp-content\/uploads\/2021\/11\/purebeau_irishstrew-320x40-1.png","contentUrl":"https:\/\/pureline.com.pl\/wp-content\/uploads\/2021\/11\/purebeau_irishstrew-320x40-1.png","width":320,"height":40},{"@type":"BreadcrumbList","@id":"https:\/\/pureline.com.pl\/index.php\/product\/irish-stew\/#breadcrumb","itemListElement":[{"@type":"ListItem","position":1,"name":"Strona g\u0142\u00f3wna","item":"https:\/\/pureline.com.pl\/"},{"@type":"ListItem","position":2,"name":"Sklep","item":"https:\/\/pureline.com.pl\/index.php\/sklep\/"},{"@type":"ListItem","position":3,"name":"Irish Stew"}]},{"@type":"WebSite","@id":"https:\/\/pureline.com.pl\/#website","url":"https:\/\/pureline.com.pl\/","name":"PureLine","description":"","potentialAction":[{"@type":"SearchAction","target":{"@type":"EntryPoint","urlTemplate":"https:\/\/pureline.com.pl\/?s={search_term_string}"},"query-input":"required name=search_term_string"}],"inLanguage":"pl-PL"}]}},"_links":{"self":[{"href":"https:\/\/pureline.com.pl\/index.php\/wp-json\/wp\/v2\/product\/4887","targetHints":{"allow":["GET"]}}],"collection":[{"href":"https:\/\/pureline.com.pl\/index.php\/wp-json\/wp\/v2\/product"}],"about":[{"href":"https:\/\/pureline.com.pl\/index.php\/wp-json\/wp\/v2\/types\/product"}],"version-history":[{"count":2,"href":"https:\/\/pureline.com.pl\/index.php\/wp-json\/wp\/v2\/product\/4887\/revisions"}],"predecessor-version":[{"id":5406,"href":"https:\/\/pureline.com.pl\/index.php\/wp-json\/wp\/v2\/product\/4887\/revisions\/5406"}],"wp:featuredmedia":[{"embeddable":true,"href":"https:\/\/pureline.com.pl\/index.php\/wp-json\/wp\/v2\/media\/4888"}],"wp:attachment":[{"href":"https:\/\/pureline.com.pl\/index.php\/wp-json\/wp\/v2\/media?parent=4887"}],"wp:term":[{"taxonomy":"product_brand","embeddable":true,"href":"https:\/\/pureline.com.pl\/index.php\/wp-json\/wp\/v2\/product_brand?post=4887"},{"taxonomy":"product_cat","embeddable":true,"href":"https:\/\/pureline.com.pl\/index.php\/wp-json\/wp\/v2\/product_cat?post=4887"},{"taxonomy":"product_tag","embeddable":true,"href":"https:\/\/pureline.com.pl\/index.php\/wp-json\/wp\/v2\/product_tag?post=4887"}],"curies":[{"name":"wp","href":"https:\/\/api.w.org\/{rel}","templated":true}]}}