{"id":4443,"date":"2021-08-26T15:41:43","date_gmt":"2021-08-26T13:41:43","guid":{"rendered":"https:\/\/pureline.com.pl\/?post_type=product&#038;p=4443"},"modified":"2022-11-04T14:09:16","modified_gmt":"2022-11-04T13:09:16","slug":"urzadzenie-do-tattoo-mini","status":"publish","type":"product","link":"https:\/\/pureline.com.pl\/index.php\/product\/urzadzenie-do-tattoo-mini\/","title":{"rendered":"Urz\u0105dzenie do tatua\u017cu Tattoo Mini zestaw"},"content":{"rendered":"<h1 style=\"font-size: 21.25px;\">Urz\u0105dzenie do tatua\u017cu Tattoo Mini zestaw<\/h1>\n<p>Opis zasilacza :<\/p>\n<p>Wsp\u00f3\u0142pracuje z maszynkami cewkowymi i rotacyjnymi<\/p>\n<p>MINI zasilacz spe\u0142nia wszystkie najpotrzebniejsze wymagania w wykonywaniu tatua\u017cu<\/p>\n<p>Regulacj\u0119 napi\u0119cia steruje si\u0119 za pomoc\u0105 przycisku \/ pokr\u0119t\u0142a<\/p>\n<p>Wy\u015bwietlacz na urz\u0105dzeniu wskazuj\u0119 aktualne napi\u0119cie<\/p>\n<p>Mo\u017cliwo\u015b\u0107 pod\u0142\u0105czenia peda\u0142u do sterowania<\/p>\n<p>Dane techniczne:<\/p>\n<p>Zakres napi\u0119cia wej\u015bciowego: AC 90-240V<\/p>\n<p>Cz\u0119stotliwo\u015b\u0107 napi\u0119cia wej\u015bciowego :50-60Hz<\/p>\n<p>Zakres mocy wyj\u015bciowej: 0,3W \u2013 54W<\/p>\n<p>Zakres napi\u0119cia wyj\u015bciowego. : 3-18V t 0,1V<\/p>\n<p>Rozmiar: 90\/88\/28 mm<\/p>\n<p>BMX Pen opis:<\/p>\n<p>Rotacyjny pen do tatua\u017cu w kolorze czarnym, wykonany z aluminium .<\/p>\n<p>W \u015brodku zastosowano silnik DC o pr\u0119dko\u015bci do 10000 obr\/min gwarantuj\u0105cy wysok\u0105 kultur\u0119 pracy .<\/p>\n<p>Dane techniczne :<\/p>\n<p>Pr\u0119dko\u015b\u0107 do 10000 obr\/min<\/p>\n<p>Zasilanie max 12V<\/p>\n<p>Skok ig\u0142y 3,5mm<\/p>\n<p>Silnik bez szczotkowy 4,5 W<\/p>\n<p>Obudowa aluminiowa<\/p>\n<p>Wymiary d\u0142 115 , \u015brednica 24 mm<\/p>\n<p>Waga 120 g<\/p>\n<p>W sk\u0142ad zestawu wchodzi :<\/p>\n<ul>\n<li>zasilacz<\/li>\n<li>BMX Pen<\/li>\n<li>peda\u0142<\/li>\n<li>10 kardrid\u017cy 5RM<\/li>\n<li>banda\u017c<\/li>\n<\/ul>\n","protected":false},"excerpt":{"rendered":"<p>Urz\u0105dzenie do tatua\u017cu MINI Tattoo zestaw<\/p>\n","protected":false},"featured_media":4571,"template":"","meta":{"_acf_changed":false},"product_brand":[],"product_cat":[161],"product_tag":[],"class_list":{"0":"post-4443","1":"product","2":"type-product","3":"status-publish","4":"has-post-thumbnail","6":"product_cat-urzadzenia-do-tattoo","8":"first","9":"instock","10":"shipping-taxable","11":"purchasable","12":"product-type-simple"},"acf":[],"yoast_head":"<!-- This site is optimized with the Yoast SEO plugin v23.1 - https:\/\/yoast.com\/wordpress\/plugins\/seo\/ -->\n<title>Urz\u0105dzenie do tatua\u017cu Tattoo Mini zestaw | PureLine<\/title>\n<meta name=\"description\" content=\"Urz\u0105dzenie do tatua\u017cu Tattoo Mini zestaw | PureLine \u2764\ufe0f Najwy\u017csza jako\u015b\u0107 urz\u0105dze\u0144 do makija\u017cu permanentnego \u26a1 Szkolenia \u26a1 Wieloletnie do\u015bwiadczenie \u26a1 Zapraszamy do kontaktu!\" \/>\n<meta name=\"robots\" content=\"index, follow, max-snippet:-1, max-image-preview:large, max-video-preview:-1\" \/>\n<link rel=\"canonical\" href=\"https:\/\/pureline.com.pl\/index.php\/product\/urzadzenie-do-tattoo-mini\/\" \/>\n<meta property=\"og:locale\" content=\"pl_PL\" \/>\n<meta property=\"og:type\" content=\"article\" \/>\n<meta property=\"og:title\" content=\"Urz\u0105dzenie do tatua\u017cu Tattoo Mini zestaw | PureLine\" \/>\n<meta property=\"og:description\" content=\"Urz\u0105dzenie do tatua\u017cu Tattoo Mini zestaw | PureLine \u2764\ufe0f Najwy\u017csza jako\u015b\u0107 urz\u0105dze\u0144 do makija\u017cu permanentnego \u26a1 Szkolenia \u26a1 Wieloletnie do\u015bwiadczenie \u26a1 Zapraszamy do kontaktu!\" \/>\n<meta property=\"og:url\" content=\"https:\/\/pureline.com.pl\/index.php\/product\/urzadzenie-do-tattoo-mini\/\" \/>\n<meta property=\"og:site_name\" content=\"PureLine\" \/>\n<meta property=\"article:modified_time\" content=\"2022-11-04T13:09:16+00:00\" \/>\n<meta property=\"og:image\" content=\"https:\/\/pureline.com.pl\/wp-content\/uploads\/2021\/08\/tattoo-8-1.jpg\" \/>\n\t<meta property=\"og:image:width\" content=\"1975\" \/>\n\t<meta property=\"og:image:height\" content=\"1632\" \/>\n\t<meta property=\"og:image:type\" content=\"image\/jpeg\" \/>\n<meta name=\"twitter:card\" content=\"summary_large_image\" \/>\n<meta name=\"twitter:label1\" content=\"Szacowany czas czytania\" \/>\n\t<meta name=\"twitter:data1\" content=\"1 minuta\" \/>\n<script type=\"application\/ld+json\" class=\"yoast-schema-graph\">{\"@context\":\"https:\/\/schema.org\",\"@graph\":[{\"@type\":\"WebPage\",\"@id\":\"https:\/\/pureline.com.pl\/index.php\/product\/urzadzenie-do-tattoo-mini\/\",\"url\":\"https:\/\/pureline.com.pl\/index.php\/product\/urzadzenie-do-tattoo-mini\/\",\"name\":\"Urz\u0105dzenie do tatua\u017cu Tattoo Mini zestaw | PureLine\",\"isPartOf\":{\"@id\":\"https:\/\/pureline.com.pl\/#website\"},\"primaryImageOfPage\":{\"@id\":\"https:\/\/pureline.com.pl\/index.php\/product\/urzadzenie-do-tattoo-mini\/#primaryimage\"},\"image\":{\"@id\":\"https:\/\/pureline.com.pl\/index.php\/product\/urzadzenie-do-tattoo-mini\/#primaryimage\"},\"thumbnailUrl\":\"https:\/\/pureline.com.pl\/wp-content\/uploads\/2021\/08\/tattoo-8-1.jpg\",\"datePublished\":\"2021-08-26T13:41:43+00:00\",\"dateModified\":\"2022-11-04T13:09:16+00:00\",\"description\":\"Urz\u0105dzenie do tatua\u017cu Tattoo Mini zestaw | PureLine \u2764\ufe0f Najwy\u017csza jako\u015b\u0107 urz\u0105dze\u0144 do makija\u017cu permanentnego \u26a1 Szkolenia \u26a1 Wieloletnie do\u015bwiadczenie \u26a1 Zapraszamy do kontaktu!\",\"breadcrumb\":{\"@id\":\"https:\/\/pureline.com.pl\/index.php\/product\/urzadzenie-do-tattoo-mini\/#breadcrumb\"},\"inLanguage\":\"pl-PL\",\"potentialAction\":[{\"@type\":\"ReadAction\",\"target\":[\"https:\/\/pureline.com.pl\/index.php\/product\/urzadzenie-do-tattoo-mini\/\"]}]},{\"@type\":\"ImageObject\",\"inLanguage\":\"pl-PL\",\"@id\":\"https:\/\/pureline.com.pl\/index.php\/product\/urzadzenie-do-tattoo-mini\/#primaryimage\",\"url\":\"https:\/\/pureline.com.pl\/wp-content\/uploads\/2021\/08\/tattoo-8-1.jpg\",\"contentUrl\":\"https:\/\/pureline.com.pl\/wp-content\/uploads\/2021\/08\/tattoo-8-1.jpg\",\"width\":1975,\"height\":1632},{\"@type\":\"BreadcrumbList\",\"@id\":\"https:\/\/pureline.com.pl\/index.php\/product\/urzadzenie-do-tattoo-mini\/#breadcrumb\",\"itemListElement\":[{\"@type\":\"ListItem\",\"position\":1,\"name\":\"Strona g\u0142\u00f3wna\",\"item\":\"https:\/\/pureline.com.pl\/\"},{\"@type\":\"ListItem\",\"position\":2,\"name\":\"Sklep\",\"item\":\"https:\/\/pureline.com.pl\/index.php\/sklep\/\"},{\"@type\":\"ListItem\",\"position\":3,\"name\":\"Urz\u0105dzenie do tatua\u017cu Tattoo Mini zestaw\"}]},{\"@type\":\"WebSite\",\"@id\":\"https:\/\/pureline.com.pl\/#website\",\"url\":\"https:\/\/pureline.com.pl\/\",\"name\":\"PureLine\",\"description\":\"\",\"potentialAction\":[{\"@type\":\"SearchAction\",\"target\":{\"@type\":\"EntryPoint\",\"urlTemplate\":\"https:\/\/pureline.com.pl\/?s={search_term_string}\"},\"query-input\":\"required name=search_term_string\"}],\"inLanguage\":\"pl-PL\"}]}<\/script>\n<!-- \/ Yoast SEO plugin. -->","yoast_head_json":{"title":"Urz\u0105dzenie do tatua\u017cu Tattoo Mini zestaw | PureLine","description":"Urz\u0105dzenie do tatua\u017cu Tattoo Mini zestaw | PureLine \u2764\ufe0f Najwy\u017csza jako\u015b\u0107 urz\u0105dze\u0144 do makija\u017cu permanentnego \u26a1 Szkolenia \u26a1 Wieloletnie do\u015bwiadczenie \u26a1 Zapraszamy do kontaktu!","robots":{"index":"index","follow":"follow","max-snippet":"max-snippet:-1","max-image-preview":"max-image-preview:large","max-video-preview":"max-video-preview:-1"},"canonical":"https:\/\/pureline.com.pl\/index.php\/product\/urzadzenie-do-tattoo-mini\/","og_locale":"pl_PL","og_type":"article","og_title":"Urz\u0105dzenie do tatua\u017cu Tattoo Mini zestaw | PureLine","og_description":"Urz\u0105dzenie do tatua\u017cu Tattoo Mini zestaw | PureLine \u2764\ufe0f Najwy\u017csza jako\u015b\u0107 urz\u0105dze\u0144 do makija\u017cu permanentnego \u26a1 Szkolenia \u26a1 Wieloletnie do\u015bwiadczenie \u26a1 Zapraszamy do kontaktu!","og_url":"https:\/\/pureline.com.pl\/index.php\/product\/urzadzenie-do-tattoo-mini\/","og_site_name":"PureLine","article_modified_time":"2022-11-04T13:09:16+00:00","og_image":[{"width":1975,"height":1632,"url":"https:\/\/pureline.com.pl\/wp-content\/uploads\/2021\/08\/tattoo-8-1.jpg","type":"image\/jpeg"}],"twitter_card":"summary_large_image","twitter_misc":{"Szacowany czas czytania":"1 minuta"},"schema":{"@context":"https:\/\/schema.org","@graph":[{"@type":"WebPage","@id":"https:\/\/pureline.com.pl\/index.php\/product\/urzadzenie-do-tattoo-mini\/","url":"https:\/\/pureline.com.pl\/index.php\/product\/urzadzenie-do-tattoo-mini\/","name":"Urz\u0105dzenie do tatua\u017cu Tattoo Mini zestaw | PureLine","isPartOf":{"@id":"https:\/\/pureline.com.pl\/#website"},"primaryImageOfPage":{"@id":"https:\/\/pureline.com.pl\/index.php\/product\/urzadzenie-do-tattoo-mini\/#primaryimage"},"image":{"@id":"https:\/\/pureline.com.pl\/index.php\/product\/urzadzenie-do-tattoo-mini\/#primaryimage"},"thumbnailUrl":"https:\/\/pureline.com.pl\/wp-content\/uploads\/2021\/08\/tattoo-8-1.jpg","datePublished":"2021-08-26T13:41:43+00:00","dateModified":"2022-11-04T13:09:16+00:00","description":"Urz\u0105dzenie do tatua\u017cu Tattoo Mini zestaw | PureLine \u2764\ufe0f Najwy\u017csza jako\u015b\u0107 urz\u0105dze\u0144 do makija\u017cu permanentnego \u26a1 Szkolenia \u26a1 Wieloletnie do\u015bwiadczenie \u26a1 Zapraszamy do kontaktu!","breadcrumb":{"@id":"https:\/\/pureline.com.pl\/index.php\/product\/urzadzenie-do-tattoo-mini\/#breadcrumb"},"inLanguage":"pl-PL","potentialAction":[{"@type":"ReadAction","target":["https:\/\/pureline.com.pl\/index.php\/product\/urzadzenie-do-tattoo-mini\/"]}]},{"@type":"ImageObject","inLanguage":"pl-PL","@id":"https:\/\/pureline.com.pl\/index.php\/product\/urzadzenie-do-tattoo-mini\/#primaryimage","url":"https:\/\/pureline.com.pl\/wp-content\/uploads\/2021\/08\/tattoo-8-1.jpg","contentUrl":"https:\/\/pureline.com.pl\/wp-content\/uploads\/2021\/08\/tattoo-8-1.jpg","width":1975,"height":1632},{"@type":"BreadcrumbList","@id":"https:\/\/pureline.com.pl\/index.php\/product\/urzadzenie-do-tattoo-mini\/#breadcrumb","itemListElement":[{"@type":"ListItem","position":1,"name":"Strona g\u0142\u00f3wna","item":"https:\/\/pureline.com.pl\/"},{"@type":"ListItem","position":2,"name":"Sklep","item":"https:\/\/pureline.com.pl\/index.php\/sklep\/"},{"@type":"ListItem","position":3,"name":"Urz\u0105dzenie do tatua\u017cu Tattoo Mini zestaw"}]},{"@type":"WebSite","@id":"https:\/\/pureline.com.pl\/#website","url":"https:\/\/pureline.com.pl\/","name":"PureLine","description":"","potentialAction":[{"@type":"SearchAction","target":{"@type":"EntryPoint","urlTemplate":"https:\/\/pureline.com.pl\/?s={search_term_string}"},"query-input":"required name=search_term_string"}],"inLanguage":"pl-PL"}]}},"_links":{"self":[{"href":"https:\/\/pureline.com.pl\/index.php\/wp-json\/wp\/v2\/product\/4443","targetHints":{"allow":["GET"]}}],"collection":[{"href":"https:\/\/pureline.com.pl\/index.php\/wp-json\/wp\/v2\/product"}],"about":[{"href":"https:\/\/pureline.com.pl\/index.php\/wp-json\/wp\/v2\/types\/product"}],"version-history":[{"count":11,"href":"https:\/\/pureline.com.pl\/index.php\/wp-json\/wp\/v2\/product\/4443\/revisions"}],"predecessor-version":[{"id":4746,"href":"https:\/\/pureline.com.pl\/index.php\/wp-json\/wp\/v2\/product\/4443\/revisions\/4746"}],"wp:featuredmedia":[{"embeddable":true,"href":"https:\/\/pureline.com.pl\/index.php\/wp-json\/wp\/v2\/media\/4571"}],"wp:attachment":[{"href":"https:\/\/pureline.com.pl\/index.php\/wp-json\/wp\/v2\/media?parent=4443"}],"wp:term":[{"taxonomy":"product_brand","embeddable":true,"href":"https:\/\/pureline.com.pl\/index.php\/wp-json\/wp\/v2\/product_brand?post=4443"},{"taxonomy":"product_cat","embeddable":true,"href":"https:\/\/pureline.com.pl\/index.php\/wp-json\/wp\/v2\/product_cat?post=4443"},{"taxonomy":"product_tag","embeddable":true,"href":"https:\/\/pureline.com.pl\/index.php\/wp-json\/wp\/v2\/product_tag?post=4443"}],"curies":[{"name":"wp","href":"https:\/\/api.w.org\/{rel}","templated":true}]}}