{"id":183,"date":"2015-09-06T22:00:22","date_gmt":"2015-09-06T20:00:22","guid":{"rendered":"http:\/\/pureline2.dkonto.pl\/?post_type=product&#038;p=183"},"modified":"2022-11-07T08:49:48","modified_gmt":"2022-11-07T07:49:48","slug":"sztuczna-gumowa-skora-do-nauki-makijazu","status":"publish","type":"product","link":"https:\/\/pureline.com.pl\/index.php\/product\/sztuczna-gumowa-skora-do-nauki-makijazu\/","title":{"rendered":"Sztuczna gumowa sk\u00f3ra do nauki makija\u017cu"},"content":{"rendered":"<h1 style=\"font-size: 21.25px;\">Sztuczna gumowa sk\u00f3ra do nauki makija\u017cu<\/h1>\n<p>Sztuczna gumowa sk\u00f3ra w kszta\u0142cie ust\u00a0 do nauki makija\u017cu permanentnego<\/p>\n","protected":false},"excerpt":{"rendered":"<p>Sztuczna gumowa sk\u00f3ra do nauki makija\u017cu Sztuczna gumowa sk\u00f3ra w kszta\u0142cie ust\u00a0 do nauki makija\u017cu permanentnego<\/p>\n","protected":false},"featured_media":3595,"template":"","meta":{"_acf_changed":false},"product_brand":[],"product_cat":[159],"product_tag":[],"class_list":{"0":"post-183","1":"product","2":"type-product","3":"status-publish","4":"has-post-thumbnail","6":"product_cat-akcesoria","8":"first","9":"instock","10":"shipping-taxable","11":"purchasable","12":"product-type-simple"},"acf":[],"yoast_head":"<!-- This site is optimized with the Yoast SEO plugin v23.1 - https:\/\/yoast.com\/wordpress\/plugins\/seo\/ -->\n<title>Sztuczna gumowa sk\u00f3ra do nauki makija\u017cu | PureLine<\/title>\n<meta name=\"description\" content=\"Sztuczna gumowa sk\u00f3ra do nauki makija\u017cu | PureLine \u2764\ufe0f Najwy\u017csza jako\u015b\u0107 urz\u0105dze\u0144 do makija\u017cu permanentnego \u26a1 Szkolenia \u26a1 Wieloletnie do\u015bwiadczenie \u26a1 Zapraszamy do kontaktu!\" \/>\n<meta name=\"robots\" content=\"index, follow, max-snippet:-1, max-image-preview:large, max-video-preview:-1\" \/>\n<link rel=\"canonical\" href=\"https:\/\/pureline.com.pl\/index.php\/product\/sztuczna-gumowa-skora-do-nauki-makijazu\/\" \/>\n<meta property=\"og:locale\" content=\"pl_PL\" \/>\n<meta property=\"og:type\" content=\"article\" \/>\n<meta property=\"og:title\" content=\"Sztuczna gumowa sk\u00f3ra do nauki makija\u017cu | PureLine\" \/>\n<meta property=\"og:description\" content=\"Sztuczna gumowa sk\u00f3ra do nauki makija\u017cu | PureLine \u2764\ufe0f Najwy\u017csza jako\u015b\u0107 urz\u0105dze\u0144 do makija\u017cu permanentnego \u26a1 Szkolenia \u26a1 Wieloletnie do\u015bwiadczenie \u26a1 Zapraszamy do kontaktu!\" \/>\n<meta property=\"og:url\" content=\"https:\/\/pureline.com.pl\/index.php\/product\/sztuczna-gumowa-skora-do-nauki-makijazu\/\" \/>\n<meta property=\"og:site_name\" content=\"PureLine\" \/>\n<meta property=\"article:modified_time\" content=\"2022-11-07T07:49:48+00:00\" \/>\n<meta property=\"og:image\" content=\"https:\/\/pureline.com.pl\/wp-content\/uploads\/2021\/05\/DSC_2574-copy-scaled.jpg\" \/>\n\t<meta property=\"og:image:width\" content=\"2404\" \/>\n\t<meta property=\"og:image:height\" content=\"2560\" \/>\n\t<meta property=\"og:image:type\" content=\"image\/jpeg\" \/>\n<meta name=\"twitter:card\" content=\"summary_large_image\" \/>\n<script type=\"application\/ld+json\" class=\"yoast-schema-graph\">{\"@context\":\"https:\/\/schema.org\",\"@graph\":[{\"@type\":\"WebPage\",\"@id\":\"https:\/\/pureline.com.pl\/index.php\/product\/sztuczna-gumowa-skora-do-nauki-makijazu\/\",\"url\":\"https:\/\/pureline.com.pl\/index.php\/product\/sztuczna-gumowa-skora-do-nauki-makijazu\/\",\"name\":\"Sztuczna gumowa sk\u00f3ra do nauki makija\u017cu | PureLine\",\"isPartOf\":{\"@id\":\"https:\/\/pureline.com.pl\/#website\"},\"primaryImageOfPage\":{\"@id\":\"https:\/\/pureline.com.pl\/index.php\/product\/sztuczna-gumowa-skora-do-nauki-makijazu\/#primaryimage\"},\"image\":{\"@id\":\"https:\/\/pureline.com.pl\/index.php\/product\/sztuczna-gumowa-skora-do-nauki-makijazu\/#primaryimage\"},\"thumbnailUrl\":\"https:\/\/pureline.com.pl\/wp-content\/uploads\/2021\/05\/DSC_2574-copy-scaled.jpg\",\"datePublished\":\"2015-09-06T20:00:22+00:00\",\"dateModified\":\"2022-11-07T07:49:48+00:00\",\"description\":\"Sztuczna gumowa sk\u00f3ra do nauki makija\u017cu | PureLine \u2764\ufe0f Najwy\u017csza jako\u015b\u0107 urz\u0105dze\u0144 do makija\u017cu permanentnego \u26a1 Szkolenia \u26a1 Wieloletnie do\u015bwiadczenie \u26a1 Zapraszamy do kontaktu!\",\"breadcrumb\":{\"@id\":\"https:\/\/pureline.com.pl\/index.php\/product\/sztuczna-gumowa-skora-do-nauki-makijazu\/#breadcrumb\"},\"inLanguage\":\"pl-PL\",\"potentialAction\":[{\"@type\":\"ReadAction\",\"target\":[\"https:\/\/pureline.com.pl\/index.php\/product\/sztuczna-gumowa-skora-do-nauki-makijazu\/\"]}]},{\"@type\":\"ImageObject\",\"inLanguage\":\"pl-PL\",\"@id\":\"https:\/\/pureline.com.pl\/index.php\/product\/sztuczna-gumowa-skora-do-nauki-makijazu\/#primaryimage\",\"url\":\"https:\/\/pureline.com.pl\/wp-content\/uploads\/2021\/05\/DSC_2574-copy-scaled.jpg\",\"contentUrl\":\"https:\/\/pureline.com.pl\/wp-content\/uploads\/2021\/05\/DSC_2574-copy-scaled.jpg\",\"width\":2404,\"height\":2560},{\"@type\":\"BreadcrumbList\",\"@id\":\"https:\/\/pureline.com.pl\/index.php\/product\/sztuczna-gumowa-skora-do-nauki-makijazu\/#breadcrumb\",\"itemListElement\":[{\"@type\":\"ListItem\",\"position\":1,\"name\":\"Strona g\u0142\u00f3wna\",\"item\":\"https:\/\/pureline.com.pl\/\"},{\"@type\":\"ListItem\",\"position\":2,\"name\":\"Sklep\",\"item\":\"https:\/\/pureline.com.pl\/index.php\/sklep\/\"},{\"@type\":\"ListItem\",\"position\":3,\"name\":\"Sztuczna gumowa sk\u00f3ra do nauki makija\u017cu\"}]},{\"@type\":\"WebSite\",\"@id\":\"https:\/\/pureline.com.pl\/#website\",\"url\":\"https:\/\/pureline.com.pl\/\",\"name\":\"PureLine\",\"description\":\"\",\"potentialAction\":[{\"@type\":\"SearchAction\",\"target\":{\"@type\":\"EntryPoint\",\"urlTemplate\":\"https:\/\/pureline.com.pl\/?s={search_term_string}\"},\"query-input\":\"required name=search_term_string\"}],\"inLanguage\":\"pl-PL\"}]}<\/script>\n<!-- \/ Yoast SEO plugin. -->","yoast_head_json":{"title":"Sztuczna gumowa sk\u00f3ra do nauki makija\u017cu | PureLine","description":"Sztuczna gumowa sk\u00f3ra do nauki makija\u017cu | PureLine \u2764\ufe0f Najwy\u017csza jako\u015b\u0107 urz\u0105dze\u0144 do makija\u017cu permanentnego \u26a1 Szkolenia \u26a1 Wieloletnie do\u015bwiadczenie \u26a1 Zapraszamy do kontaktu!","robots":{"index":"index","follow":"follow","max-snippet":"max-snippet:-1","max-image-preview":"max-image-preview:large","max-video-preview":"max-video-preview:-1"},"canonical":"https:\/\/pureline.com.pl\/index.php\/product\/sztuczna-gumowa-skora-do-nauki-makijazu\/","og_locale":"pl_PL","og_type":"article","og_title":"Sztuczna gumowa sk\u00f3ra do nauki makija\u017cu | PureLine","og_description":"Sztuczna gumowa sk\u00f3ra do nauki makija\u017cu | PureLine \u2764\ufe0f Najwy\u017csza jako\u015b\u0107 urz\u0105dze\u0144 do makija\u017cu permanentnego \u26a1 Szkolenia \u26a1 Wieloletnie do\u015bwiadczenie \u26a1 Zapraszamy do kontaktu!","og_url":"https:\/\/pureline.com.pl\/index.php\/product\/sztuczna-gumowa-skora-do-nauki-makijazu\/","og_site_name":"PureLine","article_modified_time":"2022-11-07T07:49:48+00:00","og_image":[{"width":2404,"height":2560,"url":"https:\/\/pureline.com.pl\/wp-content\/uploads\/2021\/05\/DSC_2574-copy-scaled.jpg","type":"image\/jpeg"}],"twitter_card":"summary_large_image","schema":{"@context":"https:\/\/schema.org","@graph":[{"@type":"WebPage","@id":"https:\/\/pureline.com.pl\/index.php\/product\/sztuczna-gumowa-skora-do-nauki-makijazu\/","url":"https:\/\/pureline.com.pl\/index.php\/product\/sztuczna-gumowa-skora-do-nauki-makijazu\/","name":"Sztuczna gumowa sk\u00f3ra do nauki makija\u017cu | PureLine","isPartOf":{"@id":"https:\/\/pureline.com.pl\/#website"},"primaryImageOfPage":{"@id":"https:\/\/pureline.com.pl\/index.php\/product\/sztuczna-gumowa-skora-do-nauki-makijazu\/#primaryimage"},"image":{"@id":"https:\/\/pureline.com.pl\/index.php\/product\/sztuczna-gumowa-skora-do-nauki-makijazu\/#primaryimage"},"thumbnailUrl":"https:\/\/pureline.com.pl\/wp-content\/uploads\/2021\/05\/DSC_2574-copy-scaled.jpg","datePublished":"2015-09-06T20:00:22+00:00","dateModified":"2022-11-07T07:49:48+00:00","description":"Sztuczna gumowa sk\u00f3ra do nauki makija\u017cu | PureLine \u2764\ufe0f Najwy\u017csza jako\u015b\u0107 urz\u0105dze\u0144 do makija\u017cu permanentnego \u26a1 Szkolenia \u26a1 Wieloletnie do\u015bwiadczenie \u26a1 Zapraszamy do kontaktu!","breadcrumb":{"@id":"https:\/\/pureline.com.pl\/index.php\/product\/sztuczna-gumowa-skora-do-nauki-makijazu\/#breadcrumb"},"inLanguage":"pl-PL","potentialAction":[{"@type":"ReadAction","target":["https:\/\/pureline.com.pl\/index.php\/product\/sztuczna-gumowa-skora-do-nauki-makijazu\/"]}]},{"@type":"ImageObject","inLanguage":"pl-PL","@id":"https:\/\/pureline.com.pl\/index.php\/product\/sztuczna-gumowa-skora-do-nauki-makijazu\/#primaryimage","url":"https:\/\/pureline.com.pl\/wp-content\/uploads\/2021\/05\/DSC_2574-copy-scaled.jpg","contentUrl":"https:\/\/pureline.com.pl\/wp-content\/uploads\/2021\/05\/DSC_2574-copy-scaled.jpg","width":2404,"height":2560},{"@type":"BreadcrumbList","@id":"https:\/\/pureline.com.pl\/index.php\/product\/sztuczna-gumowa-skora-do-nauki-makijazu\/#breadcrumb","itemListElement":[{"@type":"ListItem","position":1,"name":"Strona g\u0142\u00f3wna","item":"https:\/\/pureline.com.pl\/"},{"@type":"ListItem","position":2,"name":"Sklep","item":"https:\/\/pureline.com.pl\/index.php\/sklep\/"},{"@type":"ListItem","position":3,"name":"Sztuczna gumowa sk\u00f3ra do nauki makija\u017cu"}]},{"@type":"WebSite","@id":"https:\/\/pureline.com.pl\/#website","url":"https:\/\/pureline.com.pl\/","name":"PureLine","description":"","potentialAction":[{"@type":"SearchAction","target":{"@type":"EntryPoint","urlTemplate":"https:\/\/pureline.com.pl\/?s={search_term_string}"},"query-input":"required name=search_term_string"}],"inLanguage":"pl-PL"}]}},"_links":{"self":[{"href":"https:\/\/pureline.com.pl\/index.php\/wp-json\/wp\/v2\/product\/183","targetHints":{"allow":["GET"]}}],"collection":[{"href":"https:\/\/pureline.com.pl\/index.php\/wp-json\/wp\/v2\/product"}],"about":[{"href":"https:\/\/pureline.com.pl\/index.php\/wp-json\/wp\/v2\/types\/product"}],"version-history":[{"count":3,"href":"https:\/\/pureline.com.pl\/index.php\/wp-json\/wp\/v2\/product\/183\/revisions"}],"predecessor-version":[{"id":4794,"href":"https:\/\/pureline.com.pl\/index.php\/wp-json\/wp\/v2\/product\/183\/revisions\/4794"}],"wp:featuredmedia":[{"embeddable":true,"href":"https:\/\/pureline.com.pl\/index.php\/wp-json\/wp\/v2\/media\/3595"}],"wp:attachment":[{"href":"https:\/\/pureline.com.pl\/index.php\/wp-json\/wp\/v2\/media?parent=183"}],"wp:term":[{"taxonomy":"product_brand","embeddable":true,"href":"https:\/\/pureline.com.pl\/index.php\/wp-json\/wp\/v2\/product_brand?post=183"},{"taxonomy":"product_cat","embeddable":true,"href":"https:\/\/pureline.com.pl\/index.php\/wp-json\/wp\/v2\/product_cat?post=183"},{"taxonomy":"product_tag","embeddable":true,"href":"https:\/\/pureline.com.pl\/index.php\/wp-json\/wp\/v2\/product_tag?post=183"}],"curies":[{"name":"wp","href":"https:\/\/api.w.org\/{rel}","templated":true}]}}