{"id":7142,"date":"2025-02-14T23:07:29","date_gmt":"2025-02-14T22:07:29","guid":{"rendered":"https:\/\/pureline.com.pl\/index.php\/odprawa-na-wydarzenie\/"},"modified":"2025-02-14T23:07:29","modified_gmt":"2025-02-14T22:07:29","slug":"odprawa-na-wydarzenie","status":"publish","type":"page","link":"https:\/\/pureline.com.pl\/index.php\/odprawa-na-wydarzenie\/","title":{"rendered":"Odprawa na wydarzenie"},"content":{"rendered":"<div class=\"wps_etmfw_checkin_wrapper\">\n\t\t\t<form method=\"post\">\n\t\t\t<div id=\"wps_etmfw_error_message\"><\/div>\n\t\t\t<div class=\"wps_etmfw_events_section\">\n\t\t\t\t<label>dla<\/label><\/div>\n\t\t\t<div class=\"wps_etmfw_input_ticket_section\">\n\t\t\t\t<label>Numer biletu *<\/label>\n\t\t\t\t<input type=\"text\" name=\"wps_etmfw_imput_ticket\" id=\"wps_etmfw_imput_ticket\">\n\t\t\t<\/div>\n\t\t\t<div class=\"wps_etmfw_input_ticket_section\">\n\t\t\t\t<label>Wprowad\u017a e-mail *<\/label>\n\t\t\t\t<input type=\"email\" name=\"wps_etmfw_chckin_email\" id=\"wps_etmfw_chckin_email\">\n\t\t\t<\/div>\n\n\n\t\t\t<div class=\"wps_etmfw--loader-btn-wrapper\">\n\t\t\t\t<div class=\"wps_etmfw_checkin_button_section\">\n\t\t\t\t\t<input type=\"submit\" name=\"wps_etmfw_checkin_button\" id=\"wps_etmfw_checkin_button\" value=\"Zameldowa\u0107 si\u0119\">\n\t\t\t\t<\/div>\n\t\t\t\t<div class=\"wps_etmfw_loader\" id=\"wps_etmfw_checkin_loader\">\n\t\t\t\t\t<img decoding=\"async\" src=\"https:\/\/pureline.com.pl\/wp-content\/plugins\/event-tickets-manager-for-woocommerce\/public\/src\/image\/loading.gif\">\n\t\t\t\t<\/div>\n\t\t\t<\/div>\n\t\t\t<\/form>\n\t\t<\/div>\n","protected":false},"excerpt":{"rendered":"dla Numer biletu * Wprowad\u017a e-mail *","protected":false},"author":99005,"featured_media":0,"parent":0,"menu_order":0,"comment_status":"closed","ping_status":"closed","template":"","meta":{"_acf_changed":false,"footnotes":""},"class_list":["post-7142","page","type-page","status-publish","hentry"],"acf":[],"yoast_head":"<!-- This site is optimized with the Yoast SEO plugin v23.1 - https:\/\/yoast.com\/wordpress\/plugins\/seo\/ -->\n<title>Odprawa na wydarzenie | PureLine<\/title>\n<meta name=\"description\" content=\"Odprawa na wydarzenie | PureLine \u2764\ufe0f Najwy\u017csza jako\u015b\u0107 urz\u0105dze\u0144 do makija\u017cu permanentnego \u26a1 Szkolenia \u26a1 Wieloletnie do\u015bwiadczenie \u26a1 Zapraszamy do kontaktu!\" \/>\n<meta name=\"robots\" content=\"index, follow, max-snippet:-1, max-image-preview:large, max-video-preview:-1\" \/>\n<link rel=\"canonical\" href=\"https:\/\/pureline.com.pl\/index.php\/odprawa-na-wydarzenie\/\" \/>\n<meta property=\"og:locale\" content=\"pl_PL\" \/>\n<meta property=\"og:type\" content=\"article\" \/>\n<meta property=\"og:title\" content=\"Odprawa na wydarzenie | PureLine\" \/>\n<meta property=\"og:description\" content=\"Odprawa na wydarzenie | PureLine \u2764\ufe0f Najwy\u017csza jako\u015b\u0107 urz\u0105dze\u0144 do makija\u017cu permanentnego \u26a1 Szkolenia \u26a1 Wieloletnie do\u015bwiadczenie \u26a1 Zapraszamy do kontaktu!\" \/>\n<meta property=\"og:url\" content=\"https:\/\/pureline.com.pl\/index.php\/odprawa-na-wydarzenie\/\" \/>\n<meta property=\"og:site_name\" content=\"PureLine\" \/>\n<meta name=\"twitter:card\" content=\"summary_large_image\" \/>\n<script type=\"application\/ld+json\" class=\"yoast-schema-graph\">{\"@context\":\"https:\/\/schema.org\",\"@graph\":[{\"@type\":\"WebPage\",\"@id\":\"https:\/\/pureline.com.pl\/index.php\/odprawa-na-wydarzenie\/\",\"url\":\"https:\/\/pureline.com.pl\/index.php\/odprawa-na-wydarzenie\/\",\"name\":\"Odprawa na wydarzenie | PureLine\",\"isPartOf\":{\"@id\":\"https:\/\/pureline.com.pl\/#website\"},\"datePublished\":\"2025-02-14T22:07:29+00:00\",\"dateModified\":\"2025-02-14T22:07:29+00:00\",\"description\":\"Odprawa na wydarzenie | PureLine \u2764\ufe0f Najwy\u017csza jako\u015b\u0107 urz\u0105dze\u0144 do makija\u017cu permanentnego \u26a1 Szkolenia \u26a1 Wieloletnie do\u015bwiadczenie \u26a1 Zapraszamy do kontaktu!\",\"breadcrumb\":{\"@id\":\"https:\/\/pureline.com.pl\/index.php\/odprawa-na-wydarzenie\/#breadcrumb\"},\"inLanguage\":\"pl-PL\",\"potentialAction\":[{\"@type\":\"ReadAction\",\"target\":[\"https:\/\/pureline.com.pl\/index.php\/odprawa-na-wydarzenie\/\"]}]},{\"@type\":\"BreadcrumbList\",\"@id\":\"https:\/\/pureline.com.pl\/index.php\/odprawa-na-wydarzenie\/#breadcrumb\",\"itemListElement\":[{\"@type\":\"ListItem\",\"position\":1,\"name\":\"Strona g\u0142\u00f3wna\",\"item\":\"https:\/\/pureline.com.pl\/\"},{\"@type\":\"ListItem\",\"position\":2,\"name\":\"Odprawa na wydarzenie\"}]},{\"@type\":\"WebSite\",\"@id\":\"https:\/\/pureline.com.pl\/#website\",\"url\":\"https:\/\/pureline.com.pl\/\",\"name\":\"PureLine\",\"description\":\"\",\"potentialAction\":[{\"@type\":\"SearchAction\",\"target\":{\"@type\":\"EntryPoint\",\"urlTemplate\":\"https:\/\/pureline.com.pl\/?s={search_term_string}\"},\"query-input\":\"required name=search_term_string\"}],\"inLanguage\":\"pl-PL\"}]}<\/script>\n<!-- \/ Yoast SEO plugin. -->","yoast_head_json":{"title":"Odprawa na wydarzenie | PureLine","description":"Odprawa na wydarzenie | PureLine \u2764\ufe0f Najwy\u017csza jako\u015b\u0107 urz\u0105dze\u0144 do makija\u017cu permanentnego \u26a1 Szkolenia \u26a1 Wieloletnie do\u015bwiadczenie \u26a1 Zapraszamy do kontaktu!","robots":{"index":"index","follow":"follow","max-snippet":"max-snippet:-1","max-image-preview":"max-image-preview:large","max-video-preview":"max-video-preview:-1"},"canonical":"https:\/\/pureline.com.pl\/index.php\/odprawa-na-wydarzenie\/","og_locale":"pl_PL","og_type":"article","og_title":"Odprawa na wydarzenie | PureLine","og_description":"Odprawa na wydarzenie | PureLine \u2764\ufe0f Najwy\u017csza jako\u015b\u0107 urz\u0105dze\u0144 do makija\u017cu permanentnego \u26a1 Szkolenia \u26a1 Wieloletnie do\u015bwiadczenie \u26a1 Zapraszamy do kontaktu!","og_url":"https:\/\/pureline.com.pl\/index.php\/odprawa-na-wydarzenie\/","og_site_name":"PureLine","twitter_card":"summary_large_image","schema":{"@context":"https:\/\/schema.org","@graph":[{"@type":"WebPage","@id":"https:\/\/pureline.com.pl\/index.php\/odprawa-na-wydarzenie\/","url":"https:\/\/pureline.com.pl\/index.php\/odprawa-na-wydarzenie\/","name":"Odprawa na wydarzenie | PureLine","isPartOf":{"@id":"https:\/\/pureline.com.pl\/#website"},"datePublished":"2025-02-14T22:07:29+00:00","dateModified":"2025-02-14T22:07:29+00:00","description":"Odprawa na wydarzenie | PureLine \u2764\ufe0f Najwy\u017csza jako\u015b\u0107 urz\u0105dze\u0144 do makija\u017cu permanentnego \u26a1 Szkolenia \u26a1 Wieloletnie do\u015bwiadczenie \u26a1 Zapraszamy do kontaktu!","breadcrumb":{"@id":"https:\/\/pureline.com.pl\/index.php\/odprawa-na-wydarzenie\/#breadcrumb"},"inLanguage":"pl-PL","potentialAction":[{"@type":"ReadAction","target":["https:\/\/pureline.com.pl\/index.php\/odprawa-na-wydarzenie\/"]}]},{"@type":"BreadcrumbList","@id":"https:\/\/pureline.com.pl\/index.php\/odprawa-na-wydarzenie\/#breadcrumb","itemListElement":[{"@type":"ListItem","position":1,"name":"Strona g\u0142\u00f3wna","item":"https:\/\/pureline.com.pl\/"},{"@type":"ListItem","position":2,"name":"Odprawa na wydarzenie"}]},{"@type":"WebSite","@id":"https:\/\/pureline.com.pl\/#website","url":"https:\/\/pureline.com.pl\/","name":"PureLine","description":"","potentialAction":[{"@type":"SearchAction","target":{"@type":"EntryPoint","urlTemplate":"https:\/\/pureline.com.pl\/?s={search_term_string}"},"query-input":"required name=search_term_string"}],"inLanguage":"pl-PL"}]}},"_links":{"self":[{"href":"https:\/\/pureline.com.pl\/index.php\/wp-json\/wp\/v2\/pages\/7142","targetHints":{"allow":["GET"]}}],"collection":[{"href":"https:\/\/pureline.com.pl\/index.php\/wp-json\/wp\/v2\/pages"}],"about":[{"href":"https:\/\/pureline.com.pl\/index.php\/wp-json\/wp\/v2\/types\/page"}],"author":[{"embeddable":true,"href":"https:\/\/pureline.com.pl\/index.php\/wp-json\/wp\/v2\/users\/99005"}],"replies":[{"embeddable":true,"href":"https:\/\/pureline.com.pl\/index.php\/wp-json\/wp\/v2\/comments?post=7142"}],"version-history":[{"count":0,"href":"https:\/\/pureline.com.pl\/index.php\/wp-json\/wp\/v2\/pages\/7142\/revisions"}],"wp:attachment":[{"href":"https:\/\/pureline.com.pl\/index.php\/wp-json\/wp\/v2\/media?parent=7142"}],"curies":[{"name":"wp","href":"https:\/\/api.w.org\/{rel}","templated":true}]}}