{"id":4347,"date":"2021-08-15T21:52:44","date_gmt":"2021-08-15T19:52:44","guid":{"rendered":"https:\/\/pureline.com.pl\/?page_id=4347"},"modified":"2021-09-06T13:03:41","modified_gmt":"2021-09-06T11:03:41","slug":"galeria","status":"publish","type":"page","link":"https:\/\/pureline.com.pl\/index.php\/galeria\/","title":{"rendered":"Galeria"},"content":{"rendered":"\t\t<div data-elementor-type=\"wp-page\" data-elementor-id=\"4347\" class=\"elementor elementor-4347\" data-elementor-post-type=\"page\">\n\t\t\t\t\t\t<section class=\"elementor-section elementor-top-section elementor-element elementor-element-304353f elementor-section-boxed elementor-section-height-default elementor-section-height-default\" data-id=\"304353f\" data-element_type=\"section\">\n\t\t\t\t\t\t<div class=\"elementor-container elementor-column-gap-default\">\n\t\t\t\t\t<div class=\"elementor-column elementor-col-50 elementor-top-column elementor-element elementor-element-919a3d1\" data-id=\"919a3d1\" data-element_type=\"column\">\n\t\t\t<div class=\"elementor-widget-wrap elementor-element-populated\">\n\t\t\t\t\t\t<div class=\"elementor-element elementor-element-9510d44 elementor-widget elementor-widget-image\" data-id=\"9510d44\" data-element_type=\"widget\" data-widget_type=\"image.default\">\n\t\t\t\t<div class=\"elementor-widget-container\">\n\t\t\t\t\t\t\t\t\t\t\t\t\t\t<a href=\"https:\/\/pureline.com.pl\/index.php\/galeria-szkolenia\/\">\n\t\t\t\t\t\t\t<img fetchpriority=\"high\" decoding=\"async\" width=\"370\" height=\"483\" src=\"https:\/\/pureline.com.pl\/wp-content\/uploads\/2021\/08\/galeria-szkolenia.png\" class=\"attachment-large size-large wp-image-4411\" alt=\"\" srcset=\"https:\/\/pureline.com.pl\/wp-content\/uploads\/2021\/08\/galeria-szkolenia.png 370w, https:\/\/pureline.com.pl\/wp-content\/uploads\/2021\/08\/galeria-szkolenia-230x300.png 230w\" sizes=\"(max-width: 370px) 100vw, 370px\" \/>\t\t\t\t\t\t\t\t<\/a>\n\t\t\t\t\t\t\t\t\t\t\t\t\t<\/div>\n\t\t\t\t<\/div>\n\t\t\t\t\t<\/div>\n\t\t<\/div>\n\t\t\t\t<div class=\"elementor-column elementor-col-50 elementor-top-column elementor-element elementor-element-9dfe6e7\" data-id=\"9dfe6e7\" data-element_type=\"column\">\n\t\t\t<div class=\"elementor-widget-wrap\">\n\t\t\t\t\t\t\t<\/div>\n\t\t<\/div>\n\t\t\t\t\t<\/div>\n\t\t<\/section>\n\t\t\t\t<\/div>\n\t\t","protected":false},"excerpt":{"rendered":"","protected":false},"author":1,"featured_media":0,"parent":0,"menu_order":0,"comment_status":"closed","ping_status":"closed","template":"","meta":{"_acf_changed":false,"footnotes":""},"class_list":["post-4347","page","type-page","status-publish","hentry"],"acf":[],"yoast_head":"<!-- This site is optimized with the Yoast SEO plugin v23.1 - https:\/\/yoast.com\/wordpress\/plugins\/seo\/ -->\n<title>Galeria | PureLine<\/title>\n<meta name=\"description\" content=\"Galeria | PureLine \u2764\ufe0f Najwy\u017csza jako\u015b\u0107 urz\u0105dze\u0144 do makija\u017cu permanentnego \u26a1 Szkolenia \u26a1 Wieloletnie do\u015bwiadczenie \u26a1 Zapraszamy do kontaktu!\" \/>\n<meta name=\"robots\" content=\"index, follow, max-snippet:-1, max-image-preview:large, max-video-preview:-1\" \/>\n<link rel=\"canonical\" href=\"https:\/\/pureline.com.pl\/index.php\/galeria\/\" \/>\n<meta property=\"og:locale\" content=\"pl_PL\" \/>\n<meta property=\"og:type\" content=\"article\" \/>\n<meta property=\"og:title\" content=\"Galeria | PureLine\" \/>\n<meta property=\"og:description\" content=\"Galeria | PureLine \u2764\ufe0f Najwy\u017csza jako\u015b\u0107 urz\u0105dze\u0144 do makija\u017cu permanentnego \u26a1 Szkolenia \u26a1 Wieloletnie do\u015bwiadczenie \u26a1 Zapraszamy do kontaktu!\" \/>\n<meta property=\"og:url\" content=\"https:\/\/pureline.com.pl\/index.php\/galeria\/\" \/>\n<meta property=\"og:site_name\" content=\"PureLine\" \/>\n<meta property=\"article:modified_time\" content=\"2021-09-06T11:03:41+00:00\" \/>\n<meta property=\"og:image\" content=\"https:\/\/pureline.com.pl\/wp-content\/uploads\/2021\/08\/galeria-szkolenia.png\" \/>\n<meta name=\"twitter:card\" content=\"summary_large_image\" \/>\n<meta name=\"twitter:label1\" content=\"Szacowany czas czytania\" \/>\n\t<meta name=\"twitter:data1\" content=\"1 minuta\" \/>\n<script type=\"application\/ld+json\" class=\"yoast-schema-graph\">{\"@context\":\"https:\/\/schema.org\",\"@graph\":[{\"@type\":\"WebPage\",\"@id\":\"https:\/\/pureline.com.pl\/index.php\/galeria\/\",\"url\":\"https:\/\/pureline.com.pl\/index.php\/galeria\/\",\"name\":\"Galeria | PureLine\",\"isPartOf\":{\"@id\":\"https:\/\/pureline.com.pl\/#website\"},\"primaryImageOfPage\":{\"@id\":\"https:\/\/pureline.com.pl\/index.php\/galeria\/#primaryimage\"},\"image\":{\"@id\":\"https:\/\/pureline.com.pl\/index.php\/galeria\/#primaryimage\"},\"thumbnailUrl\":\"https:\/\/pureline.com.pl\/wp-content\/uploads\/2021\/08\/galeria-szkolenia.png\",\"datePublished\":\"2021-08-15T19:52:44+00:00\",\"dateModified\":\"2021-09-06T11:03:41+00:00\",\"description\":\"Galeria | PureLine \u2764\ufe0f Najwy\u017csza jako\u015b\u0107 urz\u0105dze\u0144 do makija\u017cu permanentnego \u26a1 Szkolenia \u26a1 Wieloletnie do\u015bwiadczenie \u26a1 Zapraszamy do kontaktu!\",\"breadcrumb\":{\"@id\":\"https:\/\/pureline.com.pl\/index.php\/galeria\/#breadcrumb\"},\"inLanguage\":\"pl-PL\",\"potentialAction\":[{\"@type\":\"ReadAction\",\"target\":[\"https:\/\/pureline.com.pl\/index.php\/galeria\/\"]}]},{\"@type\":\"ImageObject\",\"inLanguage\":\"pl-PL\",\"@id\":\"https:\/\/pureline.com.pl\/index.php\/galeria\/#primaryimage\",\"url\":\"https:\/\/pureline.com.pl\/wp-content\/uploads\/2021\/08\/galeria-szkolenia.png\",\"contentUrl\":\"https:\/\/pureline.com.pl\/wp-content\/uploads\/2021\/08\/galeria-szkolenia.png\",\"width\":370,\"height\":483},{\"@type\":\"BreadcrumbList\",\"@id\":\"https:\/\/pureline.com.pl\/index.php\/galeria\/#breadcrumb\",\"itemListElement\":[{\"@type\":\"ListItem\",\"position\":1,\"name\":\"Strona g\u0142\u00f3wna\",\"item\":\"https:\/\/pureline.com.pl\/\"},{\"@type\":\"ListItem\",\"position\":2,\"name\":\"Galeria\"}]},{\"@type\":\"WebSite\",\"@id\":\"https:\/\/pureline.com.pl\/#website\",\"url\":\"https:\/\/pureline.com.pl\/\",\"name\":\"PureLine\",\"description\":\"\",\"potentialAction\":[{\"@type\":\"SearchAction\",\"target\":{\"@type\":\"EntryPoint\",\"urlTemplate\":\"https:\/\/pureline.com.pl\/?s={search_term_string}\"},\"query-input\":\"required name=search_term_string\"}],\"inLanguage\":\"pl-PL\"}]}<\/script>\n<!-- \/ Yoast SEO plugin. -->","yoast_head_json":{"title":"Galeria | PureLine","description":"Galeria | PureLine \u2764\ufe0f Najwy\u017csza jako\u015b\u0107 urz\u0105dze\u0144 do makija\u017cu permanentnego \u26a1 Szkolenia \u26a1 Wieloletnie do\u015bwiadczenie \u26a1 Zapraszamy do kontaktu!","robots":{"index":"index","follow":"follow","max-snippet":"max-snippet:-1","max-image-preview":"max-image-preview:large","max-video-preview":"max-video-preview:-1"},"canonical":"https:\/\/pureline.com.pl\/index.php\/galeria\/","og_locale":"pl_PL","og_type":"article","og_title":"Galeria | PureLine","og_description":"Galeria | PureLine \u2764\ufe0f Najwy\u017csza jako\u015b\u0107 urz\u0105dze\u0144 do makija\u017cu permanentnego \u26a1 Szkolenia \u26a1 Wieloletnie do\u015bwiadczenie \u26a1 Zapraszamy do kontaktu!","og_url":"https:\/\/pureline.com.pl\/index.php\/galeria\/","og_site_name":"PureLine","article_modified_time":"2021-09-06T11:03:41+00:00","og_image":[{"url":"https:\/\/pureline.com.pl\/wp-content\/uploads\/2021\/08\/galeria-szkolenia.png"}],"twitter_card":"summary_large_image","twitter_misc":{"Szacowany czas czytania":"1 minuta"},"schema":{"@context":"https:\/\/schema.org","@graph":[{"@type":"WebPage","@id":"https:\/\/pureline.com.pl\/index.php\/galeria\/","url":"https:\/\/pureline.com.pl\/index.php\/galeria\/","name":"Galeria | PureLine","isPartOf":{"@id":"https:\/\/pureline.com.pl\/#website"},"primaryImageOfPage":{"@id":"https:\/\/pureline.com.pl\/index.php\/galeria\/#primaryimage"},"image":{"@id":"https:\/\/pureline.com.pl\/index.php\/galeria\/#primaryimage"},"thumbnailUrl":"https:\/\/pureline.com.pl\/wp-content\/uploads\/2021\/08\/galeria-szkolenia.png","datePublished":"2021-08-15T19:52:44+00:00","dateModified":"2021-09-06T11:03:41+00:00","description":"Galeria | PureLine \u2764\ufe0f Najwy\u017csza jako\u015b\u0107 urz\u0105dze\u0144 do makija\u017cu permanentnego \u26a1 Szkolenia \u26a1 Wieloletnie do\u015bwiadczenie \u26a1 Zapraszamy do kontaktu!","breadcrumb":{"@id":"https:\/\/pureline.com.pl\/index.php\/galeria\/#breadcrumb"},"inLanguage":"pl-PL","potentialAction":[{"@type":"ReadAction","target":["https:\/\/pureline.com.pl\/index.php\/galeria\/"]}]},{"@type":"ImageObject","inLanguage":"pl-PL","@id":"https:\/\/pureline.com.pl\/index.php\/galeria\/#primaryimage","url":"https:\/\/pureline.com.pl\/wp-content\/uploads\/2021\/08\/galeria-szkolenia.png","contentUrl":"https:\/\/pureline.com.pl\/wp-content\/uploads\/2021\/08\/galeria-szkolenia.png","width":370,"height":483},{"@type":"BreadcrumbList","@id":"https:\/\/pureline.com.pl\/index.php\/galeria\/#breadcrumb","itemListElement":[{"@type":"ListItem","position":1,"name":"Strona g\u0142\u00f3wna","item":"https:\/\/pureline.com.pl\/"},{"@type":"ListItem","position":2,"name":"Galeria"}]},{"@type":"WebSite","@id":"https:\/\/pureline.com.pl\/#website","url":"https:\/\/pureline.com.pl\/","name":"PureLine","description":"","potentialAction":[{"@type":"SearchAction","target":{"@type":"EntryPoint","urlTemplate":"https:\/\/pureline.com.pl\/?s={search_term_string}"},"query-input":"required name=search_term_string"}],"inLanguage":"pl-PL"}]}},"_links":{"self":[{"href":"https:\/\/pureline.com.pl\/index.php\/wp-json\/wp\/v2\/pages\/4347","targetHints":{"allow":["GET"]}}],"collection":[{"href":"https:\/\/pureline.com.pl\/index.php\/wp-json\/wp\/v2\/pages"}],"about":[{"href":"https:\/\/pureline.com.pl\/index.php\/wp-json\/wp\/v2\/types\/page"}],"author":[{"embeddable":true,"href":"https:\/\/pureline.com.pl\/index.php\/wp-json\/wp\/v2\/users\/1"}],"replies":[{"embeddable":true,"href":"https:\/\/pureline.com.pl\/index.php\/wp-json\/wp\/v2\/comments?post=4347"}],"version-history":[{"count":16,"href":"https:\/\/pureline.com.pl\/index.php\/wp-json\/wp\/v2\/pages\/4347\/revisions"}],"predecessor-version":[{"id":4487,"href":"https:\/\/pureline.com.pl\/index.php\/wp-json\/wp\/v2\/pages\/4347\/revisions\/4487"}],"wp:attachment":[{"href":"https:\/\/pureline.com.pl\/index.php\/wp-json\/wp\/v2\/media?parent=4347"}],"curies":[{"name":"wp","href":"https:\/\/api.w.org\/{rel}","templated":true}]}}