{"id":4200,"date":"2021-07-16T18:24:56","date_gmt":"2021-07-16T16:24:56","guid":{"rendered":"https:\/\/pureline2.dkonto.pl\/?page_id=4200"},"modified":"2023-05-25T14:36:19","modified_gmt":"2023-05-25T12:36:19","slug":"szkolenie-expert-kreska","status":"publish","type":"page","link":"https:\/\/pureline.com.pl\/index.php\/szkolenie-expert-kreska\/","title":{"rendered":"Szkolenie expert Kreska"},"content":{"rendered":"<p align=\"LEFT\"><strong>Szkolenie Masterclass Eyeliner\u00a0 -1 dzie\u0144<br \/>\n<\/strong><\/p>\n<p>innowacyjne metody wykonywania Eyeliner w linii rz\u0119s oraz Eyeliner Dekoracyjny,<\/p>\n<ul>\n<li>precyzja, higiena oraz bezpiecze\u0144stwo podczas pigmentacji Eyeliner,<\/li>\n<li>nadprogramowa wiedza zar\u00f3wno w zakresie teorii jak i praktyki,<\/li>\n<li>struktura przeprowadzania konsultacji z Klientk\u0105, Klientem,<\/li>\n<li>kolorymetria oraz dob\u00f3r pigment\u00f3w,<\/li>\n<li>cz\u0119\u015b\u0107 praktyczna wykonanie zabiegu pigmentacji Eyeliner<\/li>\n<li>analiza wykonanego zabiegu<\/li>\n<\/ul>\n<p>Mo\u017cliwo\u015b\u0107 dofinansowania koszt\u00f3w szkolenia \u00a0&#8211; szczeg\u00f3\u0142owe informacje i pomoc w za\u0142atwieniu formalno\u015bci pod nr tel. 608497862<\/p>\n<p>B\u0119d\u0105c naszym absolwentem zyskujesz :<\/p>\n<ul>\n<li>materia\u0142y dydaktyczne<\/li>\n<li>opiek\u0119 i wsparcie poszkoleniowe<\/li>\n<li>konsultacje i doradztwo<\/li>\n<li>15 letnie do\u015bwiadczenie w bran\u017cy makija\u017cu permanentnego<\/li>\n<li>premiowane cykliczne warsztaty dla naszych abiturient\u00f3w<\/li>\n<li>przynale\u017cno\u015b\u0107 do mi\u0119dzynarodowej grupy &#8211; WORLDWIDE Academy<\/li>\n<\/ul>\n<p>Zapewniamy modeli szkoleniowych .<\/p>\n<p>Szkolenie uko\u0144czone jest certyfikatem ( mo\u017cliwo\u015b\u0107 wystawienia w j\u0119zyku angielskim lub niemieckim )<\/p>\n<p>Cena szkolenia 2600 z\u0142<\/p>\n<p>&nbsp;<\/p>\n<p><img fetchpriority=\"high\" decoding=\"async\" class=\"alignnone size-medium wp-image-6187\" src=\"https:\/\/pureline.com.pl\/wp-content\/uploads\/2023\/05\/IMG_0807-169x300.jpg\" alt=\"\" width=\"169\" height=\"300\" srcset=\"https:\/\/pureline.com.pl\/wp-content\/uploads\/2023\/05\/IMG_0807-169x300.jpg 169w, https:\/\/pureline.com.pl\/wp-content\/uploads\/2023\/05\/IMG_0807-576x1024.jpg 576w, https:\/\/pureline.com.pl\/wp-content\/uploads\/2023\/05\/IMG_0807-768x1366.jpg 768w, https:\/\/pureline.com.pl\/wp-content\/uploads\/2023\/05\/IMG_0807-864x1536.jpg 864w, https:\/\/pureline.com.pl\/wp-content\/uploads\/2023\/05\/IMG_0807-1152x2048.jpg 1152w, https:\/\/pureline.com.pl\/wp-content\/uploads\/2023\/05\/IMG_0807-400x711.jpg 400w, https:\/\/pureline.com.pl\/wp-content\/uploads\/2023\/05\/IMG_0807-scaled.jpg 1440w\" sizes=\"(max-width: 169px) 100vw, 169px\" \/><img decoding=\"async\" class=\"alignnone size-medium wp-image-6188\" src=\"https:\/\/pureline.com.pl\/wp-content\/uploads\/2023\/05\/krecha-198x300.jpg\" alt=\"\" width=\"198\" height=\"300\" srcset=\"https:\/\/pureline.com.pl\/wp-content\/uploads\/2023\/05\/krecha-198x300.jpg 198w, https:\/\/pureline.com.pl\/wp-content\/uploads\/2023\/05\/krecha-675x1024.jpg 675w, https:\/\/pureline.com.pl\/wp-content\/uploads\/2023\/05\/krecha-768x1166.jpg 768w, https:\/\/pureline.com.pl\/wp-content\/uploads\/2023\/05\/krecha-1012x1536.jpg 1012w, https:\/\/pureline.com.pl\/wp-content\/uploads\/2023\/05\/krecha-1349x2048.jpg 1349w, https:\/\/pureline.com.pl\/wp-content\/uploads\/2023\/05\/krecha-400x607.jpg 400w, https:\/\/pureline.com.pl\/wp-content\/uploads\/2023\/05\/krecha-scaled.jpg 1686w\" sizes=\"(max-width: 198px) 100vw, 198px\" \/><img decoding=\"async\" class=\"alignnone size-medium wp-image-6189\" src=\"https:\/\/pureline.com.pl\/wp-content\/uploads\/2023\/05\/Kreska-24.05-3-218x300.jpg\" alt=\"\" width=\"218\" height=\"300\" srcset=\"https:\/\/pureline.com.pl\/wp-content\/uploads\/2023\/05\/Kreska-24.05-3-218x300.jpg 218w, https:\/\/pureline.com.pl\/wp-content\/uploads\/2023\/05\/Kreska-24.05-3-743x1024.jpg 743w, https:\/\/pureline.com.pl\/wp-content\/uploads\/2023\/05\/Kreska-24.05-3-768x1059.jpg 768w, https:\/\/pureline.com.pl\/wp-content\/uploads\/2023\/05\/Kreska-24.05-3-1114x1536.jpg 1114w, https:\/\/pureline.com.pl\/wp-content\/uploads\/2023\/05\/Kreska-24.05-3-1485x2048.jpg 1485w, https:\/\/pureline.com.pl\/wp-content\/uploads\/2023\/05\/Kreska-24.05-3-400x551.jpg 400w, https:\/\/pureline.com.pl\/wp-content\/uploads\/2023\/05\/Kreska-24.05-3-scaled.jpg 1857w\" sizes=\"(max-width: 218px) 100vw, 218px\" \/><\/p>\n","protected":false},"excerpt":{"rendered":"<p>Szkolenie Masterclass Eyeliner\u00a0 -1 dzie\u0144 innowacyjne metody wykonywania Eyeliner w linii rz\u0119s oraz Eyeliner Dekoracyjny, precyzja, higiena oraz bezpiecze\u0144stwo podczas pigmentacji Eyeliner, nadprogramowa wiedza zar\u00f3wno w zakresie teorii jak i praktyki, struktura przeprowadzania konsultacji z Klientk\u0105, Klientem, kolorymetria oraz dob\u00f3r pigment\u00f3w, cz\u0119\u015b\u0107 praktyczna wykonanie zabiegu pigmentacji Eyeliner analiza wykonanego zabiegu Mo\u017cliwo\u015b\u0107 dofinansowania koszt\u00f3w szkolenia \u00a0&#8211; [&hellip;]<\/p>\n","protected":false},"author":1,"featured_media":0,"parent":0,"menu_order":0,"comment_status":"closed","ping_status":"closed","template":"","meta":{"_acf_changed":false,"footnotes":""},"class_list":["post-4200","page","type-page","status-publish","hentry"],"acf":[],"yoast_head":"<!-- This site is optimized with the Yoast SEO plugin v23.1 - https:\/\/yoast.com\/wordpress\/plugins\/seo\/ -->\n<title>Szkolenie expert Kreska | PureLine<\/title>\n<meta name=\"description\" content=\"Szkolenie expert Kreska | PureLine \u2764\ufe0f Najwy\u017csza jako\u015b\u0107 urz\u0105dze\u0144 do makija\u017cu permanentnego \u26a1 Szkolenia \u26a1 Wieloletnie do\u015bwiadczenie \u26a1 Zapraszamy do kontaktu!\" \/>\n<meta name=\"robots\" content=\"index, follow, max-snippet:-1, max-image-preview:large, max-video-preview:-1\" \/>\n<link rel=\"canonical\" href=\"https:\/\/pureline.com.pl\/index.php\/szkolenie-expert-kreska\/\" \/>\n<meta property=\"og:locale\" content=\"pl_PL\" \/>\n<meta property=\"og:type\" content=\"article\" \/>\n<meta property=\"og:title\" content=\"Szkolenie expert Kreska | PureLine\" \/>\n<meta property=\"og:description\" content=\"Szkolenie expert Kreska | PureLine \u2764\ufe0f Najwy\u017csza jako\u015b\u0107 urz\u0105dze\u0144 do makija\u017cu permanentnego \u26a1 Szkolenia \u26a1 Wieloletnie do\u015bwiadczenie \u26a1 Zapraszamy do kontaktu!\" \/>\n<meta property=\"og:url\" content=\"https:\/\/pureline.com.pl\/index.php\/szkolenie-expert-kreska\/\" \/>\n<meta property=\"og:site_name\" content=\"PureLine\" \/>\n<meta property=\"article:modified_time\" content=\"2023-05-25T12:36:19+00:00\" \/>\n<meta property=\"og:image\" content=\"https:\/\/pureline.com.pl\/wp-content\/uploads\/2023\/05\/IMG_0807-169x300.jpg\" \/>\n<meta name=\"twitter:card\" content=\"summary_large_image\" \/>\n<meta name=\"twitter:label1\" content=\"Szacowany czas czytania\" \/>\n\t<meta name=\"twitter:data1\" content=\"2 minuty\" \/>\n<script type=\"application\/ld+json\" class=\"yoast-schema-graph\">{\"@context\":\"https:\/\/schema.org\",\"@graph\":[{\"@type\":\"WebPage\",\"@id\":\"https:\/\/pureline.com.pl\/index.php\/szkolenie-expert-kreska\/\",\"url\":\"https:\/\/pureline.com.pl\/index.php\/szkolenie-expert-kreska\/\",\"name\":\"Szkolenie expert Kreska | PureLine\",\"isPartOf\":{\"@id\":\"https:\/\/pureline.com.pl\/#website\"},\"primaryImageOfPage\":{\"@id\":\"https:\/\/pureline.com.pl\/index.php\/szkolenie-expert-kreska\/#primaryimage\"},\"image\":{\"@id\":\"https:\/\/pureline.com.pl\/index.php\/szkolenie-expert-kreska\/#primaryimage\"},\"thumbnailUrl\":\"https:\/\/pureline.com.pl\/wp-content\/uploads\/2023\/05\/IMG_0807-169x300.jpg\",\"datePublished\":\"2021-07-16T16:24:56+00:00\",\"dateModified\":\"2023-05-25T12:36:19+00:00\",\"description\":\"Szkolenie expert Kreska | PureLine \u2764\ufe0f Najwy\u017csza jako\u015b\u0107 urz\u0105dze\u0144 do makija\u017cu permanentnego \u26a1 Szkolenia \u26a1 Wieloletnie do\u015bwiadczenie \u26a1 Zapraszamy do kontaktu!\",\"breadcrumb\":{\"@id\":\"https:\/\/pureline.com.pl\/index.php\/szkolenie-expert-kreska\/#breadcrumb\"},\"inLanguage\":\"pl-PL\",\"potentialAction\":[{\"@type\":\"ReadAction\",\"target\":[\"https:\/\/pureline.com.pl\/index.php\/szkolenie-expert-kreska\/\"]}]},{\"@type\":\"ImageObject\",\"inLanguage\":\"pl-PL\",\"@id\":\"https:\/\/pureline.com.pl\/index.php\/szkolenie-expert-kreska\/#primaryimage\",\"url\":\"https:\/\/pureline.com.pl\/wp-content\/uploads\/2023\/05\/IMG_0807-scaled.jpg\",\"contentUrl\":\"https:\/\/pureline.com.pl\/wp-content\/uploads\/2023\/05\/IMG_0807-scaled.jpg\",\"width\":1440,\"height\":2560},{\"@type\":\"BreadcrumbList\",\"@id\":\"https:\/\/pureline.com.pl\/index.php\/szkolenie-expert-kreska\/#breadcrumb\",\"itemListElement\":[{\"@type\":\"ListItem\",\"position\":1,\"name\":\"Strona g\u0142\u00f3wna\",\"item\":\"https:\/\/pureline.com.pl\/\"},{\"@type\":\"ListItem\",\"position\":2,\"name\":\"Szkolenie expert Kreska\"}]},{\"@type\":\"WebSite\",\"@id\":\"https:\/\/pureline.com.pl\/#website\",\"url\":\"https:\/\/pureline.com.pl\/\",\"name\":\"PureLine\",\"description\":\"\",\"potentialAction\":[{\"@type\":\"SearchAction\",\"target\":{\"@type\":\"EntryPoint\",\"urlTemplate\":\"https:\/\/pureline.com.pl\/?s={search_term_string}\"},\"query-input\":\"required name=search_term_string\"}],\"inLanguage\":\"pl-PL\"}]}<\/script>\n<!-- \/ Yoast SEO plugin. -->","yoast_head_json":{"title":"Szkolenie expert Kreska | PureLine","description":"Szkolenie expert Kreska | PureLine \u2764\ufe0f Najwy\u017csza jako\u015b\u0107 urz\u0105dze\u0144 do makija\u017cu permanentnego \u26a1 Szkolenia \u26a1 Wieloletnie do\u015bwiadczenie \u26a1 Zapraszamy do kontaktu!","robots":{"index":"index","follow":"follow","max-snippet":"max-snippet:-1","max-image-preview":"max-image-preview:large","max-video-preview":"max-video-preview:-1"},"canonical":"https:\/\/pureline.com.pl\/index.php\/szkolenie-expert-kreska\/","og_locale":"pl_PL","og_type":"article","og_title":"Szkolenie expert Kreska | PureLine","og_description":"Szkolenie expert Kreska | PureLine \u2764\ufe0f Najwy\u017csza jako\u015b\u0107 urz\u0105dze\u0144 do makija\u017cu permanentnego \u26a1 Szkolenia \u26a1 Wieloletnie do\u015bwiadczenie \u26a1 Zapraszamy do kontaktu!","og_url":"https:\/\/pureline.com.pl\/index.php\/szkolenie-expert-kreska\/","og_site_name":"PureLine","article_modified_time":"2023-05-25T12:36:19+00:00","og_image":[{"url":"https:\/\/pureline.com.pl\/wp-content\/uploads\/2023\/05\/IMG_0807-169x300.jpg"}],"twitter_card":"summary_large_image","twitter_misc":{"Szacowany czas czytania":"2 minuty"},"schema":{"@context":"https:\/\/schema.org","@graph":[{"@type":"WebPage","@id":"https:\/\/pureline.com.pl\/index.php\/szkolenie-expert-kreska\/","url":"https:\/\/pureline.com.pl\/index.php\/szkolenie-expert-kreska\/","name":"Szkolenie expert Kreska | PureLine","isPartOf":{"@id":"https:\/\/pureline.com.pl\/#website"},"primaryImageOfPage":{"@id":"https:\/\/pureline.com.pl\/index.php\/szkolenie-expert-kreska\/#primaryimage"},"image":{"@id":"https:\/\/pureline.com.pl\/index.php\/szkolenie-expert-kreska\/#primaryimage"},"thumbnailUrl":"https:\/\/pureline.com.pl\/wp-content\/uploads\/2023\/05\/IMG_0807-169x300.jpg","datePublished":"2021-07-16T16:24:56+00:00","dateModified":"2023-05-25T12:36:19+00:00","description":"Szkolenie expert Kreska | PureLine \u2764\ufe0f Najwy\u017csza jako\u015b\u0107 urz\u0105dze\u0144 do makija\u017cu permanentnego \u26a1 Szkolenia \u26a1 Wieloletnie do\u015bwiadczenie \u26a1 Zapraszamy do kontaktu!","breadcrumb":{"@id":"https:\/\/pureline.com.pl\/index.php\/szkolenie-expert-kreska\/#breadcrumb"},"inLanguage":"pl-PL","potentialAction":[{"@type":"ReadAction","target":["https:\/\/pureline.com.pl\/index.php\/szkolenie-expert-kreska\/"]}]},{"@type":"ImageObject","inLanguage":"pl-PL","@id":"https:\/\/pureline.com.pl\/index.php\/szkolenie-expert-kreska\/#primaryimage","url":"https:\/\/pureline.com.pl\/wp-content\/uploads\/2023\/05\/IMG_0807-scaled.jpg","contentUrl":"https:\/\/pureline.com.pl\/wp-content\/uploads\/2023\/05\/IMG_0807-scaled.jpg","width":1440,"height":2560},{"@type":"BreadcrumbList","@id":"https:\/\/pureline.com.pl\/index.php\/szkolenie-expert-kreska\/#breadcrumb","itemListElement":[{"@type":"ListItem","position":1,"name":"Strona g\u0142\u00f3wna","item":"https:\/\/pureline.com.pl\/"},{"@type":"ListItem","position":2,"name":"Szkolenie expert Kreska"}]},{"@type":"WebSite","@id":"https:\/\/pureline.com.pl\/#website","url":"https:\/\/pureline.com.pl\/","name":"PureLine","description":"","potentialAction":[{"@type":"SearchAction","target":{"@type":"EntryPoint","urlTemplate":"https:\/\/pureline.com.pl\/?s={search_term_string}"},"query-input":"required name=search_term_string"}],"inLanguage":"pl-PL"}]}},"_links":{"self":[{"href":"https:\/\/pureline.com.pl\/index.php\/wp-json\/wp\/v2\/pages\/4200","targetHints":{"allow":["GET"]}}],"collection":[{"href":"https:\/\/pureline.com.pl\/index.php\/wp-json\/wp\/v2\/pages"}],"about":[{"href":"https:\/\/pureline.com.pl\/index.php\/wp-json\/wp\/v2\/types\/page"}],"author":[{"embeddable":true,"href":"https:\/\/pureline.com.pl\/index.php\/wp-json\/wp\/v2\/users\/1"}],"replies":[{"embeddable":true,"href":"https:\/\/pureline.com.pl\/index.php\/wp-json\/wp\/v2\/comments?post=4200"}],"version-history":[{"count":13,"href":"https:\/\/pureline.com.pl\/index.php\/wp-json\/wp\/v2\/pages\/4200\/revisions"}],"predecessor-version":[{"id":6190,"href":"https:\/\/pureline.com.pl\/index.php\/wp-json\/wp\/v2\/pages\/4200\/revisions\/6190"}],"wp:attachment":[{"href":"https:\/\/pureline.com.pl\/index.php\/wp-json\/wp\/v2\/media?parent=4200"}],"curies":[{"name":"wp","href":"https:\/\/api.w.org\/{rel}","templated":true}]}}