{"id":4196,"date":"2021-07-16T18:23:10","date_gmt":"2021-07-16T16:23:10","guid":{"rendered":"https:\/\/pureline2.dkonto.pl\/?page_id=4196"},"modified":"2023-01-20T20:12:40","modified_gmt":"2023-01-20T19:12:40","slug":"szkolenie-expert-usta","status":"publish","type":"page","link":"https:\/\/pureline.com.pl\/index.php\/szkolenie-expert-usta\/","title":{"rendered":"Szkolenie expert Usta"},"content":{"rendered":"\t\t<div data-elementor-type=\"wp-page\" data-elementor-id=\"4196\" class=\"elementor elementor-4196\" data-elementor-post-type=\"page\">\n\t\t\t\t\t\t<section class=\"elementor-section elementor-top-section elementor-element elementor-element-753c8292 elementor-section-boxed elementor-section-height-default elementor-section-height-default\" data-id=\"753c8292\" data-element_type=\"section\">\n\t\t\t\t\t\t<div class=\"elementor-container elementor-column-gap-default\">\n\t\t\t\t\t<div class=\"elementor-column elementor-col-100 elementor-top-column elementor-element elementor-element-77ce5c40\" data-id=\"77ce5c40\" data-element_type=\"column\">\n\t\t\t<div class=\"elementor-widget-wrap elementor-element-populated\">\n\t\t\t\t\t\t<div class=\"elementor-element elementor-element-16b85c7e elementor-widget elementor-widget-text-editor\" data-id=\"16b85c7e\" data-element_type=\"widget\" data-widget_type=\"text-editor.default\">\n\t\t\t\t<div class=\"elementor-widget-container\">\n\t\t\t\t\t\t\t<p><strong>Szkolenie Masterclass Usta technika Aquarelle &#8211; 1 dzie\u0144<br \/><\/strong><\/p><p>Najnowsze metody pigmentacji czerwieni wargowej ust,<\/p><ul><li>przedstawienie technik w 100% gwarantuj\u0105cych u\u0142atwienie jako\u015bci pracy na urz\u0105dzeniu,<\/li><li>innowacyjne techniki wykorzystuj\u0105ce:<ul><li>mieszanki, mix kolor\u00f3w (cieniowanie),<\/li><li>technika pudrowania ust (Nude Lips),<\/li><li>podkre\u015blenie naturalnego wygl\u0105du ust (Akwarel Lips),<\/li><li>roz\u015bwietlanie ust tworz\u0105c iluzj\u0119 kolorystyczn\u0105 (pixelowanie),<\/li><\/ul><\/li><li>nadprogramowa wiedza zar\u00f3wno w zakresie teorii i praktyki,<\/li><li>cz\u0119\u015b\u0107 praktyczna wykonanie zabiegu pigmentacji ust<\/li><li>analiza wykonanego zabiegu<\/li><\/ul><p>Mo\u017cliwo\u015b\u0107 dofinansowania koszt\u00f3w szkolenia \u00a0&#8211; szczeg\u00f3\u0142owe informacje i pomoc w za\u0142atwieniu formalno\u015bci pod nr tel. 608497862<\/p><p>B\u0119d\u0105c naszym absolwentem zyskujesz :<\/p><ul><li>materia\u0142y dydaktyczne<\/li><li>opiek\u0119 i wsparcie poszkoleniowe<\/li><li>konsultacje i doradztwo<\/li><li>15 letnie do\u015bwiadczenie w bran\u017cy makija\u017cu permanentnego<\/li><li>premiowane cykliczne warsztaty dla naszych abiturient\u00f3w<\/li><li>przynale\u017cno\u015b\u0107 do mi\u0119dzynarodowej grupy &#8211; WORLDWIDE Academy<\/li><\/ul><p>Zapewniamy modeli szkoleniowych .<\/p><p>Szkolenie uko\u0144czone jest certyfikatem ( mo\u017cliwo\u015b\u0107 wystawienia w j\u0119zyku angielskim lub niemieckim )<\/p><p>Cena szkolenia 2600 z\u0142<\/p><p>\u00a0<\/p>\t\t\t\t\t\t<\/div>\n\t\t\t\t<\/div>\n\t\t\t\t<div class=\"elementor-element elementor-element-53baa18 elementor-widget elementor-widget-image-gallery\" data-id=\"53baa18\" data-element_type=\"widget\" data-widget_type=\"image-gallery.default\">\n\t\t\t\t<div class=\"elementor-widget-container\">\n\t\t\t\t\t<div class=\"elementor-image-gallery\">\n\t\t\t\n\t\t<style type=\"text\/css\">\n\t\t\t#gallery-1 {\n\t\t\t\tmargin: auto;\n\t\t\t}\n\t\t\t#gallery-1 .gallery-item {\n\t\t\t\tfloat: left;\n\t\t\t\tmargin-top: 10px;\n\t\t\t\ttext-align: center;\n\t\t\t\twidth: 25%;\n\t\t\t}\n\t\t\t#gallery-1 img {\n\t\t\t\tborder: 2px solid #cfcfcf;\n\t\t\t}\n\t\t\t#gallery-1 .gallery-caption {\n\t\t\t\tmargin-left: 0;\n\t\t\t}\n\t\t\t\/* see gallery_shortcode() in wp-includes\/media.php *\/\n\t\t<\/style>\n\t\t<div id='gallery-1' class='gallery galleryid-4196 gallery-columns-4 gallery-size-thumbnail'><dl class='gallery-item'>\n\t\t\t<dt class='gallery-icon portrait'>\n\t\t\t\t<a data-elementor-open-lightbox=\"yes\" data-elementor-lightbox-slideshow=\"53baa18\" data-elementor-lightbox-title=\"usta 1\" data-e-action-hash=\"#elementor-action%3Aaction%3Dlightbox%26settings%3DeyJpZCI6NTUwMiwidXJsIjoiaHR0cHM6XC9cL3B1cmVsaW5lLmNvbS5wbFwvd3AtY29udGVudFwvdXBsb2Fkc1wvMjAyMlwvMDRcL3VzdGEtMS5wbmciLCJzbGlkZXNob3ciOiI1M2JhYTE4In0%3D\" href='https:\/\/pureline.com.pl\/wp-content\/uploads\/2022\/04\/usta-1.png'><img decoding=\"async\" width=\"150\" height=\"150\" src=\"https:\/\/pureline.com.pl\/wp-content\/uploads\/2022\/04\/usta-1-150x150.png\" class=\"attachment-thumbnail size-thumbnail\" alt=\"\" srcset=\"https:\/\/pureline.com.pl\/wp-content\/uploads\/2022\/04\/usta-1-150x150.png 150w, https:\/\/pureline.com.pl\/wp-content\/uploads\/2022\/04\/usta-1-400x400.png 400w, https:\/\/pureline.com.pl\/wp-content\/uploads\/2022\/04\/usta-1-100x100.png 100w\" sizes=\"(max-width: 150px) 100vw, 150px\" \/><\/a>\n\t\t\t<\/dt><\/dl><dl class='gallery-item'>\n\t\t\t<dt class='gallery-icon landscape'>\n\t\t\t\t<a data-elementor-open-lightbox=\"yes\" data-elementor-lightbox-slideshow=\"53baa18\" data-elementor-lightbox-title=\"usta_11.05.2022\" data-e-action-hash=\"#elementor-action%3Aaction%3Dlightbox%26settings%3DeyJpZCI6NTYwNiwidXJsIjoiaHR0cHM6XC9cL3B1cmVsaW5lLmNvbS5wbFwvd3AtY29udGVudFwvdXBsb2Fkc1wvMjAyMlwvMDhcL3VzdGFfMTEuMDUuMjAyMi5wbmciLCJzbGlkZXNob3ciOiI1M2JhYTE4In0%3D\" href='https:\/\/pureline.com.pl\/wp-content\/uploads\/2022\/08\/usta_11.05.2022.png'><img decoding=\"async\" width=\"150\" height=\"150\" src=\"https:\/\/pureline.com.pl\/wp-content\/uploads\/2022\/08\/usta_11.05.2022-150x150.png\" class=\"attachment-thumbnail size-thumbnail\" alt=\"\" srcset=\"https:\/\/pureline.com.pl\/wp-content\/uploads\/2022\/08\/usta_11.05.2022-150x150.png 150w, https:\/\/pureline.com.pl\/wp-content\/uploads\/2022\/08\/usta_11.05.2022-400x400.png 400w, https:\/\/pureline.com.pl\/wp-content\/uploads\/2022\/08\/usta_11.05.2022-100x100.png 100w\" sizes=\"(max-width: 150px) 100vw, 150px\" \/><\/a>\n\t\t\t<\/dt><\/dl><dl class='gallery-item'>\n\t\t\t<dt class='gallery-icon landscape'>\n\t\t\t\t<a data-elementor-open-lightbox=\"yes\" data-elementor-lightbox-slideshow=\"53baa18\" data-elementor-lightbox-title=\"Usta_01.07.2022\" data-e-action-hash=\"#elementor-action%3Aaction%3Dlightbox%26settings%3DeyJpZCI6NTYwNSwidXJsIjoiaHR0cHM6XC9cL3B1cmVsaW5lLmNvbS5wbFwvd3AtY29udGVudFwvdXBsb2Fkc1wvMjAyMlwvMDhcL1VzdGFfMDEuMDcuMjAyMi5wbmciLCJzbGlkZXNob3ciOiI1M2JhYTE4In0%3D\" href='https:\/\/pureline.com.pl\/wp-content\/uploads\/2022\/08\/Usta_01.07.2022.png'><img decoding=\"async\" width=\"150\" height=\"150\" src=\"https:\/\/pureline.com.pl\/wp-content\/uploads\/2022\/08\/Usta_01.07.2022-150x150.png\" class=\"attachment-thumbnail size-thumbnail\" alt=\"\" srcset=\"https:\/\/pureline.com.pl\/wp-content\/uploads\/2022\/08\/Usta_01.07.2022-150x150.png 150w, https:\/\/pureline.com.pl\/wp-content\/uploads\/2022\/08\/Usta_01.07.2022-400x400.png 400w, https:\/\/pureline.com.pl\/wp-content\/uploads\/2022\/08\/Usta_01.07.2022-100x100.png 100w\" sizes=\"(max-width: 150px) 100vw, 150px\" \/><\/a>\n\t\t\t<\/dt><\/dl><dl class='gallery-item'>\n\t\t\t<dt class='gallery-icon landscape'>\n\t\t\t\t<a data-elementor-open-lightbox=\"yes\" data-elementor-lightbox-slideshow=\"53baa18\" data-elementor-lightbox-title=\"Usta_1_10.05.22\" data-e-action-hash=\"#elementor-action%3Aaction%3Dlightbox%26settings%3DeyJpZCI6NTYwNCwidXJsIjoiaHR0cHM6XC9cL3B1cmVsaW5lLmNvbS5wbFwvd3AtY29udGVudFwvdXBsb2Fkc1wvMjAyMlwvMDhcL1VzdGFfMV8xMC4wNS4yMi5wbmciLCJzbGlkZXNob3ciOiI1M2JhYTE4In0%3D\" href='https:\/\/pureline.com.pl\/wp-content\/uploads\/2022\/08\/Usta_1_10.05.22.png'><img loading=\"lazy\" decoding=\"async\" width=\"150\" height=\"150\" src=\"https:\/\/pureline.com.pl\/wp-content\/uploads\/2022\/08\/Usta_1_10.05.22-150x150.png\" class=\"attachment-thumbnail size-thumbnail\" alt=\"\" srcset=\"https:\/\/pureline.com.pl\/wp-content\/uploads\/2022\/08\/Usta_1_10.05.22-150x150.png 150w, https:\/\/pureline.com.pl\/wp-content\/uploads\/2022\/08\/Usta_1_10.05.22-400x400.png 400w, https:\/\/pureline.com.pl\/wp-content\/uploads\/2022\/08\/Usta_1_10.05.22-100x100.png 100w\" sizes=\"(max-width: 150px) 100vw, 150px\" \/><\/a>\n\t\t\t<\/dt><\/dl><br style=\"clear: both\" \/><dl class='gallery-item'>\n\t\t\t<dt class='gallery-icon landscape'>\n\t\t\t\t<a data-elementor-open-lightbox=\"yes\" data-elementor-lightbox-slideshow=\"53baa18\" data-elementor-lightbox-title=\"Magda 1\" data-e-action-hash=\"#elementor-action%3Aaction%3Dlightbox%26settings%3DeyJpZCI6NTUxNCwidXJsIjoiaHR0cHM6XC9cL3B1cmVsaW5lLmNvbS5wbFwvd3AtY29udGVudFwvdXBsb2Fkc1wvMjAyMlwvMDRcL01hZ2RhLTEucG5nIiwic2xpZGVzaG93IjoiNTNiYWExOCJ9\" href='https:\/\/pureline.com.pl\/wp-content\/uploads\/2022\/04\/Magda-1.png'><img loading=\"lazy\" decoding=\"async\" width=\"150\" height=\"150\" src=\"https:\/\/pureline.com.pl\/wp-content\/uploads\/2022\/04\/Magda-1-150x150.png\" class=\"attachment-thumbnail size-thumbnail\" alt=\"\" srcset=\"https:\/\/pureline.com.pl\/wp-content\/uploads\/2022\/04\/Magda-1-150x150.png 150w, https:\/\/pureline.com.pl\/wp-content\/uploads\/2022\/04\/Magda-1-400x400.png 400w, https:\/\/pureline.com.pl\/wp-content\/uploads\/2022\/04\/Magda-1-100x100.png 100w\" sizes=\"(max-width: 150px) 100vw, 150px\" \/><\/a>\n\t\t\t<\/dt><\/dl>\n\t\t\t<br style='clear: both' \/>\n\t\t<\/div>\n\t\t<\/div>\n\t\t\t\t<\/div>\n\t\t\t\t<\/div>\n\t\t\t\t\t<\/div>\n\t\t<\/div>\n\t\t\t\t\t<\/div>\n\t\t<\/section>\n\t\t\t\t<\/div>\n\t\t","protected":false},"excerpt":{"rendered":"<p>Szkolenie Masterclass Usta technika Aquarelle &#8211; 1 dzie\u0144 Najnowsze metody pigmentacji czerwieni wargowej ust, przedstawienie technik w 100% gwarantuj\u0105cych u\u0142atwienie jako\u015bci pracy na urz\u0105dzeniu, innowacyjne techniki wykorzystuj\u0105ce: mieszanki, mix kolor\u00f3w (cieniowanie), technika pudrowania ust (Nude Lips), podkre\u015blenie naturalnego wygl\u0105du ust (Akwarel Lips), roz\u015bwietlanie ust tworz\u0105c iluzj\u0119 kolorystyczn\u0105 (pixelowanie), nadprogramowa wiedza zar\u00f3wno w zakresie teorii i [&hellip;]<\/p>\n","protected":false},"author":1,"featured_media":0,"parent":0,"menu_order":0,"comment_status":"closed","ping_status":"closed","template":"","meta":{"_acf_changed":false,"footnotes":""},"class_list":["post-4196","page","type-page","status-publish","hentry"],"acf":[],"yoast_head":"<!-- This site is optimized with the Yoast SEO plugin v23.1 - https:\/\/yoast.com\/wordpress\/plugins\/seo\/ -->\n<title>Szkolenie expert Usta | PureLine<\/title>\n<meta name=\"description\" content=\"Szkolenie expert Usta | PureLine \u2764\ufe0f Najwy\u017csza jako\u015b\u0107 urz\u0105dze\u0144 do makija\u017cu permanentnego \u26a1 Szkolenia \u26a1 Wieloletnie do\u015bwiadczenie \u26a1 Zapraszamy do kontaktu!\" \/>\n<meta name=\"robots\" content=\"index, follow, max-snippet:-1, max-image-preview:large, max-video-preview:-1\" \/>\n<link rel=\"canonical\" href=\"https:\/\/pureline.com.pl\/index.php\/szkolenie-expert-usta\/\" \/>\n<meta property=\"og:locale\" content=\"pl_PL\" \/>\n<meta property=\"og:type\" content=\"article\" \/>\n<meta property=\"og:title\" content=\"Szkolenie expert Usta | PureLine\" \/>\n<meta property=\"og:description\" content=\"Szkolenie expert Usta | PureLine \u2764\ufe0f Najwy\u017csza jako\u015b\u0107 urz\u0105dze\u0144 do makija\u017cu permanentnego \u26a1 Szkolenia \u26a1 Wieloletnie do\u015bwiadczenie \u26a1 Zapraszamy do kontaktu!\" \/>\n<meta property=\"og:url\" content=\"https:\/\/pureline.com.pl\/index.php\/szkolenie-expert-usta\/\" \/>\n<meta property=\"og:site_name\" content=\"PureLine\" \/>\n<meta property=\"article:modified_time\" content=\"2023-01-20T19:12:40+00:00\" \/>\n<meta property=\"og:image\" content=\"https:\/\/pureline.com.pl\/wp-content\/uploads\/2022\/04\/usta-1-150x150.png\" \/>\n<meta name=\"twitter:card\" content=\"summary_large_image\" \/>\n<meta name=\"twitter:label1\" content=\"Szacowany czas czytania\" \/>\n\t<meta name=\"twitter:data1\" content=\"2 minuty\" \/>\n<script type=\"application\/ld+json\" class=\"yoast-schema-graph\">{\"@context\":\"https:\/\/schema.org\",\"@graph\":[{\"@type\":\"WebPage\",\"@id\":\"https:\/\/pureline.com.pl\/index.php\/szkolenie-expert-usta\/\",\"url\":\"https:\/\/pureline.com.pl\/index.php\/szkolenie-expert-usta\/\",\"name\":\"Szkolenie expert Usta | PureLine\",\"isPartOf\":{\"@id\":\"https:\/\/pureline.com.pl\/#website\"},\"primaryImageOfPage\":{\"@id\":\"https:\/\/pureline.com.pl\/index.php\/szkolenie-expert-usta\/#primaryimage\"},\"image\":{\"@id\":\"https:\/\/pureline.com.pl\/index.php\/szkolenie-expert-usta\/#primaryimage\"},\"thumbnailUrl\":\"https:\/\/pureline.com.pl\/wp-content\/uploads\/2022\/04\/usta-1-150x150.png\",\"datePublished\":\"2021-07-16T16:23:10+00:00\",\"dateModified\":\"2023-01-20T19:12:40+00:00\",\"description\":\"Szkolenie expert Usta | PureLine \u2764\ufe0f Najwy\u017csza jako\u015b\u0107 urz\u0105dze\u0144 do makija\u017cu permanentnego \u26a1 Szkolenia \u26a1 Wieloletnie do\u015bwiadczenie \u26a1 Zapraszamy do kontaktu!\",\"breadcrumb\":{\"@id\":\"https:\/\/pureline.com.pl\/index.php\/szkolenie-expert-usta\/#breadcrumb\"},\"inLanguage\":\"pl-PL\",\"potentialAction\":[{\"@type\":\"ReadAction\",\"target\":[\"https:\/\/pureline.com.pl\/index.php\/szkolenie-expert-usta\/\"]}]},{\"@type\":\"ImageObject\",\"inLanguage\":\"pl-PL\",\"@id\":\"https:\/\/pureline.com.pl\/index.php\/szkolenie-expert-usta\/#primaryimage\",\"url\":\"https:\/\/pureline.com.pl\/wp-content\/uploads\/2022\/04\/usta-1.png\",\"contentUrl\":\"https:\/\/pureline.com.pl\/wp-content\/uploads\/2022\/04\/usta-1.png\",\"width\":882,\"height\":1632},{\"@type\":\"BreadcrumbList\",\"@id\":\"https:\/\/pureline.com.pl\/index.php\/szkolenie-expert-usta\/#breadcrumb\",\"itemListElement\":[{\"@type\":\"ListItem\",\"position\":1,\"name\":\"Strona g\u0142\u00f3wna\",\"item\":\"https:\/\/pureline.com.pl\/\"},{\"@type\":\"ListItem\",\"position\":2,\"name\":\"Szkolenie expert Usta\"}]},{\"@type\":\"WebSite\",\"@id\":\"https:\/\/pureline.com.pl\/#website\",\"url\":\"https:\/\/pureline.com.pl\/\",\"name\":\"PureLine\",\"description\":\"\",\"potentialAction\":[{\"@type\":\"SearchAction\",\"target\":{\"@type\":\"EntryPoint\",\"urlTemplate\":\"https:\/\/pureline.com.pl\/?s={search_term_string}\"},\"query-input\":\"required name=search_term_string\"}],\"inLanguage\":\"pl-PL\"}]}<\/script>\n<!-- \/ Yoast SEO plugin. -->","yoast_head_json":{"title":"Szkolenie expert Usta | PureLine","description":"Szkolenie expert Usta | PureLine \u2764\ufe0f Najwy\u017csza jako\u015b\u0107 urz\u0105dze\u0144 do makija\u017cu permanentnego \u26a1 Szkolenia \u26a1 Wieloletnie do\u015bwiadczenie \u26a1 Zapraszamy do kontaktu!","robots":{"index":"index","follow":"follow","max-snippet":"max-snippet:-1","max-image-preview":"max-image-preview:large","max-video-preview":"max-video-preview:-1"},"canonical":"https:\/\/pureline.com.pl\/index.php\/szkolenie-expert-usta\/","og_locale":"pl_PL","og_type":"article","og_title":"Szkolenie expert Usta | PureLine","og_description":"Szkolenie expert Usta | PureLine \u2764\ufe0f Najwy\u017csza jako\u015b\u0107 urz\u0105dze\u0144 do makija\u017cu permanentnego \u26a1 Szkolenia \u26a1 Wieloletnie do\u015bwiadczenie \u26a1 Zapraszamy do kontaktu!","og_url":"https:\/\/pureline.com.pl\/index.php\/szkolenie-expert-usta\/","og_site_name":"PureLine","article_modified_time":"2023-01-20T19:12:40+00:00","og_image":[{"url":"https:\/\/pureline.com.pl\/wp-content\/uploads\/2022\/04\/usta-1-150x150.png"}],"twitter_card":"summary_large_image","twitter_misc":{"Szacowany czas czytania":"2 minuty"},"schema":{"@context":"https:\/\/schema.org","@graph":[{"@type":"WebPage","@id":"https:\/\/pureline.com.pl\/index.php\/szkolenie-expert-usta\/","url":"https:\/\/pureline.com.pl\/index.php\/szkolenie-expert-usta\/","name":"Szkolenie expert Usta | PureLine","isPartOf":{"@id":"https:\/\/pureline.com.pl\/#website"},"primaryImageOfPage":{"@id":"https:\/\/pureline.com.pl\/index.php\/szkolenie-expert-usta\/#primaryimage"},"image":{"@id":"https:\/\/pureline.com.pl\/index.php\/szkolenie-expert-usta\/#primaryimage"},"thumbnailUrl":"https:\/\/pureline.com.pl\/wp-content\/uploads\/2022\/04\/usta-1-150x150.png","datePublished":"2021-07-16T16:23:10+00:00","dateModified":"2023-01-20T19:12:40+00:00","description":"Szkolenie expert Usta | PureLine \u2764\ufe0f Najwy\u017csza jako\u015b\u0107 urz\u0105dze\u0144 do makija\u017cu permanentnego \u26a1 Szkolenia \u26a1 Wieloletnie do\u015bwiadczenie \u26a1 Zapraszamy do kontaktu!","breadcrumb":{"@id":"https:\/\/pureline.com.pl\/index.php\/szkolenie-expert-usta\/#breadcrumb"},"inLanguage":"pl-PL","potentialAction":[{"@type":"ReadAction","target":["https:\/\/pureline.com.pl\/index.php\/szkolenie-expert-usta\/"]}]},{"@type":"ImageObject","inLanguage":"pl-PL","@id":"https:\/\/pureline.com.pl\/index.php\/szkolenie-expert-usta\/#primaryimage","url":"https:\/\/pureline.com.pl\/wp-content\/uploads\/2022\/04\/usta-1.png","contentUrl":"https:\/\/pureline.com.pl\/wp-content\/uploads\/2022\/04\/usta-1.png","width":882,"height":1632},{"@type":"BreadcrumbList","@id":"https:\/\/pureline.com.pl\/index.php\/szkolenie-expert-usta\/#breadcrumb","itemListElement":[{"@type":"ListItem","position":1,"name":"Strona g\u0142\u00f3wna","item":"https:\/\/pureline.com.pl\/"},{"@type":"ListItem","position":2,"name":"Szkolenie expert Usta"}]},{"@type":"WebSite","@id":"https:\/\/pureline.com.pl\/#website","url":"https:\/\/pureline.com.pl\/","name":"PureLine","description":"","potentialAction":[{"@type":"SearchAction","target":{"@type":"EntryPoint","urlTemplate":"https:\/\/pureline.com.pl\/?s={search_term_string}"},"query-input":"required name=search_term_string"}],"inLanguage":"pl-PL"}]}},"_links":{"self":[{"href":"https:\/\/pureline.com.pl\/index.php\/wp-json\/wp\/v2\/pages\/4196","targetHints":{"allow":["GET"]}}],"collection":[{"href":"https:\/\/pureline.com.pl\/index.php\/wp-json\/wp\/v2\/pages"}],"about":[{"href":"https:\/\/pureline.com.pl\/index.php\/wp-json\/wp\/v2\/types\/page"}],"author":[{"embeddable":true,"href":"https:\/\/pureline.com.pl\/index.php\/wp-json\/wp\/v2\/users\/1"}],"replies":[{"embeddable":true,"href":"https:\/\/pureline.com.pl\/index.php\/wp-json\/wp\/v2\/comments?post=4196"}],"version-history":[{"count":17,"href":"https:\/\/pureline.com.pl\/index.php\/wp-json\/wp\/v2\/pages\/4196\/revisions"}],"predecessor-version":[{"id":5783,"href":"https:\/\/pureline.com.pl\/index.php\/wp-json\/wp\/v2\/pages\/4196\/revisions\/5783"}],"wp:attachment":[{"href":"https:\/\/pureline.com.pl\/index.php\/wp-json\/wp\/v2\/media?parent=4196"}],"curies":[{"name":"wp","href":"https:\/\/api.w.org\/{rel}","templated":true}]}}