{"id":3729,"date":"2021-05-30T17:06:58","date_gmt":"2021-05-30T15:06:58","guid":{"rendered":"http:\/\/pureline2.dkonto.pl\/?page_id=3729"},"modified":"2023-01-20T17:01:24","modified_gmt":"2023-01-20T16:01:24","slug":"o-nas","status":"publish","type":"page","link":"https:\/\/pureline.com.pl\/index.php\/o-nas\/","title":{"rendered":"O nas"},"content":{"rendered":"\t\t<div data-elementor-type=\"wp-page\" data-elementor-id=\"3729\" class=\"elementor elementor-3729\" data-elementor-post-type=\"page\">\n\t\t\t\t\t\t<section class=\"elementor-section elementor-top-section elementor-element elementor-element-79625390 elementor-hidden-tablet elementor-hidden-mobile elementor-section-boxed elementor-section-height-default elementor-section-height-default\" data-id=\"79625390\" data-element_type=\"section\">\n\t\t\t\t\t\t<div class=\"elementor-container elementor-column-gap-default\">\n\t\t\t\t\t<div class=\"elementor-column elementor-col-100 elementor-top-column elementor-element elementor-element-51a02694\" data-id=\"51a02694\" data-element_type=\"column\">\n\t\t\t<div class=\"elementor-widget-wrap elementor-element-populated\">\n\t\t\t\t\t\t<section class=\"elementor-section elementor-inner-section elementor-element elementor-element-42f33f3 elementor-section-boxed elementor-section-height-default elementor-section-height-default\" data-id=\"42f33f3\" data-element_type=\"section\">\n\t\t\t\t\t\t<div class=\"elementor-container elementor-column-gap-default\">\n\t\t\t\t\t<div class=\"elementor-column elementor-col-50 elementor-inner-column elementor-element elementor-element-9a2ee44\" data-id=\"9a2ee44\" data-element_type=\"column\">\n\t\t\t<div class=\"elementor-widget-wrap elementor-element-populated\">\n\t\t\t\t\t\t<div class=\"elementor-element elementor-element-0e34ad1 elementor-widget elementor-widget-image\" data-id=\"0e34ad1\" data-element_type=\"widget\" data-widget_type=\"image.default\">\n\t\t\t\t<div class=\"elementor-widget-container\">\n\t\t\t\t\t\t\t\t\t\t\t\t\t<img fetchpriority=\"high\" decoding=\"async\" width=\"820\" height=\"1024\" src=\"https:\/\/pureline.com.pl\/wp-content\/uploads\/2021\/07\/IMG_4441-820x1024.jpg\" class=\"attachment-large size-large wp-image-4089\" alt=\"Instruktorzy Pureline\" srcset=\"https:\/\/pureline.com.pl\/wp-content\/uploads\/2021\/07\/IMG_4441-820x1024.jpg 820w, https:\/\/pureline.com.pl\/wp-content\/uploads\/2021\/07\/IMG_4441-240x300.jpg 240w, https:\/\/pureline.com.pl\/wp-content\/uploads\/2021\/07\/IMG_4441-768x959.jpg 768w, https:\/\/pureline.com.pl\/wp-content\/uploads\/2021\/07\/IMG_4441-1231x1536.jpg 1231w, https:\/\/pureline.com.pl\/wp-content\/uploads\/2021\/07\/IMG_4441-1641x2048.jpg 1641w, https:\/\/pureline.com.pl\/wp-content\/uploads\/2021\/07\/IMG_4441-400x499.jpg 400w, https:\/\/pureline.com.pl\/wp-content\/uploads\/2021\/07\/IMG_4441.jpg 1701w\" sizes=\"(max-width: 820px) 100vw, 820px\" \/>\t\t\t\t\t\t\t\t\t\t\t\t\t<\/div>\n\t\t\t\t<\/div>\n\t\t\t\t\t<\/div>\n\t\t<\/div>\n\t\t\t\t<div class=\"elementor-column elementor-col-50 elementor-inner-column elementor-element elementor-element-57d57cc\" data-id=\"57d57cc\" data-element_type=\"column\">\n\t\t\t<div class=\"elementor-widget-wrap elementor-element-populated\">\n\t\t\t\t\t\t<div class=\"elementor-element elementor-element-00c587b elementor-widget elementor-widget-text-editor\" data-id=\"00c587b\" data-element_type=\"widget\" data-widget_type=\"text-editor.default\">\n\t\t\t\t<div class=\"elementor-widget-container\">\n\t\t\t\t\t\t\t<p>PureLine od lat jest mark\u0105 specjalizuj\u0105c\u0105 w sprzeda\u017cy <a href=\"https:\/\/pureline.com.pl\/kategoria-produktu\/urzadzenia\/\">urz\u0105dze\u0144 do makija\u017cu permanentnego<\/a>\u00a0, oraz szkoleniami w tej dziedzinie.<\/p><p>Przysz\u0142o\u015bciowy nowoczesny makija\u017c powinien tylko by\u0107 wyko\u0144czeniem naturalnego pi\u0119kna i podkre\u015bla\u0107 jego atuty.<\/p><p>Nasz\u0105 domen\u0105 jest wieloletnie do\u015bwiadczenie oraz sukcesywny rozw\u00f3j, kt\u00f3ry prowadzi do perfekcji.<\/p><p>Znajomo\u015b\u0107 mi\u0119dzynarodowego rynku kosmetycznego wykorzystujemy aby sprosta\u0107 najbardziej wymagaj\u0105cej klienteli i to dla nich indywidualnie dostosowa\u0107 optymaln\u0105 ofert\u0119.<\/p><p><a href=\"https:\/\/pureline.com.pl\/kategoria-produktu\/urzadzenia\/\">Urz\u0105dzenia\u00a0<\/a>kt\u00f3re pragniemy zaprezentowa\u0107 cechuje po\u0142\u0105czenie technologii, jako\u015bci wykonania, niemieckiej precyzji i designu, kt\u00f3re spe\u0142nia najwy\u017csze wymagania sprawiaj\u0105c, \u017ce praca z PureLine to absolutna przyjemno\u015b\u0107.<\/p><p>Szkolenia prowadzone s\u0105 przez naszego do\u015bwiadczonego szkoleniowca Pani\u0105 Katarzyn\u0119 Wo\u017aniak, kt\u00f3ra od lat czerpie do\u015bwiadczenia z rynku mi\u0119dzynarodowego.<\/p><p>\u00a0<\/p><p>Jej indywidualne podej\u015bcie do kursanta powoduje i\u017c, ka\u017cda osoba ko\u0144cz\u0105ca nasz kurs jest w stanie od razu by\u0107 fachowcem w tej pi\u0119knej i ciekawej dziedzinie.<\/p><p>Kluczem do precyzyjnie wykonanej mikropigmentacji nie jest ani czas ani pr\u0119dko\u015b\u0107 tylko personalne zadowolenie i bezpiecze\u0144stwo klienta, kt\u00f3re mo\u017cliwe jest do osi\u0105gni\u0119cia dzi\u0119ki urz\u0105dzeniom PureLine.<\/p><p>Zapraszamy do wsp\u00f3\u0142pracy!<\/p>\t\t\t\t\t\t<\/div>\n\t\t\t\t<\/div>\n\t\t\t\t\t<\/div>\n\t\t<\/div>\n\t\t\t\t\t<\/div>\n\t\t<\/section>\n\t\t\t\t\t<\/div>\n\t\t<\/div>\n\t\t\t\t\t<\/div>\n\t\t<\/section>\n\t\t\t\t<section class=\"elementor-section elementor-top-section elementor-element elementor-element-730e149 elementor-section-boxed elementor-section-height-default elementor-section-height-default\" data-id=\"730e149\" data-element_type=\"section\">\n\t\t\t\t\t\t<div class=\"elementor-container elementor-column-gap-default\">\n\t\t\t\t\t<div class=\"elementor-column elementor-col-100 elementor-top-column elementor-element elementor-element-92bf7fe\" data-id=\"92bf7fe\" data-element_type=\"column\">\n\t\t\t<div class=\"elementor-widget-wrap elementor-element-populated\">\n\t\t\t\t\t\t<div class=\"elementor-element elementor-element-d2c4397 elementor-hidden-desktop elementor-widget elementor-widget-image\" data-id=\"d2c4397\" data-element_type=\"widget\" data-widget_type=\"image.default\">\n\t\t\t\t<div class=\"elementor-widget-container\">\n\t\t\t\t\t\t\t\t\t\t\t\t\t<img decoding=\"async\" src=\"https:\/\/pureline.com.pl\/wp-content\/uploads\/2021\/07\/IMG_4441.jpg\" title=\"\" alt=\"\" loading=\"lazy\" \/>\t\t\t\t\t\t\t\t\t\t\t\t\t<\/div>\n\t\t\t\t<\/div>\n\t\t\t\t<section class=\"elementor-section elementor-inner-section elementor-element elementor-element-a6716a4 elementor-hidden-desktop elementor-section-boxed elementor-section-height-default elementor-section-height-default\" data-id=\"a6716a4\" data-element_type=\"section\">\n\t\t\t\t\t\t<div class=\"elementor-container elementor-column-gap-default\">\n\t\t\t\t\t<div class=\"elementor-column elementor-col-50 elementor-inner-column elementor-element elementor-element-d12dc08\" data-id=\"d12dc08\" data-element_type=\"column\">\n\t\t\t<div class=\"elementor-widget-wrap elementor-element-populated\">\n\t\t\t\t\t\t<div class=\"elementor-element elementor-element-7c07f22 elementor-widget elementor-widget-text-editor\" data-id=\"7c07f22\" data-element_type=\"widget\" data-widget_type=\"text-editor.default\">\n\t\t\t\t<div class=\"elementor-widget-container\">\n\t\t\t\t\t\t\t<p style=\"font-family: Montserrat, sans-serif; font-size: 13px; font-style: normal; font-weight: 400;\">PureLine od lat jest mark\u0105 specjalizuj\u0105c\u0105 w sprzeda\u017cy\u00a0<a style=\"font-size: 13px; margin-bottom: 0px;\" href=\"https:\/\/pureline.com.pl\/kategoria-produktu\/urzadzenia\/\">urz\u0105dze\u0144 do makija\u017cu permanentnego<\/a>\u00a0, oraz szkoleniami w tej dziedzinie.<\/p><p style=\"font-family: Montserrat, sans-serif; font-size: 13px; font-style: normal; font-weight: 400;\">Przysz\u0142o\u015bciowy nowoczesny makija\u017c powinien tylko by\u0107 wyko\u0144czeniem naturalnego pi\u0119kna i podkre\u015bla\u0107 jego atuty.<\/p><p style=\"font-family: Montserrat, sans-serif; font-size: 13px; font-style: normal; font-weight: 400;\">Nasz\u0105 domen\u0105 jest wieloletnie do\u015bwiadczenie oraz sukcesywny rozw\u00f3j, kt\u00f3ry prowadzi do perfekcji.<\/p><p style=\"font-family: Montserrat, sans-serif; font-size: 13px; font-style: normal; font-weight: 400;\">Znajomo\u015b\u0107 mi\u0119dzynarodowego rynku kosmetycznego wykorzystujemy aby sprosta\u0107 najbardziej wymagaj\u0105cej klienteli i to dla nich indywidualnie dostosowa\u0107 optymaln\u0105 ofert\u0119.<\/p><p style=\"font-family: Montserrat, sans-serif; font-size: 13px; font-style: normal; font-weight: 400;\"><a style=\"font-size: 13px; margin-bottom: 0px;\" href=\"https:\/\/pureline.com.pl\/kategoria-produktu\/urzadzenia\/\">Urz\u0105dzenia\u00a0<\/a>kt\u00f3re pragniemy zaprezentowa\u0107 cechuje po\u0142\u0105czenie technologii, jako\u015bci wykonania, niemieckiej precyzji i designu, kt\u00f3re spe\u0142nia najwy\u017csze wymagania sprawiaj\u0105c, \u017ce praca z PureLine to absolutna przyjemno\u015b\u0107.<\/p>\t\t\t\t\t\t<\/div>\n\t\t\t\t<\/div>\n\t\t\t\t\t<\/div>\n\t\t<\/div>\n\t\t\t\t<div class=\"elementor-column elementor-col-50 elementor-inner-column elementor-element elementor-element-f3677e8\" data-id=\"f3677e8\" data-element_type=\"column\">\n\t\t\t<div class=\"elementor-widget-wrap elementor-element-populated\">\n\t\t\t\t\t\t<div class=\"elementor-element elementor-element-66f3586 elementor-widget elementor-widget-text-editor\" data-id=\"66f3586\" data-element_type=\"widget\" data-widget_type=\"text-editor.default\">\n\t\t\t\t<div class=\"elementor-widget-container\">\n\t\t\t\t\t\t\t<p style=\"font-family: Montserrat, sans-serif; font-size: 13px; font-style: normal; font-weight: 400;\">Szkolenia prowadzone s\u0105 przez naszego do\u015bwiadczonego szkoleniowca Pani\u0105 Katarzyn\u0119 Wo\u017aniak, kt\u00f3ra od lat czerpie do\u015bwiadczenia z rynku mi\u0119dzynarodowego.<\/p><p style=\"font-family: Montserrat, sans-serif; font-size: 13px; font-style: normal; font-weight: 400;\">Jej indywidualne podej\u015bcie do kursanta powoduje i\u017c, ka\u017cda osoba ko\u0144cz\u0105ca nasz kurs jest w stanie od razu by\u0107 fachowcem w tej pi\u0119knej i ciekawej dziedzinie.<\/p><p style=\"font-family: Montserrat, sans-serif; font-size: 13px; font-style: normal; font-weight: 400;\">Kluczem do precyzyjnie wykonanej mikropigmentacji nie jest ani czas ani pr\u0119dko\u015b\u0107 tylko personalne zadowolenie i bezpiecze\u0144stwo klienta, kt\u00f3re mo\u017cliwe jest do osi\u0105gni\u0119cia dzi\u0119ki urz\u0105dzeniom PureLine.<\/p><p style=\"margin-bottom: 0px; font-family: Montserrat, sans-serif; font-size: 13px; font-style: normal; font-weight: 400;\">Zapraszamy do wsp\u00f3\u0142pracy!<\/p>\t\t\t\t\t\t<\/div>\n\t\t\t\t<\/div>\n\t\t\t\t\t<\/div>\n\t\t<\/div>\n\t\t\t\t\t<\/div>\n\t\t<\/section>\n\t\t\t\t\t<\/div>\n\t\t<\/div>\n\t\t\t\t\t<\/div>\n\t\t<\/section>\n\t\t\t\t<\/div>\n\t\t","protected":false},"excerpt":{"rendered":"<p>PureLine od lat jest mark\u0105 specjalizuj\u0105c\u0105 w sprzeda\u017cy urz\u0105dze\u0144 do makija\u017cu permanentnego\u00a0, oraz szkoleniami w tej dziedzinie. Przysz\u0142o\u015bciowy nowoczesny makija\u017c powinien tylko by\u0107 wyko\u0144czeniem naturalnego pi\u0119kna i podkre\u015bla\u0107 jego atuty. Nasz\u0105 domen\u0105 jest wieloletnie do\u015bwiadczenie oraz sukcesywny rozw\u00f3j, kt\u00f3ry prowadzi do perfekcji. Znajomo\u015b\u0107 mi\u0119dzynarodowego rynku kosmetycznego wykorzystujemy aby sprosta\u0107 najbardziej wymagaj\u0105cej klienteli i to dla [&hellip;]<\/p>\n","protected":false},"author":1,"featured_media":0,"parent":0,"menu_order":0,"comment_status":"closed","ping_status":"closed","template":"elementor_theme","meta":{"_acf_changed":false,"footnotes":""},"class_list":["post-3729","page","type-page","status-publish","hentry"],"acf":[],"yoast_head":"<!-- This site is optimized with the Yoast SEO plugin v23.1 - https:\/\/yoast.com\/wordpress\/plugins\/seo\/ -->\n<title>O nas | PureLine<\/title>\n<meta name=\"description\" content=\"O nas | PureLine \u2764\ufe0f Najwy\u017csza jako\u015b\u0107 urz\u0105dze\u0144 do makija\u017cu permanentnego \u26a1 Szkolenia \u26a1 Wieloletnie do\u015bwiadczenie \u26a1 Zapraszamy do kontaktu!\" \/>\n<meta name=\"robots\" content=\"index, follow, max-snippet:-1, max-image-preview:large, max-video-preview:-1\" \/>\n<link rel=\"canonical\" href=\"https:\/\/pureline.com.pl\/index.php\/o-nas\/\" \/>\n<meta property=\"og:locale\" content=\"pl_PL\" \/>\n<meta property=\"og:type\" content=\"article\" \/>\n<meta property=\"og:title\" content=\"O nas | PureLine\" \/>\n<meta property=\"og:description\" content=\"O nas | PureLine \u2764\ufe0f Najwy\u017csza jako\u015b\u0107 urz\u0105dze\u0144 do makija\u017cu permanentnego \u26a1 Szkolenia \u26a1 Wieloletnie do\u015bwiadczenie \u26a1 Zapraszamy do kontaktu!\" \/>\n<meta property=\"og:url\" content=\"https:\/\/pureline.com.pl\/index.php\/o-nas\/\" \/>\n<meta property=\"og:site_name\" content=\"PureLine\" \/>\n<meta property=\"article:modified_time\" content=\"2023-01-20T16:01:24+00:00\" \/>\n<meta property=\"og:image\" content=\"https:\/\/pureline.com.pl\/wp-content\/uploads\/2021\/07\/IMG_4441-820x1024.jpg\" \/>\n<meta name=\"twitter:card\" content=\"summary_large_image\" \/>\n<meta name=\"twitter:label1\" content=\"Szacowany czas czytania\" \/>\n\t<meta name=\"twitter:data1\" content=\"3 minuty\" \/>\n<script type=\"application\/ld+json\" class=\"yoast-schema-graph\">{\"@context\":\"https:\/\/schema.org\",\"@graph\":[{\"@type\":\"WebPage\",\"@id\":\"https:\/\/pureline.com.pl\/index.php\/o-nas\/\",\"url\":\"https:\/\/pureline.com.pl\/index.php\/o-nas\/\",\"name\":\"O nas | PureLine\",\"isPartOf\":{\"@id\":\"https:\/\/pureline.com.pl\/#website\"},\"primaryImageOfPage\":{\"@id\":\"https:\/\/pureline.com.pl\/index.php\/o-nas\/#primaryimage\"},\"image\":{\"@id\":\"https:\/\/pureline.com.pl\/index.php\/o-nas\/#primaryimage\"},\"thumbnailUrl\":\"https:\/\/pureline.com.pl\/wp-content\/uploads\/2021\/07\/IMG_4441-820x1024.jpg\",\"datePublished\":\"2021-05-30T15:06:58+00:00\",\"dateModified\":\"2023-01-20T16:01:24+00:00\",\"description\":\"O nas | PureLine \u2764\ufe0f Najwy\u017csza jako\u015b\u0107 urz\u0105dze\u0144 do makija\u017cu permanentnego \u26a1 Szkolenia \u26a1 Wieloletnie do\u015bwiadczenie \u26a1 Zapraszamy do kontaktu!\",\"breadcrumb\":{\"@id\":\"https:\/\/pureline.com.pl\/index.php\/o-nas\/#breadcrumb\"},\"inLanguage\":\"pl-PL\",\"potentialAction\":[{\"@type\":\"ReadAction\",\"target\":[\"https:\/\/pureline.com.pl\/index.php\/o-nas\/\"]}]},{\"@type\":\"ImageObject\",\"inLanguage\":\"pl-PL\",\"@id\":\"https:\/\/pureline.com.pl\/index.php\/o-nas\/#primaryimage\",\"url\":\"https:\/\/pureline.com.pl\/wp-content\/uploads\/2021\/07\/IMG_4441.jpg\",\"contentUrl\":\"https:\/\/pureline.com.pl\/wp-content\/uploads\/2021\/07\/IMG_4441.jpg\",\"width\":1701,\"height\":2123,\"caption\":\"Instruktorzy Pureline\"},{\"@type\":\"BreadcrumbList\",\"@id\":\"https:\/\/pureline.com.pl\/index.php\/o-nas\/#breadcrumb\",\"itemListElement\":[{\"@type\":\"ListItem\",\"position\":1,\"name\":\"Strona g\u0142\u00f3wna\",\"item\":\"https:\/\/pureline.com.pl\/\"},{\"@type\":\"ListItem\",\"position\":2,\"name\":\"O nas\"}]},{\"@type\":\"WebSite\",\"@id\":\"https:\/\/pureline.com.pl\/#website\",\"url\":\"https:\/\/pureline.com.pl\/\",\"name\":\"PureLine\",\"description\":\"\",\"potentialAction\":[{\"@type\":\"SearchAction\",\"target\":{\"@type\":\"EntryPoint\",\"urlTemplate\":\"https:\/\/pureline.com.pl\/?s={search_term_string}\"},\"query-input\":\"required name=search_term_string\"}],\"inLanguage\":\"pl-PL\"}]}<\/script>\n<!-- \/ Yoast SEO plugin. -->","yoast_head_json":{"title":"O nas | PureLine","description":"O nas | PureLine \u2764\ufe0f Najwy\u017csza jako\u015b\u0107 urz\u0105dze\u0144 do makija\u017cu permanentnego \u26a1 Szkolenia \u26a1 Wieloletnie do\u015bwiadczenie \u26a1 Zapraszamy do kontaktu!","robots":{"index":"index","follow":"follow","max-snippet":"max-snippet:-1","max-image-preview":"max-image-preview:large","max-video-preview":"max-video-preview:-1"},"canonical":"https:\/\/pureline.com.pl\/index.php\/o-nas\/","og_locale":"pl_PL","og_type":"article","og_title":"O nas | PureLine","og_description":"O nas | PureLine \u2764\ufe0f Najwy\u017csza jako\u015b\u0107 urz\u0105dze\u0144 do makija\u017cu permanentnego \u26a1 Szkolenia \u26a1 Wieloletnie do\u015bwiadczenie \u26a1 Zapraszamy do kontaktu!","og_url":"https:\/\/pureline.com.pl\/index.php\/o-nas\/","og_site_name":"PureLine","article_modified_time":"2023-01-20T16:01:24+00:00","og_image":[{"url":"https:\/\/pureline.com.pl\/wp-content\/uploads\/2021\/07\/IMG_4441-820x1024.jpg"}],"twitter_card":"summary_large_image","twitter_misc":{"Szacowany czas czytania":"3 minuty"},"schema":{"@context":"https:\/\/schema.org","@graph":[{"@type":"WebPage","@id":"https:\/\/pureline.com.pl\/index.php\/o-nas\/","url":"https:\/\/pureline.com.pl\/index.php\/o-nas\/","name":"O nas | PureLine","isPartOf":{"@id":"https:\/\/pureline.com.pl\/#website"},"primaryImageOfPage":{"@id":"https:\/\/pureline.com.pl\/index.php\/o-nas\/#primaryimage"},"image":{"@id":"https:\/\/pureline.com.pl\/index.php\/o-nas\/#primaryimage"},"thumbnailUrl":"https:\/\/pureline.com.pl\/wp-content\/uploads\/2021\/07\/IMG_4441-820x1024.jpg","datePublished":"2021-05-30T15:06:58+00:00","dateModified":"2023-01-20T16:01:24+00:00","description":"O nas | PureLine \u2764\ufe0f Najwy\u017csza jako\u015b\u0107 urz\u0105dze\u0144 do makija\u017cu permanentnego \u26a1 Szkolenia \u26a1 Wieloletnie do\u015bwiadczenie \u26a1 Zapraszamy do kontaktu!","breadcrumb":{"@id":"https:\/\/pureline.com.pl\/index.php\/o-nas\/#breadcrumb"},"inLanguage":"pl-PL","potentialAction":[{"@type":"ReadAction","target":["https:\/\/pureline.com.pl\/index.php\/o-nas\/"]}]},{"@type":"ImageObject","inLanguage":"pl-PL","@id":"https:\/\/pureline.com.pl\/index.php\/o-nas\/#primaryimage","url":"https:\/\/pureline.com.pl\/wp-content\/uploads\/2021\/07\/IMG_4441.jpg","contentUrl":"https:\/\/pureline.com.pl\/wp-content\/uploads\/2021\/07\/IMG_4441.jpg","width":1701,"height":2123,"caption":"Instruktorzy Pureline"},{"@type":"BreadcrumbList","@id":"https:\/\/pureline.com.pl\/index.php\/o-nas\/#breadcrumb","itemListElement":[{"@type":"ListItem","position":1,"name":"Strona g\u0142\u00f3wna","item":"https:\/\/pureline.com.pl\/"},{"@type":"ListItem","position":2,"name":"O nas"}]},{"@type":"WebSite","@id":"https:\/\/pureline.com.pl\/#website","url":"https:\/\/pureline.com.pl\/","name":"PureLine","description":"","potentialAction":[{"@type":"SearchAction","target":{"@type":"EntryPoint","urlTemplate":"https:\/\/pureline.com.pl\/?s={search_term_string}"},"query-input":"required name=search_term_string"}],"inLanguage":"pl-PL"}]}},"_links":{"self":[{"href":"https:\/\/pureline.com.pl\/index.php\/wp-json\/wp\/v2\/pages\/3729","targetHints":{"allow":["GET"]}}],"collection":[{"href":"https:\/\/pureline.com.pl\/index.php\/wp-json\/wp\/v2\/pages"}],"about":[{"href":"https:\/\/pureline.com.pl\/index.php\/wp-json\/wp\/v2\/types\/page"}],"author":[{"embeddable":true,"href":"https:\/\/pureline.com.pl\/index.php\/wp-json\/wp\/v2\/users\/1"}],"replies":[{"embeddable":true,"href":"https:\/\/pureline.com.pl\/index.php\/wp-json\/wp\/v2\/comments?post=3729"}],"version-history":[{"count":17,"href":"https:\/\/pureline.com.pl\/index.php\/wp-json\/wp\/v2\/pages\/3729\/revisions"}],"predecessor-version":[{"id":5748,"href":"https:\/\/pureline.com.pl\/index.php\/wp-json\/wp\/v2\/pages\/3729\/revisions\/5748"}],"wp:attachment":[{"href":"https:\/\/pureline.com.pl\/index.php\/wp-json\/wp\/v2\/media?parent=3729"}],"curies":[{"name":"wp","href":"https:\/\/api.w.org\/{rel}","templated":true}]}}