{"id":2602,"date":"2019-08-05T08:24:21","date_gmt":"2019-08-05T06:24:21","guid":{"rendered":"http:\/\/pureline2.dkonto.pl\/cart-2\/"},"modified":"2021-06-02T00:02:13","modified_gmt":"2021-06-01T22:02:13","slug":"koszyk","status":"publish","type":"page","link":"https:\/\/pureline.com.pl\/index.php\/koszyk\/","title":{"rendered":"Koszyk"},"content":{"rendered":"","protected":false},"excerpt":{"rendered":"","protected":false},"author":1,"featured_media":0,"parent":0,"menu_order":0,"comment_status":"closed","ping_status":"closed","template":"","meta":{"_acf_changed":false,"footnotes":""},"class_list":["post-2602","page","type-page","status-publish","hentry"],"acf":[],"yoast_head":"<!-- This site is optimized with the Yoast SEO plugin v23.1 - https:\/\/yoast.com\/wordpress\/plugins\/seo\/ -->\n<title>Koszyk | PureLine<\/title>\n<meta name=\"description\" content=\"Koszyk | PureLine \u2764\ufe0f Najwy\u017csza jako\u015b\u0107 urz\u0105dze\u0144 do makija\u017cu permanentnego \u26a1 Szkolenia \u26a1 Wieloletnie do\u015bwiadczenie \u26a1 Zapraszamy do kontaktu!\" \/>\n<meta name=\"robots\" content=\"index, follow, max-snippet:-1, max-image-preview:large, max-video-preview:-1\" \/>\n<link rel=\"canonical\" href=\"https:\/\/pureline.com.pl\/index.php\/koszyk\/\" \/>\n<meta property=\"og:locale\" content=\"pl_PL\" \/>\n<meta property=\"og:type\" content=\"article\" \/>\n<meta property=\"og:title\" content=\"Koszyk | PureLine\" \/>\n<meta property=\"og:description\" content=\"Koszyk | PureLine \u2764\ufe0f Najwy\u017csza jako\u015b\u0107 urz\u0105dze\u0144 do makija\u017cu permanentnego \u26a1 Szkolenia \u26a1 Wieloletnie do\u015bwiadczenie \u26a1 Zapraszamy do kontaktu!\" \/>\n<meta property=\"og:url\" content=\"https:\/\/pureline.com.pl\/index.php\/koszyk\/\" \/>\n<meta property=\"og:site_name\" content=\"PureLine\" \/>\n<meta property=\"article:modified_time\" content=\"2021-06-01T22:02:13+00:00\" \/>\n<meta name=\"twitter:card\" content=\"summary_large_image\" \/>\n<script type=\"application\/ld+json\" class=\"yoast-schema-graph\">{\"@context\":\"https:\/\/schema.org\",\"@graph\":[{\"@type\":\"WebPage\",\"@id\":\"https:\/\/pureline.com.pl\/index.php\/koszyk\/\",\"url\":\"https:\/\/pureline.com.pl\/index.php\/koszyk\/\",\"name\":\"Koszyk | PureLine\",\"isPartOf\":{\"@id\":\"https:\/\/pureline.com.pl\/#website\"},\"datePublished\":\"2019-08-05T06:24:21+00:00\",\"dateModified\":\"2021-06-01T22:02:13+00:00\",\"description\":\"Koszyk | PureLine \u2764\ufe0f Najwy\u017csza jako\u015b\u0107 urz\u0105dze\u0144 do makija\u017cu permanentnego \u26a1 Szkolenia \u26a1 Wieloletnie do\u015bwiadczenie \u26a1 Zapraszamy do kontaktu!\",\"breadcrumb\":{\"@id\":\"https:\/\/pureline.com.pl\/index.php\/koszyk\/#breadcrumb\"},\"inLanguage\":\"pl-PL\",\"potentialAction\":[{\"@type\":\"ReadAction\",\"target\":[\"https:\/\/pureline.com.pl\/index.php\/koszyk\/\"]}]},{\"@type\":\"BreadcrumbList\",\"@id\":\"https:\/\/pureline.com.pl\/index.php\/koszyk\/#breadcrumb\",\"itemListElement\":[{\"@type\":\"ListItem\",\"position\":1,\"name\":\"Strona g\u0142\u00f3wna\",\"item\":\"https:\/\/pureline.com.pl\/\"},{\"@type\":\"ListItem\",\"position\":2,\"name\":\"Koszyk\"}]},{\"@type\":\"WebSite\",\"@id\":\"https:\/\/pureline.com.pl\/#website\",\"url\":\"https:\/\/pureline.com.pl\/\",\"name\":\"PureLine\",\"description\":\"\",\"potentialAction\":[{\"@type\":\"SearchAction\",\"target\":{\"@type\":\"EntryPoint\",\"urlTemplate\":\"https:\/\/pureline.com.pl\/?s={search_term_string}\"},\"query-input\":\"required name=search_term_string\"}],\"inLanguage\":\"pl-PL\"}]}<\/script>\n<!-- \/ Yoast SEO plugin. -->","yoast_head_json":{"title":"Koszyk | PureLine","description":"Koszyk | PureLine \u2764\ufe0f Najwy\u017csza jako\u015b\u0107 urz\u0105dze\u0144 do makija\u017cu permanentnego \u26a1 Szkolenia \u26a1 Wieloletnie do\u015bwiadczenie \u26a1 Zapraszamy do kontaktu!","robots":{"index":"index","follow":"follow","max-snippet":"max-snippet:-1","max-image-preview":"max-image-preview:large","max-video-preview":"max-video-preview:-1"},"canonical":"https:\/\/pureline.com.pl\/index.php\/koszyk\/","og_locale":"pl_PL","og_type":"article","og_title":"Koszyk | PureLine","og_description":"Koszyk | PureLine \u2764\ufe0f Najwy\u017csza jako\u015b\u0107 urz\u0105dze\u0144 do makija\u017cu permanentnego \u26a1 Szkolenia \u26a1 Wieloletnie do\u015bwiadczenie \u26a1 Zapraszamy do kontaktu!","og_url":"https:\/\/pureline.com.pl\/index.php\/koszyk\/","og_site_name":"PureLine","article_modified_time":"2021-06-01T22:02:13+00:00","twitter_card":"summary_large_image","schema":{"@context":"https:\/\/schema.org","@graph":[{"@type":"WebPage","@id":"https:\/\/pureline.com.pl\/index.php\/koszyk\/","url":"https:\/\/pureline.com.pl\/index.php\/koszyk\/","name":"Koszyk | PureLine","isPartOf":{"@id":"https:\/\/pureline.com.pl\/#website"},"datePublished":"2019-08-05T06:24:21+00:00","dateModified":"2021-06-01T22:02:13+00:00","description":"Koszyk | PureLine \u2764\ufe0f Najwy\u017csza jako\u015b\u0107 urz\u0105dze\u0144 do makija\u017cu permanentnego \u26a1 Szkolenia \u26a1 Wieloletnie do\u015bwiadczenie \u26a1 Zapraszamy do kontaktu!","breadcrumb":{"@id":"https:\/\/pureline.com.pl\/index.php\/koszyk\/#breadcrumb"},"inLanguage":"pl-PL","potentialAction":[{"@type":"ReadAction","target":["https:\/\/pureline.com.pl\/index.php\/koszyk\/"]}]},{"@type":"BreadcrumbList","@id":"https:\/\/pureline.com.pl\/index.php\/koszyk\/#breadcrumb","itemListElement":[{"@type":"ListItem","position":1,"name":"Strona g\u0142\u00f3wna","item":"https:\/\/pureline.com.pl\/"},{"@type":"ListItem","position":2,"name":"Koszyk"}]},{"@type":"WebSite","@id":"https:\/\/pureline.com.pl\/#website","url":"https:\/\/pureline.com.pl\/","name":"PureLine","description":"","potentialAction":[{"@type":"SearchAction","target":{"@type":"EntryPoint","urlTemplate":"https:\/\/pureline.com.pl\/?s={search_term_string}"},"query-input":"required name=search_term_string"}],"inLanguage":"pl-PL"}]}},"_links":{"self":[{"href":"https:\/\/pureline.com.pl\/index.php\/wp-json\/wp\/v2\/pages\/2602","targetHints":{"allow":["GET"]}}],"collection":[{"href":"https:\/\/pureline.com.pl\/index.php\/wp-json\/wp\/v2\/pages"}],"about":[{"href":"https:\/\/pureline.com.pl\/index.php\/wp-json\/wp\/v2\/types\/page"}],"author":[{"embeddable":true,"href":"https:\/\/pureline.com.pl\/index.php\/wp-json\/wp\/v2\/users\/1"}],"replies":[{"embeddable":true,"href":"https:\/\/pureline.com.pl\/index.php\/wp-json\/wp\/v2\/comments?post=2602"}],"version-history":[{"count":1,"href":"https:\/\/pureline.com.pl\/index.php\/wp-json\/wp\/v2\/pages\/2602\/revisions"}],"predecessor-version":[{"id":3771,"href":"https:\/\/pureline.com.pl\/index.php\/wp-json\/wp\/v2\/pages\/2602\/revisions\/3771"}],"wp:attachment":[{"href":"https:\/\/pureline.com.pl\/index.php\/wp-json\/wp\/v2\/media?parent=2602"}],"curies":[{"name":"wp","href":"https:\/\/api.w.org\/{rel}","templated":true}]}}